{"id":21332,"date":"2019-03-07T10:27:06","date_gmt":"2019-03-07T09:27:06","guid":{"rendered":"https:\/\/sex9.de\/shop\/impressum\/"},"modified":"2025-03-25T18:17:40","modified_gmt":"2025-03-25T17:17:40","slug":"impressum","status":"publish","type":"page","link":"https:\/\/sex60.de\/shop\/impressum\/","title":{"rendered":"Impressum"},"content":{"rendered":"<div class=\"woocommerce woocommerce-gzd woocommerce-gzd-complaints-shortcode\">\n\t\t\t<h3>Alternative Streitbeilegung gem\u00e4\u00df Art. 14 Abs. 1 ODR-VO und \u00a7 36 VSBG:<\/h3>\n\t\n<p>Die Europ\u00e4ische Kommission stellt eine Plattform zur Online-Streitbeilegung (OS) bereit, die du unter <a href=\"https:\/\/ec.europa.eu\/consumers\/odr\" target=\"_blank\" rel=\"noopener\">https:\/\/ec.europa.eu\/consumers\/odr<\/a> findest. Zur Teilnahme an einem Streitbeilegungsverfahren vor einer Verbraucherschlichtungsstelle sind wir nicht verpflichtet und nicht bereit.<\/p>\n<\/div>\n<p><strong>Rogamarkt UG (Haftungsbeschr\u00e4nkt)<br \/>Lungstra\u00dfe 3<br \/>81549 M\u00fcnchen<br \/>Deutschland<br \/>Telefon: 01735744598<br \/>E-Mail: info@rogamarkt.com<\/strong><\/p>\n<p><strong>Registergericht: M\u00fcnchen<br \/>Registernummer: HRB 224214<\/strong><\/p>\n<p>Gesch\u00e4ftsf\u00fchrer: Kariofillis Kotoglou<\/p>\n<p>Umsatzsteuer-Identifikationsnummer gem\u00e4\u00df \u00a727 a Umsatzsteuergesetz:\u00a0DE305561212<\/p>\n","protected":false},"excerpt":{"rendered":"<p>Rogamarkt UG (Haftungsbeschr\u00e4nkt)Lungstra\u00dfe 381549 M\u00fcnchenDeutschlandTelefon: 01735744598E-Mail: info@rogamarkt.com Registergericht: M\u00fcnchenRegisternummer: HRB 224214 Gesch\u00e4ftsf\u00fchrer: Kariofillis Kotoglou Umsatzsteuer-Identifikationsnummer gem\u00e4\u00df \u00a727 a Umsatzsteuergesetz:\u00a0DE305561212<\/p>\n","protected":false},"author":2,"featured_media":0,"parent":0,"menu_order":0,"comment_status":"closed","ping_status":"closed","template":"","meta":{"two_page_speed":{"previous_score":{"desktop_score":99,"desktop_tti":"0.8\u00a0","mobile_score":85,"mobile_tti":"3.4\u00a0","date":"19.12.2024 06:18:24 pm","status":"completed"},"current_score":{"desktop_score":95,"desktop_tti":"0.5\u00a0","mobile_score":98,"mobile_tti":"1.8\u00a0","date":"19.12.2024 06:19:07 pm","status":"error_no_score"}},"footnotes":""},"class_list":["post-21332","page","type-page","status-publish","hentry"],"_links":{"self":[{"href":"https:\/\/sex60.de\/shop\/wp-json\/wp\/v2\/pages\/21332","targetHints":{"allow":["GET"]}}],"collection":[{"href":"https:\/\/sex60.de\/shop\/wp-json\/wp\/v2\/pages"}],"about":[{"href":"https:\/\/sex60.de\/shop\/wp-json\/wp\/v2\/types\/page"}],"author":[{"embeddable":true,"href":"https:\/\/sex60.de\/shop\/wp-json\/wp\/v2\/users\/2"}],"replies":[{"embeddable":true,"href":"https:\/\/sex60.de\/shop\/wp-json\/wp\/v2\/comments?post=21332"}],"version-history":[{"count":1,"href":"https:\/\/sex60.de\/shop\/wp-json\/wp\/v2\/pages\/21332\/revisions"}],"predecessor-version":[{"id":94836,"href":"https:\/\/sex60.de\/shop\/wp-json\/wp\/v2\/pages\/21332\/revisions\/94836"}],"wp:attachment":[{"href":"https:\/\/sex60.de\/shop\/wp-json\/wp\/v2\/media?parent=21332"}],"curies":[{"name":"wp","href":"https:\/\/api.w.org\/{rel}","templated":true}]}}