{"id":100052,"date":"2025-01-11T20:06:02","date_gmt":"2025-01-11T19:06:02","guid":{"rendered":"https:\/\/sex60.de\/shop\/produkt\/pretty-love-smart-franklin-huevo-vibrador\/"},"modified":"2025-01-11T20:06:02","modified_gmt":"2025-01-11T19:06:02","slug":"pretty-love-smart-franklin-huevo-vibrador","status":"publish","type":"product","link":"https:\/\/sex60.de\/shop\/produkt\/pretty-love-smart-franklin-huevo-vibrador\/","title":{"rendered":"PRETTY LOVE SMART &#8211; FRANKLIN HUEVO VIBRADOR"},"content":{"rendered":"<p>Dieses vibrierende Ei besteht aus k\u00f6rperfreundlichem Silikon und verf\u00fcgt \u00fcber 12 verschiedene Vibrationsfunktionen. Es ist perfekt f\u00fcr Solo-Nervenkitzel und Paarspiele.<\/p>\n<p> Geben Sie es Ihrem Partner und lassen Sie ihn bestimmen, welche der 12 Vibrationseinstellungen Sie erhalten. G\u00f6nnen Sie sich gleichm\u00e4\u00dfige Geschwindigkeiten und anregende Muster, w\u00e4hrend Sie zu einem kraftvollen Orgasmus gebracht werden! F\u00fcr Unterwasserabenteuer sowie an Land ist dieses vibrierende Liebesei auch wasserdicht.<\/p>\n<p> Eigenschaften:<\/p>\n<ul>\n<li> 12 Funktionen der Vibration<\/li>\n<li> USB wiederaufladbar<\/li>\n<li> Premium Silikon<\/li>\n<li> Wasserdicht<\/li>\n<li> Ma\u00dfe: Siehe Bild<\/li>\n<\/ul>\n<p> Pretty Love stellt Produkte mit hohen Qualit\u00e4tsstandards her. Alle Produkte werden in den USA entwickelt und haben 1 Jahr Garantie auf technische M\u00e4ngel. Das Vergn\u00fcgen ist garantiert!<\/p>\n","protected":false},"excerpt":{"rendered":"<p>Dieses vibrierende Ei besteht aus k\u00f6rperfreundlichem Silikon und verf\u00fcgt \u00fcber 12 verschiedene Vibrationsfunktionen. Es ist perfekt f\u00fcr Solo-Nervenkitzel und Paarspiele. Geben Sie es Ihrem Partner und lassen Sie ihn bestimmen, welche der 12 Vibrationseinstellungen Sie erhalten. G\u00f6nnen Sie sich gleichm\u00e4\u00dfige <a href=\"https:\/\/sex60.de\/shop\/produkt\/pretty-love-smart-franklin-huevo-vibrador\/\"> Read more&#8230;<\/a><\/p>\n","protected":false},"featured_media":94865,"comment_status":"closed","ping_status":"open","template":"","meta":[],"product_brand":[],"product_cat":[1080],"product_tag":[],"class_list":{"0":"post-100052","1":"product","2":"type-product","3":"status-publish","4":"has-post-thumbnail","6":"product_cat-sexspielzeug-xxx","8":"first","9":"instock","10":"taxable","11":"shipping-taxable","12":"purchasable","13":"product-type-simple"},"_links":{"self":[{"href":"https:\/\/sex60.de\/shop\/wp-json\/wp\/v2\/product\/100052","targetHints":{"allow":["GET"]}}],"collection":[{"href":"https:\/\/sex60.de\/shop\/wp-json\/wp\/v2\/product"}],"about":[{"href":"https:\/\/sex60.de\/shop\/wp-json\/wp\/v2\/types\/product"}],"replies":[{"embeddable":true,"href":"https:\/\/sex60.de\/shop\/wp-json\/wp\/v2\/comments?post=100052"}],"wp:featuredmedia":[{"embeddable":true,"href":"https:\/\/sex60.de\/shop\/wp-json\/wp\/v2\/media\/94865"}],"wp:attachment":[{"href":"https:\/\/sex60.de\/shop\/wp-json\/wp\/v2\/media?parent=100052"}],"wp:term":[{"taxonomy":"product_brand","embeddable":true,"href":"https:\/\/sex60.de\/shop\/wp-json\/wp\/v2\/product_brand?post=100052"},{"taxonomy":"product_cat","embeddable":true,"href":"https:\/\/sex60.de\/shop\/wp-json\/wp\/v2\/product_cat?post=100052"},{"taxonomy":"product_tag","embeddable":true,"href":"https:\/\/sex60.de\/shop\/wp-json\/wp\/v2\/product_tag?post=100052"}],"curies":[{"name":"wp","href":"https:\/\/api.w.org\/{rel}","templated":true}]}}