{"id":100055,"date":"2025-01-11T20:06:05","date_gmt":"2025-01-11T19:06:05","guid":{"rendered":"https:\/\/sex60.de\/shop\/produkt\/lilac-thimble-set\/"},"modified":"2025-01-11T20:06:05","modified_gmt":"2025-01-11T19:06:05","slug":"lilac-thimble-set","status":"publish","type":"product","link":"https:\/\/sex60.de\/shop\/produkt\/lilac-thimble-set\/","title":{"rendered":"LILAC THIMBLE SET"},"content":{"rendered":"<p> Set aus zwei lila Fingerabdeckungen mit einer Oberfl\u00e4che voller stimulierender Punkte aus weicher Gelatine, besonders geeignet f\u00fcr weibliche Masturbation. <\/p>\n<ul>\n<li> Sie k\u00f6nnen auch im Vorspiel f\u00fcr den sexuellen Akt verwendet werden, um die Frau auf das Liebesspiel vorzubereiten, da die weichen Vorspr\u00fcnge dieser Fingerh\u00fcte die perfekte Erg\u00e4nzung sind, um die Klitoris und Vagina Ihres Partners zu stimulieren und einen viel angenehmeren Orgasmus zu erreichen st\u00e4rker als gew\u00f6hnlich. <\/li>\n<li> Sie k\u00f6nnen auf d\u00fcnne Vibratoren gelegt werden. <\/li>\n<li> Sehr n\u00fctzlich f\u00fcr die anale Initiation, da nichts empfindlicher ist als Ihr eigener Finger. <\/li>\n<\/ul>\n<p> Sevencreations wurde 2002 gegr\u00fcndet, um Millionen von Menschen auf der Welt zufrieden zu stellen. Die als solides Unternehmen etablierte Marke stellt t\u00e4glich fast 1 Million Spielzeuge zu einem Preis her, der an das Publikum aller Kaufkr\u00e4fte und Menschen angepasst ist, die auf der Welt anfangen des Sexspielzeugs. <\/p>\n","protected":false},"excerpt":{"rendered":"<p>Set aus zwei lila Fingerabdeckungen mit einer Oberfl\u00e4che voller stimulierender Punkte aus weicher Gelatine, besonders geeignet f\u00fcr weibliche Masturbation. Sie k\u00f6nnen auch im Vorspiel f\u00fcr den sexuellen Akt verwendet werden, um die Frau auf das Liebesspiel vorzubereiten, da die weichen <a href=\"https:\/\/sex60.de\/shop\/produkt\/lilac-thimble-set\/\"> Read more&#8230;<\/a><\/p>\n","protected":false},"featured_media":94889,"comment_status":"closed","ping_status":"open","template":"","meta":[],"product_brand":[],"product_cat":[1080,1081,1082],"product_tag":[],"class_list":{"0":"post-100055","1":"product","2":"type-product","3":"status-publish","4":"has-post-thumbnail","6":"product_cat-sexspielzeug-xxx","7":"product_cat-spielzeug-fuer-frauen","8":"product_cat-stimulatoren","10":"first","11":"instock","12":"taxable","13":"shipping-taxable","14":"purchasable","15":"product-type-simple"},"_links":{"self":[{"href":"https:\/\/sex60.de\/shop\/wp-json\/wp\/v2\/product\/100055","targetHints":{"allow":["GET"]}}],"collection":[{"href":"https:\/\/sex60.de\/shop\/wp-json\/wp\/v2\/product"}],"about":[{"href":"https:\/\/sex60.de\/shop\/wp-json\/wp\/v2\/types\/product"}],"replies":[{"embeddable":true,"href":"https:\/\/sex60.de\/shop\/wp-json\/wp\/v2\/comments?post=100055"}],"wp:featuredmedia":[{"embeddable":true,"href":"https:\/\/sex60.de\/shop\/wp-json\/wp\/v2\/media\/94889"}],"wp:attachment":[{"href":"https:\/\/sex60.de\/shop\/wp-json\/wp\/v2\/media?parent=100055"}],"wp:term":[{"taxonomy":"product_brand","embeddable":true,"href":"https:\/\/sex60.de\/shop\/wp-json\/wp\/v2\/product_brand?post=100055"},{"taxonomy":"product_cat","embeddable":true,"href":"https:\/\/sex60.de\/shop\/wp-json\/wp\/v2\/product_cat?post=100055"},{"taxonomy":"product_tag","embeddable":true,"href":"https:\/\/sex60.de\/shop\/wp-json\/wp\/v2\/product_tag?post=100055"}],"curies":[{"name":"wp","href":"https:\/\/api.w.org\/{rel}","templated":true}]}}