{"id":100057,"date":"2025-01-11T20:06:06","date_gmt":"2025-01-11T19:06:06","guid":{"rendered":"https:\/\/sex60.de\/shop\/produkt\/siebenkreationen-aus-drei-penisringen-lilac\/"},"modified":"2025-01-11T20:06:07","modified_gmt":"2025-01-11T19:06:07","slug":"siebenkreationen-aus-drei-penisringen-lilac","status":"publish","type":"product","link":"https:\/\/sex60.de\/shop\/produkt\/siebenkreationen-aus-drei-penisringen-lilac\/","title":{"rendered":"SIEBENKREATIONEN AUS DREI PENISRINGEN LILAC"},"content":{"rendered":"<p> Kit mit drei Silikonringen unterschiedlicher Gr\u00f6\u00dfe, die sich an jede Penisgr\u00f6\u00dfe anpassen und mit denen Sie Ihre Erektion viel l\u00e4nger anhalten k\u00f6nnen, da Sie mit den Ringen die Ejakulation verz\u00f6gern und Ihren Penis viel l\u00e4nger aufrecht halten k\u00f6nnen. <\/p>\n<ul>\n<li> Die Ringe k\u00f6nnen einzeln oder in Kombination miteinander verwendet werden. <\/li>\n<li> Die Gr\u00f6\u00dfe der Ringe betr\u00e4gt 21 mm, 23 mm und 24 mm <\/li>\n<\/ul>\n<p> Sevencreations wurde 2002 gegr\u00fcndet, um Millionen von Menschen auf der Welt zufrieden zu stellen. Die als solides Unternehmen etablierte Marke stellt t\u00e4glich fast 1 Million Spielzeuge zu einem Preis her, der an das Publikum aller Kaufkr\u00e4fte und Menschen angepasst ist, die auf der Welt anfangen des Sexspielzeugs. <\/p>\n","protected":false},"excerpt":{"rendered":"<p>Kit mit drei Silikonringen unterschiedlicher Gr\u00f6\u00dfe, die sich an jede Penisgr\u00f6\u00dfe anpassen und mit denen Sie Ihre Erektion viel l\u00e4nger anhalten k\u00f6nnen, da Sie mit den Ringen die Ejakulation verz\u00f6gern und Ihren Penis viel l\u00e4nger aufrecht halten k\u00f6nnen. Die Ringe <a href=\"https:\/\/sex60.de\/shop\/produkt\/siebenkreationen-aus-drei-penisringen-lilac\/\"> Read more&#8230;<\/a><\/p>\n","protected":false},"featured_media":94895,"comment_status":"closed","ping_status":"open","template":"","meta":[],"product_brand":[],"product_cat":[1080],"product_tag":[],"class_list":{"0":"post-100057","1":"product","2":"type-product","3":"status-publish","4":"has-post-thumbnail","6":"product_cat-sexspielzeug-xxx","8":"first","9":"instock","10":"taxable","11":"shipping-taxable","12":"purchasable","13":"product-type-simple"},"_links":{"self":[{"href":"https:\/\/sex60.de\/shop\/wp-json\/wp\/v2\/product\/100057","targetHints":{"allow":["GET"]}}],"collection":[{"href":"https:\/\/sex60.de\/shop\/wp-json\/wp\/v2\/product"}],"about":[{"href":"https:\/\/sex60.de\/shop\/wp-json\/wp\/v2\/types\/product"}],"replies":[{"embeddable":true,"href":"https:\/\/sex60.de\/shop\/wp-json\/wp\/v2\/comments?post=100057"}],"wp:featuredmedia":[{"embeddable":true,"href":"https:\/\/sex60.de\/shop\/wp-json\/wp\/v2\/media\/94895"}],"wp:attachment":[{"href":"https:\/\/sex60.de\/shop\/wp-json\/wp\/v2\/media?parent=100057"}],"wp:term":[{"taxonomy":"product_brand","embeddable":true,"href":"https:\/\/sex60.de\/shop\/wp-json\/wp\/v2\/product_brand?post=100057"},{"taxonomy":"product_cat","embeddable":true,"href":"https:\/\/sex60.de\/shop\/wp-json\/wp\/v2\/product_cat?post=100057"},{"taxonomy":"product_tag","embeddable":true,"href":"https:\/\/sex60.de\/shop\/wp-json\/wp\/v2\/product_tag?post=100057"}],"curies":[{"name":"wp","href":"https:\/\/api.w.org\/{rel}","templated":true}]}}