{"id":100058,"date":"2025-01-11T20:06:07","date_gmt":"2025-01-11T19:06:07","guid":{"rendered":"https:\/\/sex60.de\/shop\/produkt\/sevencreations-realistic-vibrator-penis\/"},"modified":"2025-01-11T20:06:08","modified_gmt":"2025-01-11T19:06:08","slug":"sevencreations-realistic-vibrator-penis","status":"publish","type":"product","link":"https:\/\/sex60.de\/shop\/produkt\/sevencreations-realistic-vibrator-penis\/","title":{"rendered":"SEVENCREATIONS REALISTIC VIBRATOR PENIS"},"content":{"rendered":"<p> Vibrierender Penis aus PVC, realistisch und mit einer v\u00f6llig menschlichen Note. <\/p>\n<ul>\n<li> Einf\u00fcgbare Ma\u00dfe: 19 cm x 4,5 cm. <\/li>\n<\/ul>\n<p> Es funktioniert mit 2 R6 \/ AA-Batterien, die Sie im Abschnitt Batterien finden. <\/p>\n<p> Sevencreations wurde 2002 gegr\u00fcndet, um Millionen von Menschen auf der Welt zufrieden zu stellen. Die als solides Unternehmen etablierte Marke stellt t\u00e4glich fast 1 Million Spielzeuge zu einem Preis her, der an das Publikum aller Kaufkr\u00e4fte und Menschen angepasst ist, die auf der Welt anfangen des Sexspielzeugs. <\/p>\n","protected":false},"excerpt":{"rendered":"<p>Vibrierender Penis aus PVC, realistisch und mit einer v\u00f6llig menschlichen Note. Einf\u00fcgbare Ma\u00dfe: 19 cm x 4,5 cm. Es funktioniert mit 2 R6 \/ AA-Batterien, die Sie im Abschnitt Batterien finden. Sevencreations wurde 2002 gegr\u00fcndet, um Millionen von Menschen auf <a href=\"https:\/\/sex60.de\/shop\/produkt\/sevencreations-realistic-vibrator-penis\/\"> Read more&#8230;<\/a><\/p>\n","protected":false},"featured_media":94898,"comment_status":"closed","ping_status":"open","template":"","meta":[],"product_brand":[],"product_cat":[1083,1084,1080],"product_tag":[],"class_list":{"0":"post-100058","1":"product","2":"type-product","3":"status-publish","4":"has-post-thumbnail","6":"product_cat-dildos","7":"product_cat-penes-realisticos","8":"product_cat-sexspielzeug-xxx","10":"first","11":"instock","12":"taxable","13":"shipping-taxable","14":"purchasable","15":"product-type-simple"},"_links":{"self":[{"href":"https:\/\/sex60.de\/shop\/wp-json\/wp\/v2\/product\/100058","targetHints":{"allow":["GET"]}}],"collection":[{"href":"https:\/\/sex60.de\/shop\/wp-json\/wp\/v2\/product"}],"about":[{"href":"https:\/\/sex60.de\/shop\/wp-json\/wp\/v2\/types\/product"}],"replies":[{"embeddable":true,"href":"https:\/\/sex60.de\/shop\/wp-json\/wp\/v2\/comments?post=100058"}],"wp:featuredmedia":[{"embeddable":true,"href":"https:\/\/sex60.de\/shop\/wp-json\/wp\/v2\/media\/94898"}],"wp:attachment":[{"href":"https:\/\/sex60.de\/shop\/wp-json\/wp\/v2\/media?parent=100058"}],"wp:term":[{"taxonomy":"product_brand","embeddable":true,"href":"https:\/\/sex60.de\/shop\/wp-json\/wp\/v2\/product_brand?post=100058"},{"taxonomy":"product_cat","embeddable":true,"href":"https:\/\/sex60.de\/shop\/wp-json\/wp\/v2\/product_cat?post=100058"},{"taxonomy":"product_tag","embeddable":true,"href":"https:\/\/sex60.de\/shop\/wp-json\/wp\/v2\/product_tag?post=100058"}],"curies":[{"name":"wp","href":"https:\/\/api.w.org\/{rel}","templated":true}]}}