{"id":100068,"date":"2025-01-11T20:06:15","date_gmt":"2025-01-11T19:06:15","guid":{"rendered":"https:\/\/sex60.de\/shop\/produkt\/sieben-kreationen-ryze-nippelpumpe\/"},"modified":"2025-01-11T20:06:15","modified_gmt":"2025-01-11T19:06:15","slug":"sieben-kreationen-ryze-nippelpumpe","status":"publish","type":"product","link":"https:\/\/sex60.de\/shop\/produkt\/sieben-kreationen-ryze-nippelpumpe\/","title":{"rendered":"SIEBEN KREATIONEN RYZE NIPPELPUMPE"},"content":{"rendered":"<ul>\n<li>7 Vibrationsmodi<\/li>\n<li> Automatische Saugnippelpumpe<\/li>\n<li> Notluftablassknopf f\u00fcr Nippelpumpe<\/li>\n<li> Wiederaufladbar<\/li>\n<li> 120 Minuten Ladezeit<\/li>\n<li> 60 min max. Spiel auf h\u00f6chstem Niveau<\/li>\n<li> 100 min max. Spielzeit auf niedrigster Stufe<\/li>\n<\/ul>\n<p> Spielzeuge von Seven Creations wurden entwickelt, um den K\u00f6rper zu stimulieren, den Geist zu faszinieren und die Erforschung neuer sexueller Abenteuer zu f\u00f6rdern.<\/p>\n","protected":false},"excerpt":{"rendered":"<p>7 Vibrationsmodi Automatische Saugnippelpumpe Notluftablassknopf f\u00fcr Nippelpumpe Wiederaufladbar 120 Minuten Ladezeit 60 min max. Spiel auf h\u00f6chstem Niveau 100 min max. Spielzeit auf niedrigster Stufe Spielzeuge von Seven Creations wurden entwickelt, um den K\u00f6rper zu stimulieren, den Geist zu faszinieren <a href=\"https:\/\/sex60.de\/shop\/produkt\/sieben-kreationen-ryze-nippelpumpe\/\"> Read more&#8230;<\/a><\/p>\n","protected":false},"featured_media":94943,"comment_status":"closed","ping_status":"open","template":"","meta":[],"product_brand":[],"product_cat":[1080],"product_tag":[],"class_list":{"0":"post-100068","1":"product","2":"type-product","3":"status-publish","4":"has-post-thumbnail","6":"product_cat-sexspielzeug-xxx","8":"first","9":"instock","10":"taxable","11":"shipping-taxable","12":"purchasable","13":"product-type-simple"},"_links":{"self":[{"href":"https:\/\/sex60.de\/shop\/wp-json\/wp\/v2\/product\/100068","targetHints":{"allow":["GET"]}}],"collection":[{"href":"https:\/\/sex60.de\/shop\/wp-json\/wp\/v2\/product"}],"about":[{"href":"https:\/\/sex60.de\/shop\/wp-json\/wp\/v2\/types\/product"}],"replies":[{"embeddable":true,"href":"https:\/\/sex60.de\/shop\/wp-json\/wp\/v2\/comments?post=100068"}],"wp:featuredmedia":[{"embeddable":true,"href":"https:\/\/sex60.de\/shop\/wp-json\/wp\/v2\/media\/94943"}],"wp:attachment":[{"href":"https:\/\/sex60.de\/shop\/wp-json\/wp\/v2\/media?parent=100068"}],"wp:term":[{"taxonomy":"product_brand","embeddable":true,"href":"https:\/\/sex60.de\/shop\/wp-json\/wp\/v2\/product_brand?post=100068"},{"taxonomy":"product_cat","embeddable":true,"href":"https:\/\/sex60.de\/shop\/wp-json\/wp\/v2\/product_cat?post=100068"},{"taxonomy":"product_tag","embeddable":true,"href":"https:\/\/sex60.de\/shop\/wp-json\/wp\/v2\/product_tag?post=100068"}],"curies":[{"name":"wp","href":"https:\/\/api.w.org\/{rel}","templated":true}]}}