{"id":100096,"date":"2025-01-11T20:06:40","date_gmt":"2025-01-11T19:06:40","guid":{"rendered":"https:\/\/sex60.de\/shop\/produkt\/fetish-fantasy-chains-of-love-bondage-kit\/"},"modified":"2025-01-11T20:06:41","modified_gmt":"2025-01-11T19:06:41","slug":"fetish-fantasy-chains-of-love-bondage-kit","status":"publish","type":"product","link":"https:\/\/sex60.de\/shop\/produkt\/fetish-fantasy-chains-of-love-bondage-kit\/","title":{"rendered":"FETISH FANTASY CHAINS OF LOVE BONDAGE KIT"},"content":{"rendered":"<p> Brechen Sie die Kette der Langeweile im Schlafzimmer und verleihen Sie Ihrem Liebesleben mit diesen Liebesketten einen Funken! <\/p>\n<p> Entdecken Sie die freche Seite des anderen und verwirklichen Sie Ihre Fantasien mit diesem aufregenden R\u00fcckhalteset f\u00fcr Anf\u00e4nger. Dieses Kit ist f\u00fcr Anf\u00e4nger gedacht, die schon immer etwas anderes ausprobieren wollten. Es bietet alles, was Sie brauchen, um die Macht der Kontrolle zu erfahren &#8211; und das Vergn\u00fcgen, kontrolliert zu werden! <\/p>\n<p> Beinhaltet: <\/p>\n<ul>\n<li> Verkettete Handgelenkst\u00fctzen mit verstellbaren Manschetten <\/li>\n<li> Verkettete Kn\u00f6chelst\u00fctzen mit verstellbaren Manschetten <\/li>\n<li> Leder Liebesmaske <\/li>\n<li> Hei\u00dfe Wachskerzen <\/li>\n<li> Lederpeitsche <\/li>\n<li> Kostenlose Satin Love Mask <\/li>\n<\/ul>\n<p style=\"text-align: center;\"><embed allowfullscreen=\"true\" allowscriptaccess=\"always\" flashvars=\"&amp;controlbar=bottom&amp;netstreambasepath=http%3A%2F%2Fwww.pipedreamproducts.com%2F&amp;file=http%3A%2F%2Fwww.pipedreamproducts.com%2Fvideos%2Fpd2126-00.m4v&amp;autostart=true\" height=\"304\" src=\"http:\/\/www.pipedreamproducts.com\/jwplayer\/player.swf\" width=\"500\"><\/embed><\/p>\n","protected":false},"excerpt":{"rendered":"<p>Brechen Sie die Kette der Langeweile im Schlafzimmer und verleihen Sie Ihrem Liebesleben mit diesen Liebesketten einen Funken! Entdecken Sie die freche Seite des anderen und verwirklichen Sie Ihre Fantasien mit diesem aufregenden R\u00fcckhalteset f\u00fcr Anf\u00e4nger. Dieses Kit ist f\u00fcr <a href=\"https:\/\/sex60.de\/shop\/produkt\/fetish-fantasy-chains-of-love-bondage-kit\/\"> Read more&#8230;<\/a><\/p>\n","protected":false},"featured_media":95098,"comment_status":"closed","ping_status":"open","template":"","meta":[],"product_brand":[],"product_cat":[1093],"product_tag":[],"class_list":{"0":"post-100096","1":"product","2":"type-product","3":"status-publish","4":"has-post-thumbnail","6":"product_cat-bondage-2","8":"first","9":"instock","10":"taxable","11":"shipping-taxable","12":"purchasable","13":"product-type-simple"},"_links":{"self":[{"href":"https:\/\/sex60.de\/shop\/wp-json\/wp\/v2\/product\/100096","targetHints":{"allow":["GET"]}}],"collection":[{"href":"https:\/\/sex60.de\/shop\/wp-json\/wp\/v2\/product"}],"about":[{"href":"https:\/\/sex60.de\/shop\/wp-json\/wp\/v2\/types\/product"}],"replies":[{"embeddable":true,"href":"https:\/\/sex60.de\/shop\/wp-json\/wp\/v2\/comments?post=100096"}],"wp:featuredmedia":[{"embeddable":true,"href":"https:\/\/sex60.de\/shop\/wp-json\/wp\/v2\/media\/95098"}],"wp:attachment":[{"href":"https:\/\/sex60.de\/shop\/wp-json\/wp\/v2\/media?parent=100096"}],"wp:term":[{"taxonomy":"product_brand","embeddable":true,"href":"https:\/\/sex60.de\/shop\/wp-json\/wp\/v2\/product_brand?post=100096"},{"taxonomy":"product_cat","embeddable":true,"href":"https:\/\/sex60.de\/shop\/wp-json\/wp\/v2\/product_cat?post=100096"},{"taxonomy":"product_tag","embeddable":true,"href":"https:\/\/sex60.de\/shop\/wp-json\/wp\/v2\/product_tag?post=100096"}],"curies":[{"name":"wp","href":"https:\/\/api.w.org\/{rel}","templated":true}]}}