{"id":100097,"date":"2025-01-11T20:06:41","date_gmt":"2025-01-11T19:06:41","guid":{"rendered":"https:\/\/sex60.de\/shop\/produkt\/fetish-fantasy-position-master-mit-manschetten\/"},"modified":"2025-01-11T20:06:42","modified_gmt":"2025-01-11T19:06:42","slug":"fetish-fantasy-position-master-mit-manschetten","status":"publish","type":"product","link":"https:\/\/sex60.de\/shop\/produkt\/fetish-fantasy-position-master-mit-manschetten\/","title":{"rendered":"FETISH FANTASY POSITION MASTER MIT MANSCHETTEN"},"content":{"rendered":"<p> Lassen Sie sich vom Positionsmeister mit Manschetten von Ihrer Fantasie \u00fcber Ihre physischen Grenzen hinausf\u00fchren. Die stabilen Gurte halten Ihre Beine fest an ihrem Platz, damit sie nicht m\u00fcde werden, wenn die Dinge gut werden, w\u00e4hrend die Handgelenksmanschetten sicherstellen, dass Ihr Motiv nicht so schnell entkommt. <\/p>\n<p> Der Nackengurt ist weich und gepolstert und bietet maximalen Komfort. Die Gurte lassen sich mit einem einfachen Ruck schnell und einfach anpassen, sodass Sie die Platzierung Ihrer Beine zu jedem Zeitpunkt w\u00e4hrend des Spiels steuern k\u00f6nnen. Nehmen Sie die Position ein und seien Sie der Meister Ihrer n\u00e4chsten Begegnung! <\/p>\n<p> Beinhaltet: <\/p>\n<p> &#8211; Pl\u00fcschhalsgeschirr <\/p>\n<p> &#8211; 2 Beinschellen <\/p>\n<p> &#8211; 2 Handschellen <\/p>\n<p> &#8211; Kostenlose Satin Love Mask <\/p>\n","protected":false},"excerpt":{"rendered":"<p>Lassen Sie sich vom Positionsmeister mit Manschetten von Ihrer Fantasie \u00fcber Ihre physischen Grenzen hinausf\u00fchren. Die stabilen Gurte halten Ihre Beine fest an ihrem Platz, damit sie nicht m\u00fcde werden, wenn die Dinge gut werden, w\u00e4hrend die Handgelenksmanschetten sicherstellen, dass <a href=\"https:\/\/sex60.de\/shop\/produkt\/fetish-fantasy-position-master-mit-manschetten\/\"> Read more&#8230;<\/a><\/p>\n","protected":false},"featured_media":95104,"comment_status":"closed","ping_status":"open","template":"","meta":[],"product_brand":[],"product_cat":[1093],"product_tag":[],"class_list":{"0":"post-100097","1":"product","2":"type-product","3":"status-publish","4":"has-post-thumbnail","6":"product_cat-bondage-2","8":"first","9":"instock","10":"taxable","11":"shipping-taxable","12":"purchasable","13":"product-type-simple"},"_links":{"self":[{"href":"https:\/\/sex60.de\/shop\/wp-json\/wp\/v2\/product\/100097","targetHints":{"allow":["GET"]}}],"collection":[{"href":"https:\/\/sex60.de\/shop\/wp-json\/wp\/v2\/product"}],"about":[{"href":"https:\/\/sex60.de\/shop\/wp-json\/wp\/v2\/types\/product"}],"replies":[{"embeddable":true,"href":"https:\/\/sex60.de\/shop\/wp-json\/wp\/v2\/comments?post=100097"}],"wp:featuredmedia":[{"embeddable":true,"href":"https:\/\/sex60.de\/shop\/wp-json\/wp\/v2\/media\/95104"}],"wp:attachment":[{"href":"https:\/\/sex60.de\/shop\/wp-json\/wp\/v2\/media?parent=100097"}],"wp:term":[{"taxonomy":"product_brand","embeddable":true,"href":"https:\/\/sex60.de\/shop\/wp-json\/wp\/v2\/product_brand?post=100097"},{"taxonomy":"product_cat","embeddable":true,"href":"https:\/\/sex60.de\/shop\/wp-json\/wp\/v2\/product_cat?post=100097"},{"taxonomy":"product_tag","embeddable":true,"href":"https:\/\/sex60.de\/shop\/wp-json\/wp\/v2\/product_tag?post=100097"}],"curies":[{"name":"wp","href":"https:\/\/api.w.org\/{rel}","templated":true}]}}