{"id":100443,"date":"2025-01-11T20:17:20","date_gmt":"2025-01-11T19:17:20","guid":{"rendered":"https:\/\/sex60.de\/shop\/produkt\/bathmate-anal-training-plugs-vibe\/"},"modified":"2025-01-11T20:17:20","modified_gmt":"2025-01-11T19:17:20","slug":"bathmate-anal-training-plugs-vibe","status":"publish","type":"product","link":"https:\/\/sex60.de\/shop\/produkt\/bathmate-anal-training-plugs-vibe\/","title":{"rendered":"BATHMATE &#8211; ANAL TRAINING PLUGS VIBE"},"content":{"rendered":"<p>4-teiliges Anal-Trainingsset (inklusive Vibe Bullet)<\/p>\n<ul>\n<li> 10 Muster<\/li>\n<li> USB wiederaufladbar<\/li>\n<li> IPX7\/100 % wasserdicht<\/li>\n<li> Konische Spitze f\u00fcr einfaches Einf\u00fchren<\/li>\n<li> Fingerschlaufe zum einfachen Entfernen<\/li>\n<li> Ergonomisch gestaltet<\/li>\n<li> Hergestellt aus k\u00f6rpersicherem Silikon<\/li>\n<li> 1&quot; \/ 1,25&quot; \/ 1,5&quot; Durchmesser<\/li>\n<\/ul>\n<p> Bathmate Anal Training Plugs sind das perfekte Trio, um Ihrer Spielzeit eine neue Dimension zu verleihen.<\/p>\n<p> Unsere Silikonplugs haben eine sich verj\u00fcngende Spitze zum einfachen Einf\u00fchren und sind zwischen 1 und 1,5 Zoll breit, also fangen Sie klein an und arbeiten Sie sich bis zu einem \u00fcberw\u00e4ltigenden Vergn\u00fcgen vor.<\/p>\n<p> Lust auf eine zus\u00e4tzliche Wendung? Unsere VIBE-Kugel ist perfekt darauf ausgelegt, im Einklang zu arbeiten, gleiten Sie einfach durch die Fingerschlaufe und f\u00fcgen Sie Ihrer analen Erkundung etwas Vibration hinzu!<\/p>\n","protected":false},"excerpt":{"rendered":"<p>4-teiliges Anal-Trainingsset (inklusive Vibe Bullet) 10 Muster USB wiederaufladbar IPX7\/100 % wasserdicht Konische Spitze f\u00fcr einfaches Einf\u00fchren Fingerschlaufe zum einfachen Entfernen Ergonomisch gestaltet Hergestellt aus k\u00f6rpersicherem Silikon 1&quot; \/ 1,25&quot; \/ 1,5&quot; Durchmesser Bathmate Anal Training Plugs sind das perfekte <a href=\"https:\/\/sex60.de\/shop\/produkt\/bathmate-anal-training-plugs-vibe\/\"> Read more&#8230;<\/a><\/p>\n","protected":false},"featured_media":96729,"comment_status":"closed","ping_status":"open","template":"","meta":[],"product_brand":[],"product_cat":[1092,1102,1080],"product_tag":[],"class_list":{"0":"post-100443","1":"product","2":"type-product","3":"status-publish","4":"has-post-thumbnail","6":"product_cat-anal","7":"product_cat-analplugs","8":"product_cat-sexspielzeug-xxx","10":"first","11":"instock","12":"taxable","13":"shipping-taxable","14":"purchasable","15":"product-type-simple"},"_links":{"self":[{"href":"https:\/\/sex60.de\/shop\/wp-json\/wp\/v2\/product\/100443","targetHints":{"allow":["GET"]}}],"collection":[{"href":"https:\/\/sex60.de\/shop\/wp-json\/wp\/v2\/product"}],"about":[{"href":"https:\/\/sex60.de\/shop\/wp-json\/wp\/v2\/types\/product"}],"replies":[{"embeddable":true,"href":"https:\/\/sex60.de\/shop\/wp-json\/wp\/v2\/comments?post=100443"}],"wp:featuredmedia":[{"embeddable":true,"href":"https:\/\/sex60.de\/shop\/wp-json\/wp\/v2\/media\/96729"}],"wp:attachment":[{"href":"https:\/\/sex60.de\/shop\/wp-json\/wp\/v2\/media?parent=100443"}],"wp:term":[{"taxonomy":"product_brand","embeddable":true,"href":"https:\/\/sex60.de\/shop\/wp-json\/wp\/v2\/product_brand?post=100443"},{"taxonomy":"product_cat","embeddable":true,"href":"https:\/\/sex60.de\/shop\/wp-json\/wp\/v2\/product_cat?post=100443"},{"taxonomy":"product_tag","embeddable":true,"href":"https:\/\/sex60.de\/shop\/wp-json\/wp\/v2\/product_tag?post=100443"}],"curies":[{"name":"wp","href":"https:\/\/api.w.org\/{rel}","templated":true}]}}