{"id":100575,"date":"2025-01-11T20:25:07","date_gmt":"2025-01-11T19:25:07","guid":{"rendered":"https:\/\/sex60.de\/shop\/produkt\/passion-woman-bs019-bodystocking-schwarz-eine-groesse\/"},"modified":"2025-01-11T20:25:08","modified_gmt":"2025-01-11T19:25:08","slug":"passion-woman-bs019-bodystocking-schwarz-eine-groesse","status":"publish","type":"product","link":"https:\/\/sex60.de\/shop\/produkt\/passion-woman-bs019-bodystocking-schwarz-eine-groesse\/","title":{"rendered":"PASSION WOMAN BS019 BODYSTOCKING SCHWARZ EINE GR\u00d6SSE"},"content":{"rendered":"<p> Erstaunliches und unglaublich sexy Netz-Bodystocking mit offenem Crothless. Entworfen und hergestellt von der renommierten Dessous-Marke Passion <\/p>\n<ul style=\"line-height: 20.8px;\">\n<li style=\"line-height: 20.8px;\"> Bodystocking BS019 <\/li>\n<li style=\"line-height: 20.8px;\"> Einheitsgr\u00f6\u00dfe <\/li>\n<li style=\"line-height: 20.8px;\"> Farbe schwarz <\/li>\n<\/ul>\n<p style=\"line-height: 20.8px;\"> Passion wurde f\u00fcr aktuelle und dynamische Frauen konzipiert und entwickelt. Dessous werden in der Europ\u00e4ischen Union mit strengen Qualit\u00e4tskontrollen hergestellt. <\/p>\n<p style=\"line-height: 20.8px;\"> Das maximale Detail in der Herstellung und seine dekorativen Elemente sind die Hauptmerkmale dieser Dessous, die f\u00fcr die heutige Welt und dynamische Menschen mit dem Wunsch nach Innovation entworfen wurden. <\/p>\n<p style=\"line-height: 20.8px;\"><img decoding=\"async\" alt=\"\" src=\"https:\/\/interno.dreamlove.es\/UserFiles\/images\/banderas.png\" style=\"width: 121px; height: 35px;\" \/><\/p>\n","protected":false},"excerpt":{"rendered":"<p>Erstaunliches und unglaublich sexy Netz-Bodystocking mit offenem Crothless. Entworfen und hergestellt von der renommierten Dessous-Marke Passion Bodystocking BS019 Einheitsgr\u00f6\u00dfe Farbe schwarz Passion wurde f\u00fcr aktuelle und dynamische Frauen konzipiert und entwickelt. Dessous werden in der Europ\u00e4ischen Union mit strengen Qualit\u00e4tskontrollen <a href=\"https:\/\/sex60.de\/shop\/produkt\/passion-woman-bs019-bodystocking-schwarz-eine-groesse\/\"> Read more&#8230;<\/a><\/p>\n","protected":false},"featured_media":97463,"comment_status":"closed","ping_status":"open","template":"","meta":[],"product_brand":[],"product_cat":[1103],"product_tag":[],"class_list":{"0":"post-100575","1":"product","2":"type-product","3":"status-publish","4":"has-post-thumbnail","6":"product_cat-unterwaesche","8":"first","9":"instock","10":"taxable","11":"shipping-taxable","12":"purchasable","13":"product-type-simple"},"_links":{"self":[{"href":"https:\/\/sex60.de\/shop\/wp-json\/wp\/v2\/product\/100575","targetHints":{"allow":["GET"]}}],"collection":[{"href":"https:\/\/sex60.de\/shop\/wp-json\/wp\/v2\/product"}],"about":[{"href":"https:\/\/sex60.de\/shop\/wp-json\/wp\/v2\/types\/product"}],"replies":[{"embeddable":true,"href":"https:\/\/sex60.de\/shop\/wp-json\/wp\/v2\/comments?post=100575"}],"wp:featuredmedia":[{"embeddable":true,"href":"https:\/\/sex60.de\/shop\/wp-json\/wp\/v2\/media\/97463"}],"wp:attachment":[{"href":"https:\/\/sex60.de\/shop\/wp-json\/wp\/v2\/media?parent=100575"}],"wp:term":[{"taxonomy":"product_brand","embeddable":true,"href":"https:\/\/sex60.de\/shop\/wp-json\/wp\/v2\/product_brand?post=100575"},{"taxonomy":"product_cat","embeddable":true,"href":"https:\/\/sex60.de\/shop\/wp-json\/wp\/v2\/product_cat?post=100575"},{"taxonomy":"product_tag","embeddable":true,"href":"https:\/\/sex60.de\/shop\/wp-json\/wp\/v2\/product_tag?post=100575"}],"curies":[{"name":"wp","href":"https:\/\/api.w.org\/{rel}","templated":true}]}}