{"id":100836,"date":"2025-01-11T20:32:47","date_gmt":"2025-01-11T19:32:47","guid":{"rendered":"https:\/\/sex60.de\/shop\/produkt\/excite-verzoegerung-20-ml\/"},"modified":"2025-01-11T20:32:48","modified_gmt":"2025-01-11T19:32:48","slug":"excite-verzoegerung-20-ml","status":"publish","type":"product","link":"https:\/\/sex60.de\/shop\/produkt\/excite-verzoegerung-20-ml\/","title":{"rendered":"EXCITE ? VERZ\u00d6GERUNG 20 ML"},"content":{"rendered":"<p><strong>REDUZIERT \u00dcBEREMPFINDLICHKEIT<\/strong><\/p>\n<p> F\u00dcR M\u00c4NNER \/ DERMATOLOGISCH GETESTET<\/p>\n<p> <strong>EXCITE DELAY<\/strong> ist ein Gel, das Pflanzenextrakte mit bekannten beruhigenden und entspannenden Eigenschaften mit einer angenehm erfrischenden Wirkung kombiniert, die den Stresspegel senkt. die Sensibilit\u00e4t in ihren intimen Bereichen; Ideal, um die Beziehung des Paares zu verl\u00e4ngern.<\/p>\n<p> <strong>Anwendung:<\/strong> Tragen Sie eine kleine Menge mit einer sanften Massage auf den Penis und den Intimbereich auf, bis sie vollst\u00e4ndig eingezogen ist. 2-3 Tropfen reichen aus. WICHTIGER HINWEIS: F\u00fchren Sie vor der Verwendung einen Empfindlichkeitstest am Unterarm durch. Nicht verwenden, wenn Sie allergisch reagieren. Wenn dies auftritt, waschen Sie es mit reichlich Wasser.<\/p>\n<p> Produkt zur \u00e4u\u00dferlichen Anwendung. Von Kindern fern halten. Es enth\u00e4lt keine Parabene, Farbstoffe oder Parf\u00fcme. Mit * gekennzeichnete Zutaten stammen aus biologischem Anbau. An einem k\u00fchlen, trockenen Ort ohne direkte Sonneneinstrahlung lagern.<\/p>\n<p> <strong>Zutaten:<\/strong> Aquawasser, Glycerin, Fructose, C12-15-Alkylbenzoat, Dimethicon, Propandiol, Cannabis-Sativa-Hanf\u00f6l, Capryl-\/Capric-Triglycerid, Vaccinium Myrtillus-Blaubeerextrakt, Eschscholtzia Californica-Bl\u00fctenextrakt*, Arginin, Menthol, Natriumsaccharin, Carbomer, Acrylate \/Vinylisodecanoat-Kreuzpolymer, Laureth-9, Sorbitol, Propylenglykol, Kaliumhydroxid, Aromageschmack, Natriumgluconat, Phenoxyethanol<\/p>\n","protected":false},"excerpt":{"rendered":"<p>REDUZIERT \u00dcBEREMPFINDLICHKEIT F\u00dcR M\u00c4NNER \/ DERMATOLOGISCH GETESTET EXCITE DELAY ist ein Gel, das Pflanzenextrakte mit bekannten beruhigenden und entspannenden Eigenschaften mit einer angenehm erfrischenden Wirkung kombiniert, die den Stresspegel senkt. die Sensibilit\u00e4t in ihren intimen Bereichen; Ideal, um die Beziehung <a href=\"https:\/\/sex60.de\/shop\/produkt\/excite-verzoegerung-20-ml\/\"> Read more&#8230;<\/a><\/p>\n","protected":false},"featured_media":98367,"comment_status":"closed","ping_status":"open","template":"","meta":[],"product_brand":[],"product_cat":[1119],"product_tag":[],"class_list":{"0":"post-100836","1":"product","2":"type-product","3":"status-publish","4":"has-post-thumbnail","6":"product_cat-oele-und-schmierstoffe","8":"first","9":"instock","10":"taxable","11":"shipping-taxable","12":"purchasable","13":"product-type-simple"},"_links":{"self":[{"href":"https:\/\/sex60.de\/shop\/wp-json\/wp\/v2\/product\/100836","targetHints":{"allow":["GET"]}}],"collection":[{"href":"https:\/\/sex60.de\/shop\/wp-json\/wp\/v2\/product"}],"about":[{"href":"https:\/\/sex60.de\/shop\/wp-json\/wp\/v2\/types\/product"}],"replies":[{"embeddable":true,"href":"https:\/\/sex60.de\/shop\/wp-json\/wp\/v2\/comments?post=100836"}],"wp:featuredmedia":[{"embeddable":true,"href":"https:\/\/sex60.de\/shop\/wp-json\/wp\/v2\/media\/98367"}],"wp:attachment":[{"href":"https:\/\/sex60.de\/shop\/wp-json\/wp\/v2\/media?parent=100836"}],"wp:term":[{"taxonomy":"product_brand","embeddable":true,"href":"https:\/\/sex60.de\/shop\/wp-json\/wp\/v2\/product_brand?post=100836"},{"taxonomy":"product_cat","embeddable":true,"href":"https:\/\/sex60.de\/shop\/wp-json\/wp\/v2\/product_cat?post=100836"},{"taxonomy":"product_tag","embeddable":true,"href":"https:\/\/sex60.de\/shop\/wp-json\/wp\/v2\/product_tag?post=100836"}],"curies":[{"name":"wp","href":"https:\/\/api.w.org\/{rel}","templated":true}]}}