{"id":100837,"date":"2025-01-11T20:32:48","date_gmt":"2025-01-11T19:32:48","guid":{"rendered":"https:\/\/sex60.de\/shop\/produkt\/excite-fly-20-ml\/"},"modified":"2025-01-11T20:32:48","modified_gmt":"2025-01-11T19:32:48","slug":"excite-fly-20-ml","status":"publish","type":"product","link":"https:\/\/sex60.de\/shop\/produkt\/excite-fly-20-ml\/","title":{"rendered":"EXCITE &#8211; FLY 20 ML"},"content":{"rendered":"<p><strong>ORGASMUS-VERBESSERUNG<\/strong><\/p>\n<p> F\u00dcR FRAUEN \/ DERMATOLOGISCH GETESTET<\/p>\n<p> <strong>EXCITE FLY<\/strong> ist der unnachahmliche Orgasmusverst\u00e4rker, der Pflanzenextrakte mit anerkannten belebenden Eigenschaften mit einer hyperh\u00e4mischen Wirkung gegen Hautr\u00f6tungen kombiniert; Was wird dir auffallen? ein angenehmes Gef\u00fchl von W\u00e4rme, K\u00e4lte oder Kribbeln, das die Empfindlichkeit in Ihren Intimbereichen steigert, ideal zur Stimulierung und Verl\u00e4ngerung der Paarbeziehung.<\/p>\n<p> <strong>Anwendung:<\/strong> Tragen Sie eine kleine Menge mit einer sanften Massage auf die Klitoris und den Intimbereich auf, bis sie vollst\u00e4ndig eingezogen ist. 2-3 Tropfen reichen aus. WICHTIGER HINWEIS: F\u00fchren Sie vor der Verwendung einen Empfindlichkeitstest am Unterarm durch. Nicht verwenden, wenn Sie allergisch reagieren. Wenn dies auftritt, waschen Sie es mit reichlich Wasser.<\/p>\n<p> Produkt zur \u00e4u\u00dferlichen Anwendung. Von Kindern fern halten. Es enth\u00e4lt keine Parabene, Farbstoffe oder Parf\u00fcme. Die gekennzeichneten Zutaten stammen aus biologischem Anbau. An einem k\u00fchlen, trockenen Ort ohne direkte Sonneneinstrahlung lagern.<\/p>\n<p> <strong>Zutaten:<\/strong> Aquawasser, Glycerin, Fruktose, C12-15-Alkylbenzoat, Dimethicon, Propandiol, Capryl-\/Caprins\u00e4uretriglycerid, Propylenglykol, Ginkgo Biloba-Blattextrakt, Paullinia Cupana-Samenextrakt*, Lepidium Meyenii-Wurzelextrakt, Turnera Diffusa-Blattextrakt*, Panax Ginseng-Wurzelextrakt aus chinesischem Ginseng*, Chili-Pfeffer-Fruchtextrakt von Capsicum Frutescens, Arginin, Menthol, Natriumsaccharin, Carbomer, Acrylate\/Vinylisodecanoat-Kreuzpolymer, hydriertes PEG-60-Rizinus\u00f6l, Sorbit, Alkohol denat., Kaliumhydroxid, Aromageschmack, Natriumgluconat , Natriumbenzoat, Kaliumsorbat, Phenoxyethanol<\/p>\n","protected":false},"excerpt":{"rendered":"<p>ORGASMUS-VERBESSERUNG F\u00dcR FRAUEN \/ DERMATOLOGISCH GETESTET EXCITE FLY ist der unnachahmliche Orgasmusverst\u00e4rker, der Pflanzenextrakte mit anerkannten belebenden Eigenschaften mit einer hyperh\u00e4mischen Wirkung gegen Hautr\u00f6tungen kombiniert; Was wird dir auffallen? ein angenehmes Gef\u00fchl von W\u00e4rme, K\u00e4lte oder Kribbeln, das die Empfindlichkeit <a href=\"https:\/\/sex60.de\/shop\/produkt\/excite-fly-20-ml\/\"> Read more&#8230;<\/a><\/p>\n","protected":false},"featured_media":98369,"comment_status":"closed","ping_status":"open","template":"","meta":[],"product_brand":[],"product_cat":[1119],"product_tag":[],"class_list":{"0":"post-100837","1":"product","2":"type-product","3":"status-publish","4":"has-post-thumbnail","6":"product_cat-oele-und-schmierstoffe","8":"first","9":"instock","10":"taxable","11":"shipping-taxable","12":"purchasable","13":"product-type-simple"},"_links":{"self":[{"href":"https:\/\/sex60.de\/shop\/wp-json\/wp\/v2\/product\/100837","targetHints":{"allow":["GET"]}}],"collection":[{"href":"https:\/\/sex60.de\/shop\/wp-json\/wp\/v2\/product"}],"about":[{"href":"https:\/\/sex60.de\/shop\/wp-json\/wp\/v2\/types\/product"}],"replies":[{"embeddable":true,"href":"https:\/\/sex60.de\/shop\/wp-json\/wp\/v2\/comments?post=100837"}],"wp:featuredmedia":[{"embeddable":true,"href":"https:\/\/sex60.de\/shop\/wp-json\/wp\/v2\/media\/98369"}],"wp:attachment":[{"href":"https:\/\/sex60.de\/shop\/wp-json\/wp\/v2\/media?parent=100837"}],"wp:term":[{"taxonomy":"product_brand","embeddable":true,"href":"https:\/\/sex60.de\/shop\/wp-json\/wp\/v2\/product_brand?post=100837"},{"taxonomy":"product_cat","embeddable":true,"href":"https:\/\/sex60.de\/shop\/wp-json\/wp\/v2\/product_cat?post=100837"},{"taxonomy":"product_tag","embeddable":true,"href":"https:\/\/sex60.de\/shop\/wp-json\/wp\/v2\/product_tag?post=100837"}],"curies":[{"name":"wp","href":"https:\/\/api.w.org\/{rel}","templated":true}]}}