{"id":100838,"date":"2025-01-11T20:32:48","date_gmt":"2025-01-11T19:32:48","guid":{"rendered":"https:\/\/sex60.de\/shop\/produkt\/schmiermittel-auf-wasserbasis-id-4-000-ml\/"},"modified":"2025-01-11T20:32:49","modified_gmt":"2025-01-11T19:32:49","slug":"schmiermittel-auf-wasserbasis-id-4-000-ml","status":"publish","type":"product","link":"https:\/\/sex60.de\/shop\/produkt\/schmiermittel-auf-wasserbasis-id-4-000-ml\/","title":{"rendered":"SCHMIERMITTEL AUF WASSERBASIS ID 4.000 ML"},"content":{"rendered":"<p>Das gleiche tolle Produkt ? brandneuer Look! Dieses aufregende, neu verpackte Produkt ersetzt das ?GALLONR? durch ein elegantes neues Aussehen und einen Klappdeckel f\u00fcr eine einfachere Anwendung.<\/p>\n<p> ID Glide besteht aus Inhaltsstoffen h\u00f6chster Qualit\u00e4t und ist ein Gleitmittel auf Wasserbasis, das das Vergn\u00fcgen und den Komfort dieser intimsten Momente steigert. Wenn Sie ein Gleitmittel mit nat\u00fcrlichem Gef\u00fchl f\u00fcr die Verwendung mit Ihrem Partner, mit Spielzeugen oder alleine suchen, ist ID Glide genau das Richtige f\u00fcr Sie.<\/p>\n<p> Es bietet das zus\u00e4tzliche Gleiten und Gleiten, das Menschen f\u00fcr einen reibungslosen Geschlechtsverkehr und ein angenehmeres Vorspiel ben\u00f6tigen. Es ist au\u00dferdem ein nicht klebriges, nicht f\u00e4rbendes, sinnlich gleitendes Gleitmittel, das sich nicht nur wunderbar seidenweich anf\u00fchlt, sondern auch besonders langlebig ist und durch ein schnelles Lecken oder einen Spritzer Wasser reaktiviert werden kann.<\/p>\n<p> ID Glide ist eine von \u00c4rzten empfohlene Marke und ist mit allen Kondomen sicher.<\/p>\n","protected":false},"excerpt":{"rendered":"<p>Das gleiche tolle Produkt ? brandneuer Look! Dieses aufregende, neu verpackte Produkt ersetzt das ?GALLONR? durch ein elegantes neues Aussehen und einen Klappdeckel f\u00fcr eine einfachere Anwendung. ID Glide besteht aus Inhaltsstoffen h\u00f6chster Qualit\u00e4t und ist ein Gleitmittel auf Wasserbasis, <a href=\"https:\/\/sex60.de\/shop\/produkt\/schmiermittel-auf-wasserbasis-id-4-000-ml\/\"> Read more&#8230;<\/a><\/p>\n","protected":false},"featured_media":98371,"comment_status":"closed","ping_status":"open","template":"","meta":[],"product_brand":[],"product_cat":[1119,1120],"product_tag":[],"class_list":{"0":"post-100838","1":"product","2":"type-product","3":"status-publish","4":"has-post-thumbnail","6":"product_cat-oele-und-schmierstoffe","7":"product_cat-schmierstoffe","9":"first","10":"instock","11":"taxable","12":"shipping-taxable","13":"purchasable","14":"product-type-simple"},"_links":{"self":[{"href":"https:\/\/sex60.de\/shop\/wp-json\/wp\/v2\/product\/100838","targetHints":{"allow":["GET"]}}],"collection":[{"href":"https:\/\/sex60.de\/shop\/wp-json\/wp\/v2\/product"}],"about":[{"href":"https:\/\/sex60.de\/shop\/wp-json\/wp\/v2\/types\/product"}],"replies":[{"embeddable":true,"href":"https:\/\/sex60.de\/shop\/wp-json\/wp\/v2\/comments?post=100838"}],"wp:featuredmedia":[{"embeddable":true,"href":"https:\/\/sex60.de\/shop\/wp-json\/wp\/v2\/media\/98371"}],"wp:attachment":[{"href":"https:\/\/sex60.de\/shop\/wp-json\/wp\/v2\/media?parent=100838"}],"wp:term":[{"taxonomy":"product_brand","embeddable":true,"href":"https:\/\/sex60.de\/shop\/wp-json\/wp\/v2\/product_brand?post=100838"},{"taxonomy":"product_cat","embeddable":true,"href":"https:\/\/sex60.de\/shop\/wp-json\/wp\/v2\/product_cat?post=100838"},{"taxonomy":"product_tag","embeddable":true,"href":"https:\/\/sex60.de\/shop\/wp-json\/wp\/v2\/product_tag?post=100838"}],"curies":[{"name":"wp","href":"https:\/\/api.w.org\/{rel}","templated":true}]}}