{"id":100846,"date":"2025-01-11T20:32:54","date_gmt":"2025-01-11T19:32:54","guid":{"rendered":"https:\/\/sex60.de\/shop\/produkt\/id-3some-4-fl-oz-erdbeer-bananen-flasche\/"},"modified":"2025-01-11T20:32:54","modified_gmt":"2025-01-11T19:32:54","slug":"id-3some-4-fl-oz-erdbeer-bananen-flasche","status":"publish","type":"product","link":"https:\/\/sex60.de\/shop\/produkt\/id-3some-4-fl-oz-erdbeer-bananen-flasche\/","title":{"rendered":"ID 3SOME ? 4 FL OZ ERDBEER-BANANEN-FLASCHE"},"content":{"rendered":"<p>3 in 1 und jede Menge Spa\u00df!<\/p>\n<p> <strong>K\u00d6STLICHER GESCHMACK<\/strong><\/p>\n<p> So lecker, dass man gar nicht anders kann, als zu lecken! Erh\u00e4ltlich in 4 k\u00f6stlichen zuckerfreien Fruchtaromen, die genauso schmecken wie das Original.<\/p>\n<p> <strong>REIN, OHNE ZUS\u00c4TZLICHE ZUSATZSTOFFE<\/strong><\/p>\n<p> Zwei einfache Zutaten und nichts weiter. Kein Wasser hinzugef\u00fcgt!<\/p>\n<p> <strong>MEHRZWECK 3 IN 1<\/strong><\/p>\n<p> Ideal f\u00fcr orales Vergn\u00fcgen und sinnliche Massagen. Streicheln Sie sanft, um ein angenehmes, w\u00e4rmendes Gef\u00fchl zu sp\u00fcren.<\/p>\n<p> <strong>KEINE FLECKEN, LEICHT ZU REINIGEN<\/strong><\/p>\n<p> L\u00e4sst sich einfach mit Wasser absp\u00fclen, perfekt f\u00fcr eine einfache Verwendung und Reinigung.<\/p>\n<p> <strong>FREUNDLICH MIT SPIELZEUG UND LATEX<\/strong><\/p>\n<p> Kann sicher auf Silikon- und Gummispielzeugen verwendet werden. Kompatibel mit Naturkautschuklatex.<\/p><\/p>\n","protected":false},"excerpt":{"rendered":"<p>3 in 1 und jede Menge Spa\u00df! K\u00d6STLICHER GESCHMACK So lecker, dass man gar nicht anders kann, als zu lecken! Erh\u00e4ltlich in 4 k\u00f6stlichen zuckerfreien Fruchtaromen, die genauso schmecken wie das Original. REIN, OHNE ZUS\u00c4TZLICHE ZUSATZSTOFFE Zwei einfache Zutaten und <a href=\"https:\/\/sex60.de\/shop\/produkt\/id-3some-4-fl-oz-erdbeer-bananen-flasche\/\"> Read more&#8230;<\/a><\/p>\n","protected":false},"featured_media":98390,"comment_status":"closed","ping_status":"open","template":"","meta":[],"product_brand":[],"product_cat":[1119,1120],"product_tag":[],"class_list":{"0":"post-100846","1":"product","2":"type-product","3":"status-publish","4":"has-post-thumbnail","6":"product_cat-oele-und-schmierstoffe","7":"product_cat-schmierstoffe","9":"first","10":"instock","11":"taxable","12":"shipping-taxable","13":"purchasable","14":"product-type-simple"},"_links":{"self":[{"href":"https:\/\/sex60.de\/shop\/wp-json\/wp\/v2\/product\/100846","targetHints":{"allow":["GET"]}}],"collection":[{"href":"https:\/\/sex60.de\/shop\/wp-json\/wp\/v2\/product"}],"about":[{"href":"https:\/\/sex60.de\/shop\/wp-json\/wp\/v2\/types\/product"}],"replies":[{"embeddable":true,"href":"https:\/\/sex60.de\/shop\/wp-json\/wp\/v2\/comments?post=100846"}],"wp:featuredmedia":[{"embeddable":true,"href":"https:\/\/sex60.de\/shop\/wp-json\/wp\/v2\/media\/98390"}],"wp:attachment":[{"href":"https:\/\/sex60.de\/shop\/wp-json\/wp\/v2\/media?parent=100846"}],"wp:term":[{"taxonomy":"product_brand","embeddable":true,"href":"https:\/\/sex60.de\/shop\/wp-json\/wp\/v2\/product_brand?post=100846"},{"taxonomy":"product_cat","embeddable":true,"href":"https:\/\/sex60.de\/shop\/wp-json\/wp\/v2\/product_cat?post=100846"},{"taxonomy":"product_tag","embeddable":true,"href":"https:\/\/sex60.de\/shop\/wp-json\/wp\/v2\/product_tag?post=100846"}],"curies":[{"name":"wp","href":"https:\/\/api.w.org\/{rel}","templated":true}]}}