{"id":100847,"date":"2025-01-11T20:32:55","date_gmt":"2025-01-11T19:32:55","guid":{"rendered":"https:\/\/sex60.de\/shop\/produkt\/excite-lube-original-100-ml\/"},"modified":"2025-01-11T20:33:00","modified_gmt":"2025-01-11T19:33:00","slug":"excite-lube-original-100-ml","status":"publish","type":"product","link":"https:\/\/sex60.de\/shop\/produkt\/excite-lube-original-100-ml\/","title":{"rendered":"EXCITE &#8211; LUBE ORIGINAL 100 ML"},"content":{"rendered":"<div>\n<p><strong>Beschreibung:<\/strong> Intime Gleitmittel auf w\u00e4ssriger Basis, die vaginale Trockenheit und Unwohlsein im Intimbereich mildern und f\u00fcr mehr Freude und Intensit\u00e4t in Ihren Beziehungen sorgen. Neutral und mit Erdbeeraroma.<\/p>\n<p> <strong>Anwendung:<\/strong> \u00d6ffnen Sie den Deckel. Dr\u00fccken Sie auf den Beh\u00e4lter und tragen Sie die gew\u00fcnschte Menge auf. Sie k\u00f6nnen es mit Kondomen verwenden. Tragen Sie das Gleitmittel nach dem Platzieren auf das Kondom auf. Es ist kein Verh\u00fctungsmittel und enth\u00e4lt kein Spermizid. Es ist wasserl\u00f6slich und leicht zu reinigen.<\/p>\n<p> Dieses Gleitmittel ist f\u00fcr Vaginal-, Oral- und Analsex geeignet. Kann die Beweglichkeit der Spermien verringern. Klinisch und dermatologisch getestet. Den Kontakt mit den Augen vermeiden. Wenn Sie Reizungen versp\u00fcren, brechen Sie die Anwendung ab. Wenn die Reizung anh\u00e4lt oder eine zus\u00e4tzliche Schmierung zu h\u00e4ufig erforderlich ist, ist es ratsam, Ihren Arzt zu konsultieren. Von Kindern fern halten. An einem k\u00fchlen, trockenen Ort ohne direkte Sonneneinstrahlung lagern. Obwohl es zum Verzehr geeignet ist, kann es nicht als Lebensmittel betrachtet werden. 3 Monate nach dem \u00d6ffnen des Beh\u00e4lters entsorgen. KOMPATIBEL MIT KONDOMEN.<\/p>\n<\/div>\n","protected":false},"excerpt":{"rendered":"<p>Beschreibung: Intime Gleitmittel auf w\u00e4ssriger Basis, die vaginale Trockenheit und Unwohlsein im Intimbereich mildern und f\u00fcr mehr Freude und Intensit\u00e4t in Ihren Beziehungen sorgen. Neutral und mit Erdbeeraroma. Anwendung: \u00d6ffnen Sie den Deckel. Dr\u00fccken Sie auf den Beh\u00e4lter und tragen <a href=\"https:\/\/sex60.de\/shop\/produkt\/excite-lube-original-100-ml\/\"> Read more&#8230;<\/a><\/p>\n","protected":false},"featured_media":98392,"comment_status":"closed","ping_status":"open","template":"","meta":[],"product_brand":[],"product_cat":[1119,1120],"product_tag":[],"class_list":{"0":"post-100847","1":"product","2":"type-product","3":"status-publish","4":"has-post-thumbnail","6":"product_cat-oele-und-schmierstoffe","7":"product_cat-schmierstoffe","9":"first","10":"instock","11":"taxable","12":"shipping-taxable","13":"purchasable","14":"product-type-simple"},"_links":{"self":[{"href":"https:\/\/sex60.de\/shop\/wp-json\/wp\/v2\/product\/100847","targetHints":{"allow":["GET"]}}],"collection":[{"href":"https:\/\/sex60.de\/shop\/wp-json\/wp\/v2\/product"}],"about":[{"href":"https:\/\/sex60.de\/shop\/wp-json\/wp\/v2\/types\/product"}],"replies":[{"embeddable":true,"href":"https:\/\/sex60.de\/shop\/wp-json\/wp\/v2\/comments?post=100847"}],"wp:featuredmedia":[{"embeddable":true,"href":"https:\/\/sex60.de\/shop\/wp-json\/wp\/v2\/media\/98392"}],"wp:attachment":[{"href":"https:\/\/sex60.de\/shop\/wp-json\/wp\/v2\/media?parent=100847"}],"wp:term":[{"taxonomy":"product_brand","embeddable":true,"href":"https:\/\/sex60.de\/shop\/wp-json\/wp\/v2\/product_brand?post=100847"},{"taxonomy":"product_cat","embeddable":true,"href":"https:\/\/sex60.de\/shop\/wp-json\/wp\/v2\/product_cat?post=100847"},{"taxonomy":"product_tag","embeddable":true,"href":"https:\/\/sex60.de\/shop\/wp-json\/wp\/v2\/product_tag?post=100847"}],"curies":[{"name":"wp","href":"https:\/\/api.w.org\/{rel}","templated":true}]}}