{"id":100849,"date":"2025-01-11T20:33:01","date_gmt":"2025-01-11T19:33:01","guid":{"rendered":"https:\/\/sex60.de\/shop\/produkt\/top-desire-verbesserte-damen-libido-60-kapseln\/"},"modified":"2025-01-11T20:33:01","modified_gmt":"2025-01-11T19:33:01","slug":"top-desire-verbesserte-damen-libido-60-kapseln","status":"publish","type":"product","link":"https:\/\/sex60.de\/shop\/produkt\/top-desire-verbesserte-damen-libido-60-kapseln\/","title":{"rendered":"TOP DESIRE VERBESSERTE DAMEN LIBIDO 60 KAPSELN"},"content":{"rendered":"<p>F\u00fcr wen ?<\/p>\n<ul>\n<li> Frauen, die ihr Sexualleben verbessern wollen<\/li>\n<li> Frauen mit hormonellen Ungleichgewichten: Behandlungen und\/oder Wechseljahre, die die Libido verringern<\/li>\n<\/ul>\n<p> Die Wirkstoffe<\/p>\n<ul>\n<li> Maca: diese Pflanze stimuliert das sexuelle Verlangen<\/li>\n<li> Ginseng: hilft, gute sexuelle Beziehungen aufrechtzuerhalten<\/li>\n<li> Rhodiola: hilft dem K\u00f6rper, sich an funktionellen Stress und k\u00f6rperliche Anstrengung anzupassen<\/li>\n<li> Dong Quai: Diese Pflanze erh\u00e4lt den reibungslosen Betrieb des Urogenitalsystems bei Frauen<\/li>\n<li> Muira Puama: Der Extrakt aus diesem Baum hilft, gute sexuelle Beziehungen aufrechtzuerhalten, insbesondere f\u00fcr Frauen in der perimenopausalen Phase, da er zum hormonellen Gleichgewicht beitr\u00e4gt<\/li>\n<\/ul>\n<p> Dosierung<\/p>\n<ul>\n<li> 2 Kapseln t\u00e4glich mit einem gro\u00dfen Glas Wasser, vorzugsweise morgens<\/li>\n<\/ul>\n<p> Kann eine abwechslungsreiche und ausgewogene Ern\u00e4hrung nicht ersetzen. Als Teil eines gesunden Lebensstils einzunehmen. Au\u00dferhalb der Reichweite von Kindern aufbewahren. \u00dcberschreiten Sie nicht die empfohlene Tagesdosis. Nicht empfohlen f\u00fcr Kinder, Jugendliche, schwangere oder stillende Frauen oder f\u00fcr Personen in antidiabetischer Behandlung. An einem trockenen und dunklen Ort lagern<\/p>\n","protected":false},"excerpt":{"rendered":"<p>F\u00fcr wen ? Frauen, die ihr Sexualleben verbessern wollen Frauen mit hormonellen Ungleichgewichten: Behandlungen und\/oder Wechseljahre, die die Libido verringern Die Wirkstoffe Maca: diese Pflanze stimuliert das sexuelle Verlangen Ginseng: hilft, gute sexuelle Beziehungen aufrechtzuerhalten Rhodiola: hilft dem K\u00f6rper, sich <a href=\"https:\/\/sex60.de\/shop\/produkt\/top-desire-verbesserte-damen-libido-60-kapseln\/\"> Read more&#8230;<\/a><\/p>\n","protected":false},"featured_media":98396,"comment_status":"closed","ping_status":"open","template":"","meta":[],"product_brand":[],"product_cat":[1119,1121],"product_tag":[],"class_list":{"0":"post-100849","1":"product","2":"type-product","3":"status-publish","4":"has-post-thumbnail","6":"product_cat-oele-und-schmierstoffe","7":"product_cat-weiblicher-orgasmus","9":"first","10":"instock","11":"taxable","12":"shipping-taxable","13":"purchasable","14":"product-type-simple"},"_links":{"self":[{"href":"https:\/\/sex60.de\/shop\/wp-json\/wp\/v2\/product\/100849","targetHints":{"allow":["GET"]}}],"collection":[{"href":"https:\/\/sex60.de\/shop\/wp-json\/wp\/v2\/product"}],"about":[{"href":"https:\/\/sex60.de\/shop\/wp-json\/wp\/v2\/types\/product"}],"replies":[{"embeddable":true,"href":"https:\/\/sex60.de\/shop\/wp-json\/wp\/v2\/comments?post=100849"}],"wp:featuredmedia":[{"embeddable":true,"href":"https:\/\/sex60.de\/shop\/wp-json\/wp\/v2\/media\/98396"}],"wp:attachment":[{"href":"https:\/\/sex60.de\/shop\/wp-json\/wp\/v2\/media?parent=100849"}],"wp:term":[{"taxonomy":"product_brand","embeddable":true,"href":"https:\/\/sex60.de\/shop\/wp-json\/wp\/v2\/product_brand?post=100849"},{"taxonomy":"product_cat","embeddable":true,"href":"https:\/\/sex60.de\/shop\/wp-json\/wp\/v2\/product_cat?post=100849"},{"taxonomy":"product_tag","embeddable":true,"href":"https:\/\/sex60.de\/shop\/wp-json\/wp\/v2\/product_tag?post=100849"}],"curies":[{"name":"wp","href":"https:\/\/api.w.org\/{rel}","templated":true}]}}