{"id":100850,"date":"2025-01-11T20:33:01","date_gmt":"2025-01-11T19:33:01","guid":{"rendered":"https:\/\/sex60.de\/shop\/produkt\/shunga-toko-aqua-schmiermittel\/"},"modified":"2025-01-11T20:33:02","modified_gmt":"2025-01-11T19:33:02","slug":"shunga-toko-aqua-schmiermittel","status":"publish","type":"product","link":"https:\/\/sex60.de\/shop\/produkt\/shunga-toko-aqua-schmiermittel\/","title":{"rendered":"SHUNGA TOKO AQUA SCHMIERMITTEL"},"content":{"rendered":"<p>Toko Aqua ist die n\u00e4chste Generation von Gleitmitteln f\u00fcr den pers\u00f6nlichen Gebrauch, die ausschlie\u00dflich dazu entwickelt wurden, die nat\u00fcrliche Gleitf\u00e4higkeit zu imitieren und das Eindringen zu erleichtern.<\/p>\n<p> Dieses ultra-seidige, langanhaltende Gleitmittel auf Wasserbasis verst\u00e4rkt die K\u00f6rpergef\u00fchle in Momenten intensiver sexueller Erregung.<\/p>\n<ul>\n<li> 165 ml<\/li>\n<\/ul>\n","protected":false},"excerpt":{"rendered":"<p>Toko Aqua ist die n\u00e4chste Generation von Gleitmitteln f\u00fcr den pers\u00f6nlichen Gebrauch, die ausschlie\u00dflich dazu entwickelt wurden, die nat\u00fcrliche Gleitf\u00e4higkeit zu imitieren und das Eindringen zu erleichtern. Dieses ultra-seidige, langanhaltende Gleitmittel auf Wasserbasis verst\u00e4rkt die K\u00f6rpergef\u00fchle in Momenten intensiver sexueller <a href=\"https:\/\/sex60.de\/shop\/produkt\/shunga-toko-aqua-schmiermittel\/\"> Read more&#8230;<\/a><\/p>\n","protected":false},"featured_media":98398,"comment_status":"closed","ping_status":"open","template":"","meta":[],"product_brand":[],"product_cat":[1119,1120,1122],"product_tag":[],"class_list":{"0":"post-100850","1":"product","2":"type-product","3":"status-publish","4":"has-post-thumbnail","6":"product_cat-oele-und-schmierstoffe","7":"product_cat-schmierstoffe","8":"product_cat-wasserbasis","10":"first","11":"instock","12":"taxable","13":"shipping-taxable","14":"purchasable","15":"product-type-simple"},"_links":{"self":[{"href":"https:\/\/sex60.de\/shop\/wp-json\/wp\/v2\/product\/100850","targetHints":{"allow":["GET"]}}],"collection":[{"href":"https:\/\/sex60.de\/shop\/wp-json\/wp\/v2\/product"}],"about":[{"href":"https:\/\/sex60.de\/shop\/wp-json\/wp\/v2\/types\/product"}],"replies":[{"embeddable":true,"href":"https:\/\/sex60.de\/shop\/wp-json\/wp\/v2\/comments?post=100850"}],"wp:featuredmedia":[{"embeddable":true,"href":"https:\/\/sex60.de\/shop\/wp-json\/wp\/v2\/media\/98398"}],"wp:attachment":[{"href":"https:\/\/sex60.de\/shop\/wp-json\/wp\/v2\/media?parent=100850"}],"wp:term":[{"taxonomy":"product_brand","embeddable":true,"href":"https:\/\/sex60.de\/shop\/wp-json\/wp\/v2\/product_brand?post=100850"},{"taxonomy":"product_cat","embeddable":true,"href":"https:\/\/sex60.de\/shop\/wp-json\/wp\/v2\/product_cat?post=100850"},{"taxonomy":"product_tag","embeddable":true,"href":"https:\/\/sex60.de\/shop\/wp-json\/wp\/v2\/product_tag?post=100850"}],"curies":[{"name":"wp","href":"https:\/\/api.w.org\/{rel}","templated":true}]}}