{"id":100856,"date":"2025-01-11T20:33:05","date_gmt":"2025-01-11T19:33:05","guid":{"rendered":"https:\/\/sex60.de\/shop\/produkt\/lelo-persoenliche-feuchtigkeitsflasche\/"},"modified":"2025-01-11T20:33:06","modified_gmt":"2025-01-11T19:33:06","slug":"lelo-persoenliche-feuchtigkeitsflasche","status":"publish","type":"product","link":"https:\/\/sex60.de\/shop\/produkt\/lelo-persoenliche-feuchtigkeitsflasche\/","title":{"rendered":"LELO PERS\u00d6NLICHE FEUCHTIGKEITSFLASCHE"},"content":{"rendered":"<p><span style=\"color: rgb(0, 0, 0); font-family: Verdana, Geneva, sans-serif; font-size: 11px; line-height: normal;\">Die pers\u00f6nliche Feuchtigkeitscreme von Lelo wurde speziell entwickelt, um den Genuss und Komfort intimer Aktivit\u00e4ten zu steigern. Diese langanhaltende Formel auf Wasserbasis spendet Feuchtigkeit mit Aloe Vera und eignet sich daher f\u00fcr den Einsatz in nahezu jeder gew\u00fcnschten Situation. Es ist frei von Glyzerin, Parabenen und Duftstoffen und stellt eine sichere und befriedigende Erg\u00e4nzung f\u00fcr jedes sinnliche Erlebnis dar. Dar\u00fcber hinaus ist die pers\u00f6nliche Feuchtigkeitscreme von Lelo nicht fettend und hinterl\u00e4sst keine Flecken, sodass nichts zwischen Ihnen und Ihren W\u00fcnschen steht.<\/span> <br style=\"color: rgb(0, 0, 0); font-family: Verdana, Geneva, sans-serif; font-size: 11px; line-height: normal;\" \/><br style=\"color: rgb(0, 0, 0); font-family: Verdana, Geneva, sans-serif; font-size: 11px; line-height: normal;\" \/> <span style=\"color: rgb(0, 0, 0); font-family: Verdana, Geneva, sans-serif; font-size: 11px; line-height: normal;\">Spezifikationen: 150 ml<\/span><\/p>\n<p style=\"text-align: center;\">\n","protected":false},"excerpt":{"rendered":"<p>Die pers\u00f6nliche Feuchtigkeitscreme von Lelo wurde speziell entwickelt, um den Genuss und Komfort intimer Aktivit\u00e4ten zu steigern. Diese langanhaltende Formel auf Wasserbasis spendet Feuchtigkeit mit Aloe Vera und eignet sich daher f\u00fcr den Einsatz in nahezu jeder gew\u00fcnschten Situation. Es <a href=\"https:\/\/sex60.de\/shop\/produkt\/lelo-persoenliche-feuchtigkeitsflasche\/\"> Read more&#8230;<\/a><\/p>\n","protected":false},"featured_media":98408,"comment_status":"closed","ping_status":"open","template":"","meta":[],"product_brand":[],"product_cat":[1119,1120,1122],"product_tag":[],"class_list":{"0":"post-100856","1":"product","2":"type-product","3":"status-publish","4":"has-post-thumbnail","6":"product_cat-oele-und-schmierstoffe","7":"product_cat-schmierstoffe","8":"product_cat-wasserbasis","10":"first","11":"instock","12":"taxable","13":"shipping-taxable","14":"purchasable","15":"product-type-simple"},"_links":{"self":[{"href":"https:\/\/sex60.de\/shop\/wp-json\/wp\/v2\/product\/100856","targetHints":{"allow":["GET"]}}],"collection":[{"href":"https:\/\/sex60.de\/shop\/wp-json\/wp\/v2\/product"}],"about":[{"href":"https:\/\/sex60.de\/shop\/wp-json\/wp\/v2\/types\/product"}],"replies":[{"embeddable":true,"href":"https:\/\/sex60.de\/shop\/wp-json\/wp\/v2\/comments?post=100856"}],"wp:featuredmedia":[{"embeddable":true,"href":"https:\/\/sex60.de\/shop\/wp-json\/wp\/v2\/media\/98408"}],"wp:attachment":[{"href":"https:\/\/sex60.de\/shop\/wp-json\/wp\/v2\/media?parent=100856"}],"wp:term":[{"taxonomy":"product_brand","embeddable":true,"href":"https:\/\/sex60.de\/shop\/wp-json\/wp\/v2\/product_brand?post=100856"},{"taxonomy":"product_cat","embeddable":true,"href":"https:\/\/sex60.de\/shop\/wp-json\/wp\/v2\/product_cat?post=100856"},{"taxonomy":"product_tag","embeddable":true,"href":"https:\/\/sex60.de\/shop\/wp-json\/wp\/v2\/product_tag?post=100856"}],"curies":[{"name":"wp","href":"https:\/\/api.w.org\/{rel}","templated":true}]}}