{"id":100857,"date":"2025-01-11T20:33:06","date_gmt":"2025-01-11T19:33:06","guid":{"rendered":"https:\/\/sex60.de\/shop\/produkt\/maennliches-weisses-schmiermittel-250-ml\/"},"modified":"2025-01-11T20:33:07","modified_gmt":"2025-01-11T19:33:07","slug":"maennliches-weisses-schmiermittel-250-ml","status":"publish","type":"product","link":"https:\/\/sex60.de\/shop\/produkt\/maennliches-weisses-schmiermittel-250-ml\/","title":{"rendered":"M\u00c4NNLICHES WEISSES SCHMIERMITTEL 250 ML"},"content":{"rendered":"<p>MALE Cobeco White Lubricant ist ein Intimgleitmittel auf Wasserbasis. Die nat\u00fcrliche wei\u00dfe Farbe simuliert echtes Sperma und lenkt nicht von intimen Momenten ab.<\/p>\n<p> Dieses Intimgleitmittel hat eine feuchtigkeitsspendende und feuchtigkeitsspendende Wirkung. Es sorgt f\u00fcr mehr Komfort bei sexuellen Aktivit\u00e4ten und erg\u00e4nzt die nat\u00fcrliche K\u00f6rperfeuchtigkeit, wodurch der Geschlechtsverkehr intensiver wird.<\/p>\n<p> MALE Cobeco White Lubricant sorgt f\u00fcr mehr erotisches Vergn\u00fcgen f\u00fcr beide Partner.<\/p>\n<p> Dieses Gleitmittel kann auch in Kombination mit Latexkondomen verwendet werden.<\/p>\n<p> * Dieses Produkt enth\u00e4lt ein Etikett mit Anweisungen in den folgenden Sprachen: \/en\/de\/fr\/es\/it\/nl\/<\/p>\n","protected":false},"excerpt":{"rendered":"<p>MALE Cobeco White Lubricant ist ein Intimgleitmittel auf Wasserbasis. Die nat\u00fcrliche wei\u00dfe Farbe simuliert echtes Sperma und lenkt nicht von intimen Momenten ab. Dieses Intimgleitmittel hat eine feuchtigkeitsspendende und feuchtigkeitsspendende Wirkung. Es sorgt f\u00fcr mehr Komfort bei sexuellen Aktivit\u00e4ten und <a href=\"https:\/\/sex60.de\/shop\/produkt\/maennliches-weisses-schmiermittel-250-ml\/\"> Read more&#8230;<\/a><\/p>\n","protected":false},"featured_media":98411,"comment_status":"closed","ping_status":"open","template":"","meta":[],"product_brand":[],"product_cat":[1119,1120,1122],"product_tag":[],"class_list":{"0":"post-100857","1":"product","2":"type-product","3":"status-publish","4":"has-post-thumbnail","6":"product_cat-oele-und-schmierstoffe","7":"product_cat-schmierstoffe","8":"product_cat-wasserbasis","10":"first","11":"instock","12":"taxable","13":"shipping-taxable","14":"purchasable","15":"product-type-simple"},"_links":{"self":[{"href":"https:\/\/sex60.de\/shop\/wp-json\/wp\/v2\/product\/100857","targetHints":{"allow":["GET"]}}],"collection":[{"href":"https:\/\/sex60.de\/shop\/wp-json\/wp\/v2\/product"}],"about":[{"href":"https:\/\/sex60.de\/shop\/wp-json\/wp\/v2\/types\/product"}],"replies":[{"embeddable":true,"href":"https:\/\/sex60.de\/shop\/wp-json\/wp\/v2\/comments?post=100857"}],"wp:featuredmedia":[{"embeddable":true,"href":"https:\/\/sex60.de\/shop\/wp-json\/wp\/v2\/media\/98411"}],"wp:attachment":[{"href":"https:\/\/sex60.de\/shop\/wp-json\/wp\/v2\/media?parent=100857"}],"wp:term":[{"taxonomy":"product_brand","embeddable":true,"href":"https:\/\/sex60.de\/shop\/wp-json\/wp\/v2\/product_brand?post=100857"},{"taxonomy":"product_cat","embeddable":true,"href":"https:\/\/sex60.de\/shop\/wp-json\/wp\/v2\/product_cat?post=100857"},{"taxonomy":"product_tag","embeddable":true,"href":"https:\/\/sex60.de\/shop\/wp-json\/wp\/v2\/product_tag?post=100857"}],"curies":[{"name":"wp","href":"https:\/\/api.w.org\/{rel}","templated":true}]}}