{"id":100897,"date":"2025-01-11T20:33:41","date_gmt":"2025-01-11T19:33:41","guid":{"rendered":"https:\/\/sex60.de\/shop\/produkt\/swede-original-schmiermittel-frau-sensitive-60-ml\/"},"modified":"2025-01-11T20:33:42","modified_gmt":"2025-01-11T19:33:42","slug":"swede-original-schmiermittel-frau-sensitive-60-ml","status":"publish","type":"product","link":"https:\/\/sex60.de\/shop\/produkt\/swede-original-schmiermittel-frau-sensitive-60-ml\/","title":{"rendered":"SWEDE ORIGINAL SCHMIERMITTEL FRAU SENSITIVE 60 ML"},"content":{"rendered":"<p style=\"line-height: 20.8px;\">Woman Sensitive basiert auf der innovativen wasserbasierten Aqua Comfort-Formel von Swede. Aber auch hier hat Swede einige nat\u00fcrliche Wirkstoffe hinzugef\u00fcgt, die eine pflegende Wirkung im Vaginalbereich haben und dabei helfen, Reizungen und Beschwerden vorzubeugen.<\/p>\n<p> Aloe Vera: Swede hat gro\u00dfz\u00fcgige Mengen Aloe Vera hinzugef\u00fcgt. Die Heilkraft der Aloe Vera ist auf der ganzen Welt bekannt, sie enth\u00e4lt aber auch einen hohen Anteil an Glykoproteinen ? dem Strukturbestandteil der nat\u00fcrlichen Vaginalfl\u00fcssigkeit.<\/p>\n<p> Leinsamenextrakt: Swede hat Leinsamenextrakt hinzugef\u00fcgt, der einen hohen Anteil an Mucinen enth\u00e4lt und daher eine sehr positive Wirkung auf die empfindliche Vaginal- und Analschleimhaut hat. Leinsamenextrakt ist au\u00dferdem ein starkes Antioxidans, das sich positiv auf das Weichgewebe auswirkt.<\/p>\n<p> Kamillenextrakt: ist ein antiallergener Wirkstoff mit reizlindernder Wirkung. Es hat auch entz\u00fcndungshemmende und antiseptische Eigenschaften.<\/p>\n<p> Piroctone Olamine: ist ein aktives Fungizid, das hilft, vaginale Hefepilzinfektionen zu verhindern.<\/p>\n<ul style=\"line-height: 20.8px;\">\n<li> Langlebig und nicht klebrig<\/li>\n<li> Glycerin- und Parabenfrei<\/li>\n<li> Ohne Propylenglykol<\/li>\n<li> Nat\u00fcrliche Wirkstoffe<\/li>\n<li> Geringes Reizungsrisiko<\/li>\n<li> pH-ausgeglichen<\/li>\n<li> Leicht mit Wasser absp\u00fclbar<\/li>\n<li> Hinterl\u00e4sst keine R\u00fcckst\u00e4nde<\/li>\n<li> Kondomsicher<\/li>\n<\/ul>\n<p style=\"line-height: 20.8px;\"> 60 ml<\/p>\n","protected":false},"excerpt":{"rendered":"<p>Woman Sensitive basiert auf der innovativen wasserbasierten Aqua Comfort-Formel von Swede. Aber auch hier hat Swede einige nat\u00fcrliche Wirkstoffe hinzugef\u00fcgt, die eine pflegende Wirkung im Vaginalbereich haben und dabei helfen, Reizungen und Beschwerden vorzubeugen. Aloe Vera: Swede hat gro\u00dfz\u00fcgige Mengen <a href=\"https:\/\/sex60.de\/shop\/produkt\/swede-original-schmiermittel-frau-sensitive-60-ml\/\"> Read more&#8230;<\/a><\/p>\n","protected":false},"featured_media":98497,"comment_status":"closed","ping_status":"open","template":"","meta":[],"product_brand":[],"product_cat":[1119,1120,1122],"product_tag":[],"class_list":{"0":"post-100897","1":"product","2":"type-product","3":"status-publish","4":"has-post-thumbnail","6":"product_cat-oele-und-schmierstoffe","7":"product_cat-schmierstoffe","8":"product_cat-wasserbasis","10":"first","11":"instock","12":"taxable","13":"shipping-taxable","14":"purchasable","15":"product-type-simple"},"_links":{"self":[{"href":"https:\/\/sex60.de\/shop\/wp-json\/wp\/v2\/product\/100897","targetHints":{"allow":["GET"]}}],"collection":[{"href":"https:\/\/sex60.de\/shop\/wp-json\/wp\/v2\/product"}],"about":[{"href":"https:\/\/sex60.de\/shop\/wp-json\/wp\/v2\/types\/product"}],"replies":[{"embeddable":true,"href":"https:\/\/sex60.de\/shop\/wp-json\/wp\/v2\/comments?post=100897"}],"wp:featuredmedia":[{"embeddable":true,"href":"https:\/\/sex60.de\/shop\/wp-json\/wp\/v2\/media\/98497"}],"wp:attachment":[{"href":"https:\/\/sex60.de\/shop\/wp-json\/wp\/v2\/media?parent=100897"}],"wp:term":[{"taxonomy":"product_brand","embeddable":true,"href":"https:\/\/sex60.de\/shop\/wp-json\/wp\/v2\/product_brand?post=100897"},{"taxonomy":"product_cat","embeddable":true,"href":"https:\/\/sex60.de\/shop\/wp-json\/wp\/v2\/product_cat?post=100897"},{"taxonomy":"product_tag","embeddable":true,"href":"https:\/\/sex60.de\/shop\/wp-json\/wp\/v2\/product_tag?post=100897"}],"curies":[{"name":"wp","href":"https:\/\/api.w.org\/{rel}","templated":true}]}}