{"id":102930,"date":"2025-01-11T21:32:34","date_gmt":"2025-01-11T20:32:34","guid":{"rendered":"https:\/\/sex60.de\/shop\/produkt\/pasante-regelmaessige-kondome-12er-pack\/"},"modified":"2025-01-11T21:32:34","modified_gmt":"2025-01-11T20:32:34","slug":"pasante-regelmaessige-kondome-12er-pack","status":"publish","type":"product","link":"https:\/\/sex60.de\/shop\/produkt\/pasante-regelmaessige-kondome-12er-pack\/","title":{"rendered":"PASANTE REGELM\u00c4SSIGE KONDOME 12ER PACK"},"content":{"rendered":"<p>Pasante Regular Kondome haben eine leicht konische Form f\u00fcr ein nat\u00fcrliches Gef\u00fchl. Weich, naturfarben und mit Zitzenspitze.<\/p>\n<ul>\n<li> Enth\u00e4lt 12 Kondome<\/li>\n<li> Nicht mit Spermizid geschmiert<\/li>\n<li> CE Kennzeichnung<\/li>\n<li> Es enth\u00e4lt keine Inhaltsstoffe tierischen Ursprungs.<\/li>\n<li> Ohne Alkohol<\/li>\n<li> 190 mm Nennl\u00e4nge<\/li>\n<li> 54 mm Nennweite<\/li>\n<\/ul>\n<p> Richtiges An- und Ausziehen des Kondoms f\u00fcr M\u00e4nner<br \/> \u00d6ffnen und entfernen Sie das Kondom vorsichtig aus seiner Verpackung. Legen Sie das Kondom auf den Kopf des erigierten und festen Penis. Wenn Sie beschnitten sind, ziehen Sie zuerst Ihre Vorhaut zur\u00fcck. Dr\u00fccke die Luft aus, die sich in der Spitze des Kondoms befindet<\/p>\n","protected":false},"excerpt":{"rendered":"<p>Pasante Regular Kondome haben eine leicht konische Form f\u00fcr ein nat\u00fcrliches Gef\u00fchl. Weich, naturfarben und mit Zitzenspitze. Enth\u00e4lt 12 Kondome Nicht mit Spermizid geschmiert CE Kennzeichnung Es enth\u00e4lt keine Inhaltsstoffe tierischen Ursprungs. Ohne Alkohol 190 mm Nennl\u00e4nge 54 mm Nennweite <a href=\"https:\/\/sex60.de\/shop\/produkt\/pasante-regelmaessige-kondome-12er-pack\/\"> Read more&#8230;<\/a><\/p>\n","protected":false},"featured_media":102931,"comment_status":"closed","ping_status":"open","template":"","meta":[],"product_brand":[],"product_cat":[1150,1147],"product_tag":[],"class_list":{"0":"post-102930","1":"product","2":"type-product","3":"status-publish","4":"has-post-thumbnail","6":"product_cat-bulk-kondome","7":"product_cat-kondome-2","9":"first","10":"instock","11":"taxable","12":"shipping-taxable","13":"purchasable","14":"product-type-simple"},"_links":{"self":[{"href":"https:\/\/sex60.de\/shop\/wp-json\/wp\/v2\/product\/102930","targetHints":{"allow":["GET"]}}],"collection":[{"href":"https:\/\/sex60.de\/shop\/wp-json\/wp\/v2\/product"}],"about":[{"href":"https:\/\/sex60.de\/shop\/wp-json\/wp\/v2\/types\/product"}],"replies":[{"embeddable":true,"href":"https:\/\/sex60.de\/shop\/wp-json\/wp\/v2\/comments?post=102930"}],"wp:featuredmedia":[{"embeddable":true,"href":"https:\/\/sex60.de\/shop\/wp-json\/wp\/v2\/media\/102931"}],"wp:attachment":[{"href":"https:\/\/sex60.de\/shop\/wp-json\/wp\/v2\/media?parent=102930"}],"wp:term":[{"taxonomy":"product_brand","embeddable":true,"href":"https:\/\/sex60.de\/shop\/wp-json\/wp\/v2\/product_brand?post=102930"},{"taxonomy":"product_cat","embeddable":true,"href":"https:\/\/sex60.de\/shop\/wp-json\/wp\/v2\/product_cat?post=102930"},{"taxonomy":"product_tag","embeddable":true,"href":"https:\/\/sex60.de\/shop\/wp-json\/wp\/v2\/product_tag?post=102930"}],"curies":[{"name":"wp","href":"https:\/\/api.w.org\/{rel}","templated":true}]}}