{"id":102960,"date":"2025-01-11T21:32:58","date_gmt":"2025-01-11T20:32:58","guid":{"rendered":"https:\/\/sex60.de\/shop\/produkt\/durex-genuss-verlaengert-verzoegert-12-stk\/"},"modified":"2025-01-11T21:32:59","modified_gmt":"2025-01-11T20:32:59","slug":"durex-genuss-verlaengert-verzoegert-12-stk","status":"publish","type":"product","link":"https:\/\/sex60.de\/shop\/produkt\/durex-genuss-verlaengert-verzoegert-12-stk\/","title":{"rendered":"DUREX GENUSS VERL\u00c4NGERT VERZ\u00d6GERT 12 STK"},"content":{"rendered":"<p>Durex Pleasure Extended sind Kondome mit Gleitmittel Performa f\u00fcr ein l\u00e4nger anhaltendes Vergn\u00fcgen. Dank seiner hemmenden Wirkung verl\u00e4ngert Durex Pleasure Extended Ihre Beziehungen und erh\u00f6ht so die Zeit des Vergn\u00fcgens.<\/p>\n<p> Erweiterte Funktionen des Durex-Vergn\u00fcgens:<\/p>\n<ul>\n<li> Konservierungsmittel aus Naturkautschuklatex, glatt<\/li>\n<li> Enth\u00e4lt das Gleitmittel Performa mit 5 % Benzocain, das die Ejakulation verz\u00f6gert<\/li>\n<li> Transparent, geschmiert<\/li>\n<li> Anatomisch geformtes Easy-On, mit Einlage<\/li>\n<li> Transparente Kondome<\/li>\n<li> Nennbreite: 56 mm<\/li>\n<\/ul>\n<p> Spezielle Form, die Durex vor langer Zeit zum Vergn\u00fcgen hergestellt hat, damit sie besser riechen und keine unangenehmen Ablenkungen entstehen, sodass Sie sich entspannen und genie\u00dfen k\u00f6nnen.<\/p>\n<p> Das Gleitmittel von Durex Pleasure Extended kann Hautausschl\u00e4ge, Reizungen, Brennen oder Juckreiz verursachen.<\/p>\n<p> Den Kontakt mit den Augen vermeiden. Nach Gebrauch reinigen. Wenn Sie Reizungen versp\u00fcren, brechen Sie die Anwendung ab und konsultieren Sie einen Arzt, wenn keine Besserung eintritt.<\/p>\n<p> Verwenden Sie diese Kondome nicht, wenn Sie oder Ihr Partner entz\u00fcndete oder rissige Haut haben. Wenn bei Ihnen oder Ihrem Partner Atemnot auftritt oder Sie blaue Lippen bekommen, w\u00e4hrend Sie diese Kondome verwenden, stellen Sie die Verwendung sofort ein und rufen Sie Ihren Arzt an.<\/p>\n<p> Vorzeitige Ejakulation ist ein h\u00e4ufiges Problem, das auf Ursachen zur\u00fcckzuf\u00fchren sein kann, die \u00e4rztliche Hilfe erfordern. Wenn Ihnen diese Kondome nicht helfen, wenden Sie sich an Ihren Arzt.<\/p>\n<ul>\n<li> Box 12 Einheiten<\/li>\n<\/ul>\n","protected":false},"excerpt":{"rendered":"<p>Durex Pleasure Extended sind Kondome mit Gleitmittel Performa f\u00fcr ein l\u00e4nger anhaltendes Vergn\u00fcgen. Dank seiner hemmenden Wirkung verl\u00e4ngert Durex Pleasure Extended Ihre Beziehungen und erh\u00f6ht so die Zeit des Vergn\u00fcgens. Erweiterte Funktionen des Durex-Vergn\u00fcgens: Konservierungsmittel aus Naturkautschuklatex, glatt Enth\u00e4lt das <a href=\"https:\/\/sex60.de\/shop\/produkt\/durex-genuss-verlaengert-verzoegert-12-stk\/\"> Read more&#8230;<\/a><\/p>\n","protected":false},"featured_media":102961,"comment_status":"closed","ping_status":"open","template":"","meta":[],"product_brand":[],"product_cat":[1147,1151],"product_tag":[],"class_list":{"0":"post-102960","1":"product","2":"type-product","3":"status-publish","4":"has-post-thumbnail","6":"product_cat-kondome-2","7":"product_cat-spezielle-kondome","9":"first","10":"instock","11":"taxable","12":"shipping-taxable","13":"purchasable","14":"product-type-simple"},"_links":{"self":[{"href":"https:\/\/sex60.de\/shop\/wp-json\/wp\/v2\/product\/102960","targetHints":{"allow":["GET"]}}],"collection":[{"href":"https:\/\/sex60.de\/shop\/wp-json\/wp\/v2\/product"}],"about":[{"href":"https:\/\/sex60.de\/shop\/wp-json\/wp\/v2\/types\/product"}],"replies":[{"embeddable":true,"href":"https:\/\/sex60.de\/shop\/wp-json\/wp\/v2\/comments?post=102960"}],"wp:featuredmedia":[{"embeddable":true,"href":"https:\/\/sex60.de\/shop\/wp-json\/wp\/v2\/media\/102961"}],"wp:attachment":[{"href":"https:\/\/sex60.de\/shop\/wp-json\/wp\/v2\/media?parent=102960"}],"wp:term":[{"taxonomy":"product_brand","embeddable":true,"href":"https:\/\/sex60.de\/shop\/wp-json\/wp\/v2\/product_brand?post=102960"},{"taxonomy":"product_cat","embeddable":true,"href":"https:\/\/sex60.de\/shop\/wp-json\/wp\/v2\/product_cat?post=102960"},{"taxonomy":"product_tag","embeddable":true,"href":"https:\/\/sex60.de\/shop\/wp-json\/wp\/v2\/product_tag?post=102960"}],"curies":[{"name":"wp","href":"https:\/\/api.w.org\/{rel}","templated":true}]}}