{"id":102983,"date":"2025-01-11T21:33:26","date_gmt":"2025-01-11T20:33:26","guid":{"rendered":"https:\/\/sex60.de\/shop\/produkt\/control-adapta-senso-144-unid\/"},"modified":"2025-01-11T21:33:27","modified_gmt":"2025-01-11T20:33:27","slug":"control-adapta-senso-144-unid","status":"publish","type":"product","link":"https:\/\/sex60.de\/shop\/produkt\/control-adapta-senso-144-unid\/","title":{"rendered":"CONTROL ADAPTA SENSO 144 UNID"},"content":{"rendered":"<p>Das spezielle Design von Control Adapta Senso erm\u00f6glicht eine perfekte Anpassungsf\u00e4higkeit, wodurch Ihre sexuelle Beziehung zufriedenstellender wird.<\/p>\n<p> Seine noch d\u00fcnnere Dicke erh\u00f6ht auch die Empfindlichkeit beim Geschlechtsverkehr.<\/p>\n<div class=\"rte\" id=\"idTab1\">\n<p> Control Adapta Senso ist ein Kondom aus Naturkautschuklatex von h\u00f6chster Qualit\u00e4t, d\u00fcnn, glatt, anatomisch, mit nicht parallelen Seiten, transparent, geschmiert und mit einer Ablagerung<\/p>\n<ul>\n<li> Dermatologisch getestet.<\/li>\n<li> Nennbreite: 54mm.<\/li>\n<li> Box 144 Kondome. <\/li>\n<\/ul>\n<p style=\"text-align: center;\"><img loading=\"lazy\" decoding=\"async\" alt=\"\" height=\"230\" src=\"https:\/\/interno.dreamlove.es\/UserFiles\/image\/homeGama.png\" width=\"505\" \/><\/p>\n<\/div>\n","protected":false},"excerpt":{"rendered":"<p>Das spezielle Design von Control Adapta Senso erm\u00f6glicht eine perfekte Anpassungsf\u00e4higkeit, wodurch Ihre sexuelle Beziehung zufriedenstellender wird. Seine noch d\u00fcnnere Dicke erh\u00f6ht auch die Empfindlichkeit beim Geschlechtsverkehr. Control Adapta Senso ist ein Kondom aus Naturkautschuklatex von h\u00f6chster Qualit\u00e4t, d\u00fcnn, glatt, <a href=\"https:\/\/sex60.de\/shop\/produkt\/control-adapta-senso-144-unid\/\"> Read more&#8230;<\/a><\/p>\n","protected":false},"featured_media":102984,"comment_status":"closed","ping_status":"open","template":"","meta":[],"product_brand":[],"product_cat":[1147,1151],"product_tag":[],"class_list":{"0":"post-102983","1":"product","2":"type-product","3":"status-publish","4":"has-post-thumbnail","6":"product_cat-kondome-2","7":"product_cat-spezielle-kondome","9":"first","10":"instock","11":"taxable","12":"shipping-taxable","13":"purchasable","14":"product-type-simple"},"_links":{"self":[{"href":"https:\/\/sex60.de\/shop\/wp-json\/wp\/v2\/product\/102983","targetHints":{"allow":["GET"]}}],"collection":[{"href":"https:\/\/sex60.de\/shop\/wp-json\/wp\/v2\/product"}],"about":[{"href":"https:\/\/sex60.de\/shop\/wp-json\/wp\/v2\/types\/product"}],"replies":[{"embeddable":true,"href":"https:\/\/sex60.de\/shop\/wp-json\/wp\/v2\/comments?post=102983"}],"wp:featuredmedia":[{"embeddable":true,"href":"https:\/\/sex60.de\/shop\/wp-json\/wp\/v2\/media\/102984"}],"wp:attachment":[{"href":"https:\/\/sex60.de\/shop\/wp-json\/wp\/v2\/media?parent=102983"}],"wp:term":[{"taxonomy":"product_brand","embeddable":true,"href":"https:\/\/sex60.de\/shop\/wp-json\/wp\/v2\/product_brand?post=102983"},{"taxonomy":"product_cat","embeddable":true,"href":"https:\/\/sex60.de\/shop\/wp-json\/wp\/v2\/product_cat?post=102983"},{"taxonomy":"product_tag","embeddable":true,"href":"https:\/\/sex60.de\/shop\/wp-json\/wp\/v2\/product_tag?post=102983"}],"curies":[{"name":"wp","href":"https:\/\/api.w.org\/{rel}","templated":true}]}}