{"id":103326,"date":"2025-01-11T21:44:08","date_gmt":"2025-01-11T20:44:08","guid":{"rendered":"https:\/\/sex60.de\/shop\/produkt\/kodak-max-alkaline-batterie-aa-lr6-blister-4\/"},"modified":"2025-01-11T21:44:08","modified_gmt":"2025-01-11T20:44:08","slug":"kodak-max-alkaline-batterie-aa-lr6-blister-4","status":"publish","type":"product","link":"https:\/\/sex60.de\/shop\/produkt\/kodak-max-alkaline-batterie-aa-lr6-blister-4\/","title":{"rendered":"KODAK MAX ALKALINE BATTERIE AA LR6 BLISTER * 4"},"content":{"rendered":"<p>Die AA-Batterie ist die am weitesten verbreitete Batterie der Welt und befindet sich in Hunderttausenden von Ger\u00e4ten. Zu den IEC-Codes f\u00fcr AA-Batterien geh\u00f6ren der beliebte LR6 f\u00fcr AA-Alkalibatterien und HR6 f\u00fcr NiMH-Akkus. Die normale Spannung f\u00fcr diese Batterien betr\u00e4gt 1,5 V, w\u00e4hrend wiederaufladbare Batterien im Allgemeinen 1,2 V liefern. Die neuen AA-Lithiumbatterien bieten eine viel h\u00f6here Kapazit\u00e4t zu einem etwas h\u00f6heren Preis. Die 1907 eingef\u00fchrte AA-Batteriegr\u00f6\u00dfe wurde 1947 vom American National Standards Institute (ANSI) standardisiert, wurde jedoch vor der formalen Standardisierung einige Zeit in Taschenlampen und elektrischen Neuheiten verwendet. Die Nomenklatur der ANSI- und IEC-Batterien gibt verschiedene Bezeichnungen f\u00fcr Zellen dieser Gr\u00f6\u00dfe an, abh\u00e4ngig von den Eigenschaften der Zelle und der Chemie.<\/p>\n<p> Jede AA-Batterie ist 51 mm lang und hat einen Durchmesser von 14 mm. Die Formate, in denen die AA-Batterie erh\u00e4ltlich ist, sind Alkalibatterien, Salzbatterien, langlebige Lithiumbatterien und wiederaufladbare Batterien mit unterschiedlichen Kapazit\u00e4ten.<\/p>\n<p> AA-Alkalibatterien haben eine Haltbarkeit von ca. 6 Jahren, w\u00e4hrend AA-Lithium\u00e4quivalente bis zu 9 Jahre vor Gebrauch halten. Wiederaufladbare AA-Batterien sind jetzt in NiMH mit einer Kapazit\u00e4t von bis zu 2850 mAh erh\u00e4ltlich und sind auch in der neuen &quot;vorgeladenen&quot; Technologie erh\u00e4ltlich, mit der Sie sie sofort verwenden k\u00f6nnen.<\/p>\n<p> &#8211; Marke: Kodak<br \/> &#8211; Typ: AA Alkaline<br \/> &#8211; Technologie: <strong>Alkaline MAX st\u00e4rker<\/strong><br \/> &#8211; Spannung: 1,5V<\/p>\n","protected":false},"excerpt":{"rendered":"<p>Die AA-Batterie ist die am weitesten verbreitete Batterie der Welt und befindet sich in Hunderttausenden von Ger\u00e4ten. Zu den IEC-Codes f\u00fcr AA-Batterien geh\u00f6ren der beliebte LR6 f\u00fcr AA-Alkalibatterien und HR6 f\u00fcr NiMH-Akkus. Die normale Spannung f\u00fcr diese Batterien betr\u00e4gt 1,5 <a href=\"https:\/\/sex60.de\/shop\/produkt\/kodak-max-alkaline-batterie-aa-lr6-blister-4\/\"> Read more&#8230;<\/a><\/p>\n","protected":false},"featured_media":103327,"comment_status":"closed","ping_status":"open","template":"","meta":[],"product_brand":[],"product_cat":[1159,1136],"product_tag":[],"class_list":{"0":"post-103326","1":"product","2":"type-product","3":"status-publish","4":"has-post-thumbnail","6":"product_cat-batterien-verschiedene-artikel","7":"product_cat-verschiedene-artikel","9":"first","10":"instock","11":"taxable","12":"shipping-taxable","13":"purchasable","14":"product-type-simple"},"_links":{"self":[{"href":"https:\/\/sex60.de\/shop\/wp-json\/wp\/v2\/product\/103326","targetHints":{"allow":["GET"]}}],"collection":[{"href":"https:\/\/sex60.de\/shop\/wp-json\/wp\/v2\/product"}],"about":[{"href":"https:\/\/sex60.de\/shop\/wp-json\/wp\/v2\/types\/product"}],"replies":[{"embeddable":true,"href":"https:\/\/sex60.de\/shop\/wp-json\/wp\/v2\/comments?post=103326"}],"wp:featuredmedia":[{"embeddable":true,"href":"https:\/\/sex60.de\/shop\/wp-json\/wp\/v2\/media\/103327"}],"wp:attachment":[{"href":"https:\/\/sex60.de\/shop\/wp-json\/wp\/v2\/media?parent=103326"}],"wp:term":[{"taxonomy":"product_brand","embeddable":true,"href":"https:\/\/sex60.de\/shop\/wp-json\/wp\/v2\/product_brand?post=103326"},{"taxonomy":"product_cat","embeddable":true,"href":"https:\/\/sex60.de\/shop\/wp-json\/wp\/v2\/product_cat?post=103326"},{"taxonomy":"product_tag","embeddable":true,"href":"https:\/\/sex60.de\/shop\/wp-json\/wp\/v2\/product_tag?post=103326"}],"curies":[{"name":"wp","href":"https:\/\/api.w.org\/{rel}","templated":true}]}}