{"id":103454,"date":"2025-01-11T21:45:45","date_gmt":"2025-01-11T20:45:45","guid":{"rendered":"https:\/\/sex60.de\/shop\/produkt\/aquaglide-kirsch-schmiermittel-100-ml\/"},"modified":"2025-01-11T21:45:46","modified_gmt":"2025-01-11T20:45:46","slug":"aquaglide-kirsch-schmiermittel-100-ml","status":"publish","type":"product","link":"https:\/\/sex60.de\/shop\/produkt\/aquaglide-kirsch-schmiermittel-100-ml\/","title":{"rendered":"AQUAGLIDE KIRSCH-SCHMIERMITTEL 100 ML"},"content":{"rendered":"<p><strong>Die ideale Erg\u00e4nzung f\u00fcr stundenlange Sinnesfreuden!<\/strong><\/p>\n<p> Das angenehme und wasserbasierte Original AQUAglide bietet eine leichte und zuverl\u00e4ssige L\u00f6sung, wenn die nat\u00fcrliche Gleitf\u00e4higkeit der Vagina nicht ausreicht. Aber auch ohne dieses Problem sorgt es f\u00fcr eine gr\u00f6\u00dfere Intensit\u00e4t der Empfindung und Erregung beim Liebesspiel. Und AQUAglide bietet gegen\u00fcber anderen Gleitmitteln zahlreiche Vorteile. Sie k\u00f6nnen es beispielsweise als hochwertiges Massagegel verwenden oder als ideale Erg\u00e4nzung zur Verwendung von Latexkondomen oder unseren verf\u00fchrerischen Lovestyle-Toys. Oder peppen Sie Oralsex mit den s\u00fcndhaft k\u00f6stlichen Duft- und Geschmacksvarianten wie Erdbeere, Kirsche, Banane, Exotik und Himbeere auf.<\/p>\n<p> Egal, wie Sie es nutzen ? mit AQUAglide erreichen Sie und Ihr Partner beim Liebesspiel neue H\u00f6hen des Vergn\u00fcgens! Das best\u00e4tigen alle M\u00e4nner und Frauen, die AQUAglide seit \u00fcber zehn Jahren zu einem der beliebtesten Gleitmittel Europas machen. Und dann nat\u00fcrlich die hervorragenden Testergebnisse zahlreicher namhafter Verbraucherverb\u00e4nde!<\/p>\n<p> <strong>Die vielen Vorteile von AQUAglide:<\/strong><\/p>\n<p> ? als medizinisches Produkt zugelassen<br \/> ? wasserl\u00f6slich und fettfrei<br \/> ? unterliegen einer st\u00e4ndigen Qualit\u00e4tskontrolle<br \/> ? Auch f\u00fcr den Oralverkehr geeignet<br \/> ? verf\u00fcgt \u00fcber langanhaltende Schmiereigenschaften<br \/> ? pH-optimiert<br \/> ? hocheffektiv, mit wenig Aufwand kann man viel bewirken<br \/> ? HERGESTELLT IN DEUTSCHLAND<br \/> ? unterliegen regelm\u00e4\u00dfigen medizinischen und dermatologischen Tests<br \/> ? zur Verwendung mit Kondomen geeignet<br \/> ? erh\u00e4ltlich in der Apotheke, im gut sortierten Erotikfachhandel und im Internet<\/p>\n<\/p>\n<p> Medizinisches Gleitmittel mit Kirschduft und Kirschgeschmack<\/p>\n<ul>\n<li> 100 ml,<\/li>\n<\/ul>\n","protected":false},"excerpt":{"rendered":"<p>Die ideale Erg\u00e4nzung f\u00fcr stundenlange Sinnesfreuden! Das angenehme und wasserbasierte Original AQUAglide bietet eine leichte und zuverl\u00e4ssige L\u00f6sung, wenn die nat\u00fcrliche Gleitf\u00e4higkeit der Vagina nicht ausreicht. Aber auch ohne dieses Problem sorgt es f\u00fcr eine gr\u00f6\u00dfere Intensit\u00e4t der Empfindung und <a href=\"https:\/\/sex60.de\/shop\/produkt\/aquaglide-kirsch-schmiermittel-100-ml\/\"> Read more&#8230;<\/a><\/p>\n","protected":false},"featured_media":103455,"comment_status":"closed","ping_status":"open","template":"","meta":[],"product_brand":[],"product_cat":[1162,1136],"product_tag":[],"class_list":{"0":"post-103454","1":"product","2":"type-product","3":"status-publish","4":"has-post-thumbnail","6":"product_cat-einkaeufe","7":"product_cat-verschiedene-artikel","9":"first","10":"instock","11":"taxable","12":"shipping-taxable","13":"purchasable","14":"product-type-simple"},"_links":{"self":[{"href":"https:\/\/sex60.de\/shop\/wp-json\/wp\/v2\/product\/103454","targetHints":{"allow":["GET"]}}],"collection":[{"href":"https:\/\/sex60.de\/shop\/wp-json\/wp\/v2\/product"}],"about":[{"href":"https:\/\/sex60.de\/shop\/wp-json\/wp\/v2\/types\/product"}],"replies":[{"embeddable":true,"href":"https:\/\/sex60.de\/shop\/wp-json\/wp\/v2\/comments?post=103454"}],"wp:featuredmedia":[{"embeddable":true,"href":"https:\/\/sex60.de\/shop\/wp-json\/wp\/v2\/media\/103455"}],"wp:attachment":[{"href":"https:\/\/sex60.de\/shop\/wp-json\/wp\/v2\/media?parent=103454"}],"wp:term":[{"taxonomy":"product_brand","embeddable":true,"href":"https:\/\/sex60.de\/shop\/wp-json\/wp\/v2\/product_brand?post=103454"},{"taxonomy":"product_cat","embeddable":true,"href":"https:\/\/sex60.de\/shop\/wp-json\/wp\/v2\/product_cat?post=103454"},{"taxonomy":"product_tag","embeddable":true,"href":"https:\/\/sex60.de\/shop\/wp-json\/wp\/v2\/product_tag?post=103454"}],"curies":[{"name":"wp","href":"https:\/\/api.w.org\/{rel}","templated":true}]}}