{"id":103510,"date":"2025-01-11T21:48:22","date_gmt":"2025-01-11T20:48:22","guid":{"rendered":"https:\/\/sex60.de\/shop\/produkt\/aufwaermendes-karamell\/"},"modified":"2025-01-11T21:48:23","modified_gmt":"2025-01-11T20:48:23","slug":"aufwaermendes-karamell","status":"publish","type":"product","link":"https:\/\/sex60.de\/shop\/produkt\/aufwaermendes-karamell\/","title":{"rendered":"AUFW\u00c4RMENDES KARAMELL"},"content":{"rendered":"<p>Wer kennt das nicht: Man freut sich auf eine Massage, aber es ist so kalt, dass das Wohlgef\u00fchl schnell verfliegt. Mit WARMup werden Sie dieses Problem nie haben. Die faszinierende Wirkung der hochwertigen Rezeptur ist sofort und angenehm sp\u00fcrbar. Die verschiedenen D\u00fcfte machen zudem Lust, Ihrer Fantasie freien Lauf zu lassen. Dar\u00fcber hinaus l\u00e4sst Sie WARMup auch unmissverst\u00e4ndlich wissen, was auf Sie zukommt.<\/p>\n<p> WARMup ? das hochwertige Massage\u00f6l, das Sie f\u00fcr hei\u00dfe N\u00e4chte voller Leidenschaft w\u00e4rmt!<\/p>\n<p> Die vielen Vorteile von WARMup:<\/p>\n<ul>\n<li> Pures Massagevergn\u00fcgen f\u00fcr beide Partner<\/li>\n<li> Samtig-weiches Hautgef\u00fchl<\/li>\n<li> Hochwirksam, mit einer kleinen Menge kommt man schon weit<\/li>\n<li> Dermatologisch und klinisch getestet<\/li>\n<li> Unterliegt einer st\u00e4ndigen Qualit\u00e4tskontrolle<\/li>\n<li> Hergestellt in Deutschland<\/li>\n<\/ul>\n","protected":false},"excerpt":{"rendered":"<p>Wer kennt das nicht: Man freut sich auf eine Massage, aber es ist so kalt, dass das Wohlgef\u00fchl schnell verfliegt. Mit WARMup werden Sie dieses Problem nie haben. Die faszinierende Wirkung der hochwertigen Rezeptur ist sofort und angenehm sp\u00fcrbar. Die <a href=\"https:\/\/sex60.de\/shop\/produkt\/aufwaermendes-karamell\/\"> Read more&#8230;<\/a><\/p>\n","protected":false},"featured_media":103511,"comment_status":"closed","ping_status":"open","template":"","meta":[],"product_brand":[],"product_cat":[1162,1136],"product_tag":[],"class_list":{"0":"post-103510","1":"product","2":"type-product","3":"status-publish","4":"has-post-thumbnail","6":"product_cat-einkaeufe","7":"product_cat-verschiedene-artikel","9":"first","10":"instock","11":"taxable","12":"shipping-taxable","13":"purchasable","14":"product-type-simple"},"_links":{"self":[{"href":"https:\/\/sex60.de\/shop\/wp-json\/wp\/v2\/product\/103510","targetHints":{"allow":["GET"]}}],"collection":[{"href":"https:\/\/sex60.de\/shop\/wp-json\/wp\/v2\/product"}],"about":[{"href":"https:\/\/sex60.de\/shop\/wp-json\/wp\/v2\/types\/product"}],"replies":[{"embeddable":true,"href":"https:\/\/sex60.de\/shop\/wp-json\/wp\/v2\/comments?post=103510"}],"wp:featuredmedia":[{"embeddable":true,"href":"https:\/\/sex60.de\/shop\/wp-json\/wp\/v2\/media\/103511"}],"wp:attachment":[{"href":"https:\/\/sex60.de\/shop\/wp-json\/wp\/v2\/media?parent=103510"}],"wp:term":[{"taxonomy":"product_brand","embeddable":true,"href":"https:\/\/sex60.de\/shop\/wp-json\/wp\/v2\/product_brand?post=103510"},{"taxonomy":"product_cat","embeddable":true,"href":"https:\/\/sex60.de\/shop\/wp-json\/wp\/v2\/product_cat?post=103510"},{"taxonomy":"product_tag","embeddable":true,"href":"https:\/\/sex60.de\/shop\/wp-json\/wp\/v2\/product_tag?post=103510"}],"curies":[{"name":"wp","href":"https:\/\/api.w.org\/{rel}","templated":true}]}}