{"id":104370,"date":"2025-01-11T22:08:28","date_gmt":"2025-01-11T21:08:28","guid":{"rendered":"https:\/\/sex60.de\/shop\/produkt\/bioglide-fluessiges-schmiermittel-monodose-3-ml\/"},"modified":"2025-01-11T22:08:28","modified_gmt":"2025-01-11T21:08:28","slug":"bioglide-fluessiges-schmiermittel-monodose-3-ml","status":"publish","type":"product","link":"https:\/\/sex60.de\/shop\/produkt\/bioglide-fluessiges-schmiermittel-monodose-3-ml\/","title":{"rendered":"BIOGLIDE FL\u00dcSSIGES SCHMIERMITTEL MONODOSE 3 ML"},"content":{"rendered":"<p><strong>Das weltweit erste 100 % nat\u00fcrliche Gleitmittel!<\/strong><\/p>\n<p> JOYDIVISION verf\u00fcgt \u00fcber langj\u00e4hrige Erfahrung als Europas f\u00fchrender Hersteller von Schmierstoffen. Daher war es dem Unternehmen ein gro\u00dfes Anliegen, ein Produkt f\u00fcr den Markt zu entwickeln, das sich durch besonders hautfreundliche Eigenschaften auszeichnet. Und mit BIOglide ist dieses Ziel Wirklichkeit geworden! BIOglide erf\u00fcllt h\u00f6chste Qualit\u00e4tsstandards und ist \u00e4u\u00dferst hautvertr\u00e4glich, sodass eine unbegrenzte Anwendung m\u00f6glich ist. Dies ist ein besonderer Vorteil f\u00fcr Menschen, die beim Liebesspiel h\u00e4ufig Gleitmittel verwenden m\u00f6chten oder eine langfristige Verwendung von Gleitmitteln ben\u00f6tigen, um einen schmerzfreien Liebesspiel genie\u00dfen zu k\u00f6nnen.<\/p>\n<p> Manche Menschen verwenden beispielsweise Vaseline oder Baby\u00f6le als Gleitmittel. Solche Produkte sind f\u00fcr diesen Zweck v\u00f6llig ungeeignet, da sie nicht f\u00fcr die vaginale Anwendung geeignet sind und weil die in diesen Produkten enthaltenen Inhaltsstoffe wie \u00d6le und Fette das Material der Latexkondome zerst\u00f6ren und sie unsicher machen. Unser Tipp: Verwenden Sie besser BIOglide ? f\u00fcr organisches (und orgasmisches) sexuelles Vergn\u00fcgen!<\/p>\n<p> <strong>Die vielen Vorteile von BIOglide:<\/strong><\/p>\n<ul>\n<li> 100 % biologisch<\/li>\n<li> ist sehr effektiv, mit einer kleinen Menge kommt man schon weit<\/li>\n<li> als medizinisches Produkt zugelassen<\/li>\n<li> geeignet f\u00fcr die Verwendung mit Kondomen<\/li>\n<li> unterliegen einer st\u00e4ndigen Qualit\u00e4tskontrolle<\/li>\n<li> wasserl\u00f6slich und fettfrei<\/li>\n<li> dermatologisch und klinisch getestet<\/li>\n<li> auch f\u00fcr den Oralverkehr geeignet<\/li>\n<li> au\u00dfergew\u00f6hnlich hautvertr\u00e4glich<\/li>\n<li> pH-optimiert<\/li>\n<li> verf\u00fcgt \u00fcber einzigartig langanhaltende Schmiereigenschaften<\/li>\n<li> HERGESTELLT IN DEUTSCHLAND<\/li>\n<\/ul>\n","protected":false},"excerpt":{"rendered":"<p>Das weltweit erste 100 % nat\u00fcrliche Gleitmittel! JOYDIVISION verf\u00fcgt \u00fcber langj\u00e4hrige Erfahrung als Europas f\u00fchrender Hersteller von Schmierstoffen. Daher war es dem Unternehmen ein gro\u00dfes Anliegen, ein Produkt f\u00fcr den Markt zu entwickeln, das sich durch besonders hautfreundliche Eigenschaften auszeichnet. <a href=\"https:\/\/sex60.de\/shop\/produkt\/bioglide-fluessiges-schmiermittel-monodose-3-ml\/\"> Read more&#8230;<\/a><\/p>\n","protected":false},"featured_media":104371,"comment_status":"closed","ping_status":"open","template":"","meta":[],"product_brand":[],"product_cat":[1170,1119,1120],"product_tag":[],"class_list":{"0":"post-104370","1":"product","2":"type-product","3":"status-publish","4":"has-post-thumbnail","6":"product_cat-einzelne-dosis","7":"product_cat-oele-und-schmierstoffe","8":"product_cat-schmierstoffe","10":"first","11":"instock","12":"taxable","13":"shipping-taxable","14":"purchasable","15":"product-type-simple"},"_links":{"self":[{"href":"https:\/\/sex60.de\/shop\/wp-json\/wp\/v2\/product\/104370","targetHints":{"allow":["GET"]}}],"collection":[{"href":"https:\/\/sex60.de\/shop\/wp-json\/wp\/v2\/product"}],"about":[{"href":"https:\/\/sex60.de\/shop\/wp-json\/wp\/v2\/types\/product"}],"replies":[{"embeddable":true,"href":"https:\/\/sex60.de\/shop\/wp-json\/wp\/v2\/comments?post=104370"}],"wp:featuredmedia":[{"embeddable":true,"href":"https:\/\/sex60.de\/shop\/wp-json\/wp\/v2\/media\/104371"}],"wp:attachment":[{"href":"https:\/\/sex60.de\/shop\/wp-json\/wp\/v2\/media?parent=104370"}],"wp:term":[{"taxonomy":"product_brand","embeddable":true,"href":"https:\/\/sex60.de\/shop\/wp-json\/wp\/v2\/product_brand?post=104370"},{"taxonomy":"product_cat","embeddable":true,"href":"https:\/\/sex60.de\/shop\/wp-json\/wp\/v2\/product_cat?post=104370"},{"taxonomy":"product_tag","embeddable":true,"href":"https:\/\/sex60.de\/shop\/wp-json\/wp\/v2\/product_tag?post=104370"}],"curies":[{"name":"wp","href":"https:\/\/api.w.org\/{rel}","templated":true}]}}