{"id":104499,"date":"2025-01-11T22:12:23","date_gmt":"2025-01-11T21:12:23","guid":{"rendered":"https:\/\/sex60.de\/shop\/produkt\/pjur-med-vegan-glide-schmiermittel-auf-wasserbasis-2-ml\/"},"modified":"2025-01-11T22:12:23","modified_gmt":"2025-01-11T21:12:23","slug":"pjur-med-vegan-glide-schmiermittel-auf-wasserbasis-2-ml","status":"publish","type":"product","link":"https:\/\/sex60.de\/shop\/produkt\/pjur-med-vegan-glide-schmiermittel-auf-wasserbasis-2-ml\/","title":{"rendered":"PJUR MED VEGAN GLIDE SCHMIERMITTEL AUF WASSERBASIS 2 ML"},"content":{"rendered":"<p>pjur\u00aemed VEGAN glide ist ein hochwirksames, konservierungsmittelfreies Intimgleitmittel auf Wasserbasis mit ausschlie\u00dflich veganen Inhaltsstoffen und ohne Tierversuche. Es spendet sanft zus\u00e4tzliche Feuchtigkeit f\u00fcr eine langanhaltende Gleitf\u00e4higkeit und ist pH-ausgeglichen. Die Formel ist besonders f\u00fcr empfindliche Schleimh\u00e4ute geeignet.<\/p>\n<ul>\n<li> Frei von Parf\u00fcm, Parabenen und Glycerin.<\/li>\n<li> Mit veganen Zutaten<\/li>\n<li> Keine Tierversuche. Sch\u00fctzt und beruhigt empfindliche Schleimh\u00e4ute (pH-ausgeglichen)<\/li>\n<\/ul>\n<p> Zutaten:<\/p>\n<ul>\n<li> Aqua (Wasser), Propylenglykol, Dipropylenglykol, Hydroxypropylguarhydroxypropyltrimoniumchlorid, Hydroxyethylcellulose, Natriumsaccharin, Zitronens\u00e4ure.<\/li>\n<\/ul>\n<p> Erh\u00e4ltlich in: 2 ml<\/p>\n","protected":false},"excerpt":{"rendered":"<p>pjur\u00aemed VEGAN glide ist ein hochwirksames, konservierungsmittelfreies Intimgleitmittel auf Wasserbasis mit ausschlie\u00dflich veganen Inhaltsstoffen und ohne Tierversuche. Es spendet sanft zus\u00e4tzliche Feuchtigkeit f\u00fcr eine langanhaltende Gleitf\u00e4higkeit und ist pH-ausgeglichen. Die Formel ist besonders f\u00fcr empfindliche Schleimh\u00e4ute geeignet. Frei von Parf\u00fcm, <a href=\"https:\/\/sex60.de\/shop\/produkt\/pjur-med-vegan-glide-schmiermittel-auf-wasserbasis-2-ml\/\"> Read more&#8230;<\/a><\/p>\n","protected":false},"featured_media":104500,"comment_status":"closed","ping_status":"open","template":"","meta":[],"product_brand":[],"product_cat":[1170,1119,1120],"product_tag":[],"class_list":{"0":"post-104499","1":"product","2":"type-product","3":"status-publish","4":"has-post-thumbnail","6":"product_cat-einzelne-dosis","7":"product_cat-oele-und-schmierstoffe","8":"product_cat-schmierstoffe","10":"first","11":"instock","12":"taxable","13":"shipping-taxable","14":"purchasable","15":"product-type-simple"},"_links":{"self":[{"href":"https:\/\/sex60.de\/shop\/wp-json\/wp\/v2\/product\/104499","targetHints":{"allow":["GET"]}}],"collection":[{"href":"https:\/\/sex60.de\/shop\/wp-json\/wp\/v2\/product"}],"about":[{"href":"https:\/\/sex60.de\/shop\/wp-json\/wp\/v2\/types\/product"}],"replies":[{"embeddable":true,"href":"https:\/\/sex60.de\/shop\/wp-json\/wp\/v2\/comments?post=104499"}],"wp:featuredmedia":[{"embeddable":true,"href":"https:\/\/sex60.de\/shop\/wp-json\/wp\/v2\/media\/104500"}],"wp:attachment":[{"href":"https:\/\/sex60.de\/shop\/wp-json\/wp\/v2\/media?parent=104499"}],"wp:term":[{"taxonomy":"product_brand","embeddable":true,"href":"https:\/\/sex60.de\/shop\/wp-json\/wp\/v2\/product_brand?post=104499"},{"taxonomy":"product_cat","embeddable":true,"href":"https:\/\/sex60.de\/shop\/wp-json\/wp\/v2\/product_cat?post=104499"},{"taxonomy":"product_tag","embeddable":true,"href":"https:\/\/sex60.de\/shop\/wp-json\/wp\/v2\/product_tag?post=104499"}],"curies":[{"name":"wp","href":"https:\/\/api.w.org\/{rel}","templated":true}]}}