{"id":104550,"date":"2025-01-11T22:13:16","date_gmt":"2025-01-11T21:13:16","guid":{"rendered":"https:\/\/sex60.de\/shop\/produkt\/bruma-aloe-vera-gleitgel-natuerlicher-komfort-6-ml\/"},"modified":"2025-01-11T22:13:16","modified_gmt":"2025-01-11T21:13:16","slug":"bruma-aloe-vera-gleitgel-natuerlicher-komfort-6-ml","status":"publish","type":"product","link":"https:\/\/sex60.de\/shop\/produkt\/bruma-aloe-vera-gleitgel-natuerlicher-komfort-6-ml\/","title":{"rendered":"BRUMA &#8211; ALOE VERA GLEITGEL NAT\u00dcRLICHER KOMFORT 6 ML"},"content":{"rendered":"<p>Das 6 ml Aloe Vera Glide Gel der Marke <strong>BRUMA<\/strong> ist ein unverzichtbarer Begleiter f\u00fcr die Erkundung intimer und sinnlicher Momente in der Erwachsenenwelt. Dieses Gleitgel wurde pr\u00e4zise formuliert, um eine sanfte und lang anhaltende Gleitf\u00e4higkeit zu gew\u00e4hrleisten und bietet ein angenehmes und angenehmes Erlebnis f\u00fcr Ihre Momente der Intimit\u00e4t.<\/p>\n<p> Angereichert mit den nat\u00fcrlichen Eigenschaften von Aloe Vera bietet dieses Gel nicht nur ein seidiges und geschmeidiges Gef\u00fchl, sondern tr\u00e4gt auch zur Feuchtigkeitsversorgung und Pflege empfindlicher Haut bei. Seine nicht klebrige und schnell einziehende Formel sorgt daf\u00fcr, dass Sie Ihre Begegnungen mit vollem Komfort und ohne Unterbrechungen genie\u00dfen k\u00f6nnen.<\/p>\n<p> Das <strong>BRUMA<\/strong> Aloe Vera Glide Gel ist in einer 6-ml-Darstellung erh\u00e4ltlich und eignet sich perfekt zum Mitnehmen auf Ihren Abenteuern und Erkundungen. Egal, ob Sie ein intimes Solo-Erlebnis oder ein gemeinsames Erlebnis suchen, dieses Gel wurde entwickelt, um Ihnen zuverl\u00e4ssige Gleitf\u00e4higkeit und ein einzigartiges sinnliches Gef\u00fchl zu bieten.<\/p>\n<\/p>\n<p> <strong>BRUMA<\/strong><\/p>\n<p> <strong>BRUMA<\/strong> ist eine f\u00fchrende Marke in der Welt der Erwachsenenprodukte, die f\u00fcr ihr Engagement f\u00fcr Qualit\u00e4t und Kundenzufriedenheit bekannt ist. <strong>BRUMA<\/strong> hat sich auf die Entwicklung von Produkten spezialisiert, die die Intimit\u00e4t und das Vergn\u00fcgen bei Erwachsenenerlebnissen steigern sollen, und hat sich durch seinen Fokus auf Innovation und Exzellenz einen Namen gemacht.<\/p>\n<p> Das wasserbasierte Gleitgel von <strong>BRUMA<\/strong> verk\u00f6rpert das Engagement der Marke, erstklassige Intiml\u00f6sungen anzubieten. Dieses Gel wurde sorgf\u00e4ltig formuliert, um eine au\u00dfergew\u00f6hnlich glatte und lang anhaltende Gleitf\u00e4higkeit zu bieten und den Komfort und die Verbindung in den intimsten Momenten zu verbessern. Die wasserbasierte Formel sorgt f\u00fcr ein nat\u00fcrliches und angenehmes Gef\u00fchl, w\u00e4hrend die nicht klebrige Textur eine problemlose Anwendung und ein nahtloses Erlebnis erm\u00f6glicht.<\/p>\n<p> Bei <strong>BRUMA<\/strong> k\u00f6nnen Sie darauf vertrauen, dass Sie sich f\u00fcr hochwertige Produkte entscheiden, die Ihr intimes Wohlbefinden steigern. Egal, ob Sie individuelle oder gemeinsame Abenteuer erleben, das wasserbasierte Gleitgel von <strong>BRUMA<\/strong> bietet Ihnen ein einzigartiges Erlebnis von Geschmeidigkeit und Gleitf\u00e4higkeit, sodass Sie Ihre sinnlichen Momente in vollen Z\u00fcgen genie\u00dfen k\u00f6nnen.<\/p>\n","protected":false},"excerpt":{"rendered":"<p>Das 6 ml Aloe Vera Glide Gel der Marke BRUMA ist ein unverzichtbarer Begleiter f\u00fcr die Erkundung intimer und sinnlicher Momente in der Erwachsenenwelt. Dieses Gleitgel wurde pr\u00e4zise formuliert, um eine sanfte und lang anhaltende Gleitf\u00e4higkeit zu gew\u00e4hrleisten und bietet <a href=\"https:\/\/sex60.de\/shop\/produkt\/bruma-aloe-vera-gleitgel-natuerlicher-komfort-6-ml\/\"> Read more&#8230;<\/a><\/p>\n","protected":false},"featured_media":104551,"comment_status":"closed","ping_status":"open","template":"","meta":[],"product_brand":[],"product_cat":[1170,1119,1120],"product_tag":[],"class_list":{"0":"post-104550","1":"product","2":"type-product","3":"status-publish","4":"has-post-thumbnail","6":"product_cat-einzelne-dosis","7":"product_cat-oele-und-schmierstoffe","8":"product_cat-schmierstoffe","10":"first","11":"instock","12":"taxable","13":"shipping-taxable","14":"purchasable","15":"product-type-simple"},"_links":{"self":[{"href":"https:\/\/sex60.de\/shop\/wp-json\/wp\/v2\/product\/104550","targetHints":{"allow":["GET"]}}],"collection":[{"href":"https:\/\/sex60.de\/shop\/wp-json\/wp\/v2\/product"}],"about":[{"href":"https:\/\/sex60.de\/shop\/wp-json\/wp\/v2\/types\/product"}],"replies":[{"embeddable":true,"href":"https:\/\/sex60.de\/shop\/wp-json\/wp\/v2\/comments?post=104550"}],"wp:featuredmedia":[{"embeddable":true,"href":"https:\/\/sex60.de\/shop\/wp-json\/wp\/v2\/media\/104551"}],"wp:attachment":[{"href":"https:\/\/sex60.de\/shop\/wp-json\/wp\/v2\/media?parent=104550"}],"wp:term":[{"taxonomy":"product_brand","embeddable":true,"href":"https:\/\/sex60.de\/shop\/wp-json\/wp\/v2\/product_brand?post=104550"},{"taxonomy":"product_cat","embeddable":true,"href":"https:\/\/sex60.de\/shop\/wp-json\/wp\/v2\/product_cat?post=104550"},{"taxonomy":"product_tag","embeddable":true,"href":"https:\/\/sex60.de\/shop\/wp-json\/wp\/v2\/product_tag?post=104550"}],"curies":[{"name":"wp","href":"https:\/\/api.w.org\/{rel}","templated":true}]}}