{"id":104883,"date":"2025-01-11T22:21:01","date_gmt":"2025-01-11T21:21:01","guid":{"rendered":"https:\/\/sex60.de\/shop\/produkt\/obsessive-roseberry-esposas\/"},"modified":"2025-01-11T22:21:01","modified_gmt":"2025-01-11T21:21:01","slug":"obsessive-roseberry-esposas","status":"publish","type":"product","link":"https:\/\/sex60.de\/shop\/produkt\/obsessive-roseberry-esposas\/","title":{"rendered":"OBSESSIVE &#8211; ROSEBERRY ESPOSAS"},"content":{"rendered":"<p>Was hast du getan, Liebling? Es sieht so aus, als w\u00e4ren Sie wirklich ungezogen gewesen, also &#8230; sollten Ihre H\u00e4nde diese Manschetten tragen! Aber keine Sorge &#8211; sie werden Ihnen helfen, das obsessive Vergn\u00fcgen noch besser zu f\u00fchlen!<\/p>\n<p> Schelmische Details von Roseberry-Manschetten:<\/p>\n<ul>\n<li> Zarte Manschetten mit Spitzenverzierungen<\/li>\n<li> Schn\u00fcrung aus Satinband<\/li>\n<li> Die Einstellung erm\u00f6glicht ein vollst\u00e4ndiges L\u00f6sen der Manschetten<\/li>\n<li> Zartes und sinnliches Gewebe (95% Polyester, 5% Elasthan)<\/li>\n<li> Linie: scharf<\/li>\n<\/ul>\n","protected":false},"excerpt":{"rendered":"<p>Was hast du getan, Liebling? Es sieht so aus, als w\u00e4ren Sie wirklich ungezogen gewesen, also &#8230; sollten Ihre H\u00e4nde diese Manschetten tragen! Aber keine Sorge &#8211; sie werden Ihnen helfen, das obsessive Vergn\u00fcgen noch besser zu f\u00fchlen! Schelmische Details <a href=\"https:\/\/sex60.de\/shop\/produkt\/obsessive-roseberry-esposas\/\"> Read more&#8230;<\/a><\/p>\n","protected":false},"featured_media":104884,"comment_status":"closed","ping_status":"open","template":"","meta":[],"product_brand":[],"product_cat":[1093,1174],"product_tag":[],"class_list":{"0":"post-104883","1":"product","2":"type-product","3":"status-publish","4":"has-post-thumbnail","6":"product_cat-bondage-2","7":"product_cat-frauen","9":"first","10":"instock","11":"taxable","12":"shipping-taxable","13":"purchasable","14":"product-type-simple"},"_links":{"self":[{"href":"https:\/\/sex60.de\/shop\/wp-json\/wp\/v2\/product\/104883","targetHints":{"allow":["GET"]}}],"collection":[{"href":"https:\/\/sex60.de\/shop\/wp-json\/wp\/v2\/product"}],"about":[{"href":"https:\/\/sex60.de\/shop\/wp-json\/wp\/v2\/types\/product"}],"replies":[{"embeddable":true,"href":"https:\/\/sex60.de\/shop\/wp-json\/wp\/v2\/comments?post=104883"}],"wp:featuredmedia":[{"embeddable":true,"href":"https:\/\/sex60.de\/shop\/wp-json\/wp\/v2\/media\/104884"}],"wp:attachment":[{"href":"https:\/\/sex60.de\/shop\/wp-json\/wp\/v2\/media?parent=104883"}],"wp:term":[{"taxonomy":"product_brand","embeddable":true,"href":"https:\/\/sex60.de\/shop\/wp-json\/wp\/v2\/product_brand?post=104883"},{"taxonomy":"product_cat","embeddable":true,"href":"https:\/\/sex60.de\/shop\/wp-json\/wp\/v2\/product_cat?post=104883"},{"taxonomy":"product_tag","embeddable":true,"href":"https:\/\/sex60.de\/shop\/wp-json\/wp\/v2\/product_tag?post=104883"}],"curies":[{"name":"wp","href":"https:\/\/api.w.org\/{rel}","templated":true}]}}