{"id":104901,"date":"2025-01-11T22:21:16","date_gmt":"2025-01-11T21:21:16","guid":{"rendered":"https:\/\/sex60.de\/shop\/produkt\/sex-mischief-verzauberte-o-manschetten\/"},"modified":"2025-01-11T22:21:16","modified_gmt":"2025-01-11T21:21:16","slug":"sex-mischief-verzauberte-o-manschetten","status":"publish","type":"product","link":"https:\/\/sex60.de\/shop\/produkt\/sex-mischief-verzauberte-o-manschetten\/","title":{"rendered":"SEX &#038; MISCHIEF VERZAUBERTE O-MANSCHETTEN"},"content":{"rendered":"<p>Ergeben Sie Ihre W\u00fcnsche mit diesen Enchanted O-Manschetten.<\/p>\n<ul>\n<li> NICHT ZUR AUFH\u00c4NGUNG.<\/li>\n<li> Ergeben Sie Ihre W\u00fcnsche mit diesen Enchanted O-Manschetten<\/li>\n<li> Diese entlasten Ihre Handgelenke und geben Ihnen Halt beim gro\u00dfen ?O?.<\/li>\n<li> Sie sehen aus wie Samt und vermitteln ein Gef\u00fchl von Geborgenheit.<\/li>\n<li> Einfacher Verschluss<\/li>\n<li> Passen Sie die Stange entlang der Riemen an, um die perfekte Passform zu erzielen<\/li>\n<\/ul>\n<p style=\"line-height: 16.64px;\"> Stimulieren Sie alle Ihre Sinne wie nie zuvor<\/p>\n<p style=\"line-height: 16.64px;\"> Sex &amp; Mischief ist eine Garantie f\u00fcr Qualit\u00e4t und Zufriedenheit<\/p><\/p>\n","protected":false},"excerpt":{"rendered":"<p>Ergeben Sie Ihre W\u00fcnsche mit diesen Enchanted O-Manschetten. NICHT ZUR AUFH\u00c4NGUNG. Ergeben Sie Ihre W\u00fcnsche mit diesen Enchanted O-Manschetten Diese entlasten Ihre Handgelenke und geben Ihnen Halt beim gro\u00dfen ?O?. Sie sehen aus wie Samt und vermitteln ein Gef\u00fchl von <a href=\"https:\/\/sex60.de\/shop\/produkt\/sex-mischief-verzauberte-o-manschetten\/\"> Read more&#8230;<\/a><\/p>\n","protected":false},"featured_media":104902,"comment_status":"closed","ping_status":"open","template":"","meta":[],"product_brand":[],"product_cat":[1093,1174],"product_tag":[],"class_list":{"0":"post-104901","1":"product","2":"type-product","3":"status-publish","4":"has-post-thumbnail","6":"product_cat-bondage-2","7":"product_cat-frauen","9":"first","10":"instock","11":"taxable","12":"shipping-taxable","13":"purchasable","14":"product-type-simple"},"_links":{"self":[{"href":"https:\/\/sex60.de\/shop\/wp-json\/wp\/v2\/product\/104901","targetHints":{"allow":["GET"]}}],"collection":[{"href":"https:\/\/sex60.de\/shop\/wp-json\/wp\/v2\/product"}],"about":[{"href":"https:\/\/sex60.de\/shop\/wp-json\/wp\/v2\/types\/product"}],"replies":[{"embeddable":true,"href":"https:\/\/sex60.de\/shop\/wp-json\/wp\/v2\/comments?post=104901"}],"wp:featuredmedia":[{"embeddable":true,"href":"https:\/\/sex60.de\/shop\/wp-json\/wp\/v2\/media\/104902"}],"wp:attachment":[{"href":"https:\/\/sex60.de\/shop\/wp-json\/wp\/v2\/media?parent=104901"}],"wp:term":[{"taxonomy":"product_brand","embeddable":true,"href":"https:\/\/sex60.de\/shop\/wp-json\/wp\/v2\/product_brand?post=104901"},{"taxonomy":"product_cat","embeddable":true,"href":"https:\/\/sex60.de\/shop\/wp-json\/wp\/v2\/product_cat?post=104901"},{"taxonomy":"product_tag","embeddable":true,"href":"https:\/\/sex60.de\/shop\/wp-json\/wp\/v2\/product_tag?post=104901"}],"curies":[{"name":"wp","href":"https:\/\/api.w.org\/{rel}","templated":true}]}}