{"id":104907,"date":"2025-01-11T22:21:19","date_gmt":"2025-01-11T21:21:19","guid":{"rendered":"https:\/\/sex60.de\/shop\/produkt\/kamasutra-trust-me-erotisches-spielset\/"},"modified":"2025-01-11T22:21:20","modified_gmt":"2025-01-11T21:21:20","slug":"kamasutra-trust-me-erotisches-spielset","status":"publish","type":"product","link":"https:\/\/sex60.de\/shop\/produkt\/kamasutra-trust-me-erotisches-spielset\/","title":{"rendered":"KAMASUTRA TRUST ME EROTISCHES SPIELSET"},"content":{"rendered":"<p>Ein erotisches Spielset zum Sammeln mit Handschellen aus weichem Brokat und verstellbaren Korsettb\u00e4ndern. Enth\u00e4lt 3 sinnliche K\u00f6rperprodukte und ein Set mit 12 Kamasutra-Spielkarten: 10 Kamasutra-Positionskarten und 2 ?Wild Cards? mit Tipps und Tricks, wie man die enthaltenen Produkte in das Spiel einbaut.<\/p>\n<p> INKLUSIVE:<\/p>\n<ul>\n<li> HANDSCHELLEN Handschellen aus weichem Brokat f\u00fcr sanfte Fesselung<\/li>\n<li> FEATHER TICKLER zum sinnlichen Auftragen von Honey Dust 12<\/li>\n<li> KAMA SUTRA SPIELKARTEN f\u00fcr stundenlange erotische Unterhaltung mit Ihrem Liebhaber<\/li>\n<li> HONEY DUST Chocolate Caress (56 g): K\u00f6rperpuder zum K\u00fcssen<\/li>\n<li> OIL OF LOVE Das Original (22 ml): k\u00fcssbares, w\u00e4rmendes Vorspiel\u00f6l<\/li>\n<li> LOVE LIQUID Classic (3 Packungen \u00e0 3 ml): pers\u00f6nliches Gleitmittel auf Wasserbasis<\/li>\n<\/ul>\n<p> PERFEKT F\u00dcR:<\/p>\n<ul>\n<li> Diejenigen, die schon immer einmal etwas Abenteuerlicheres im Schlafzimmer ausprobieren wollten, sich aber nicht sicher waren, wo sie anfangen sollten<\/li>\n<li> Liebhaber, die gerne mit dem Fesselspiel experimentieren m\u00f6chten<\/li>\n<li> Paare, die lernen m\u00f6chten, verschiedene Sexstellungen zu meistern<\/li>\n<\/ul>\n<p> Sammeln Sie alle vier limitierten Spielsets!<\/p>\n","protected":false},"excerpt":{"rendered":"<p>Ein erotisches Spielset zum Sammeln mit Handschellen aus weichem Brokat und verstellbaren Korsettb\u00e4ndern. Enth\u00e4lt 3 sinnliche K\u00f6rperprodukte und ein Set mit 12 Kamasutra-Spielkarten: 10 Kamasutra-Positionskarten und 2 ?Wild Cards? mit Tipps und Tricks, wie man die enthaltenen Produkte in das <a href=\"https:\/\/sex60.de\/shop\/produkt\/kamasutra-trust-me-erotisches-spielset\/\"> Read more&#8230;<\/a><\/p>\n","protected":false},"featured_media":104908,"comment_status":"closed","ping_status":"open","template":"","meta":[],"product_brand":[],"product_cat":[1093,1174],"product_tag":[],"class_list":{"0":"post-104907","1":"product","2":"type-product","3":"status-publish","4":"has-post-thumbnail","6":"product_cat-bondage-2","7":"product_cat-frauen","9":"first","10":"instock","11":"taxable","12":"shipping-taxable","13":"purchasable","14":"product-type-simple"},"_links":{"self":[{"href":"https:\/\/sex60.de\/shop\/wp-json\/wp\/v2\/product\/104907","targetHints":{"allow":["GET"]}}],"collection":[{"href":"https:\/\/sex60.de\/shop\/wp-json\/wp\/v2\/product"}],"about":[{"href":"https:\/\/sex60.de\/shop\/wp-json\/wp\/v2\/types\/product"}],"replies":[{"embeddable":true,"href":"https:\/\/sex60.de\/shop\/wp-json\/wp\/v2\/comments?post=104907"}],"wp:featuredmedia":[{"embeddable":true,"href":"https:\/\/sex60.de\/shop\/wp-json\/wp\/v2\/media\/104908"}],"wp:attachment":[{"href":"https:\/\/sex60.de\/shop\/wp-json\/wp\/v2\/media?parent=104907"}],"wp:term":[{"taxonomy":"product_brand","embeddable":true,"href":"https:\/\/sex60.de\/shop\/wp-json\/wp\/v2\/product_brand?post=104907"},{"taxonomy":"product_cat","embeddable":true,"href":"https:\/\/sex60.de\/shop\/wp-json\/wp\/v2\/product_cat?post=104907"},{"taxonomy":"product_tag","embeddable":true,"href":"https:\/\/sex60.de\/shop\/wp-json\/wp\/v2\/product_tag?post=104907"}],"curies":[{"name":"wp","href":"https:\/\/api.w.org\/{rel}","templated":true}]}}