{"id":106272,"date":"2025-01-11T23:01:15","date_gmt":"2025-01-11T22:01:15","guid":{"rendered":"https:\/\/sex60.de\/shop\/produkt\/sexmax-wetgames-sex-laken-red\/"},"modified":"2025-01-11T23:01:15","modified_gmt":"2025-01-11T22:01:15","slug":"sexmax-wetgames-sex-laken-red","status":"publish","type":"product","link":"https:\/\/sex60.de\/shop\/produkt\/sexmax-wetgames-sex-laken-red\/","title":{"rendered":"SEXMAX WETGAMES SEX-LAKEN RED"},"content":{"rendered":"<p style=\"line-height: 20.8px;\">Es ist ein gro\u00dfartiges waschbares Material aus schwarzem Kunststoff. Es wird Ihr Bett in einem wunderbaren sexuellen Spielplatz machen. Es ist sehr langlebig und ideal, um Spa\u00df mit allen Arten von \u00d6len, Gleitmitteln, Sahne, Fr\u00fcchten usw. zu haben, sogar mit Spielen unter goldener Dusche oder anderen \u00dcbungen &#8230;<\/p>\n<ul style=\"line-height: 20.8px;\">\n<li> Waschbar<\/li>\n<li> Best\u00e4ndig<\/li>\n<li> Aus Latex<\/li>\n<li> Abmessungen: 180 cm. x 220 cm.<\/li>\n<li> Einfach zu installieren und zu entfernen.<\/li>\n<li> Bei jeder W\u00e4sche bleibt sie wie neu, dank ihrer Best\u00e4ndigkeit wird sie lange verwendet.<\/li>\n<\/ul>\n","protected":false},"excerpt":{"rendered":"<p>Es ist ein gro\u00dfartiges waschbares Material aus schwarzem Kunststoff. Es wird Ihr Bett in einem wunderbaren sexuellen Spielplatz machen. Es ist sehr langlebig und ideal, um Spa\u00df mit allen Arten von \u00d6len, Gleitmitteln, Sahne, Fr\u00fcchten usw. zu haben, sogar mit <a href=\"https:\/\/sex60.de\/shop\/produkt\/sexmax-wetgames-sex-laken-red\/\"> Read more&#8230;<\/a><\/p>\n","protected":false},"featured_media":106273,"comment_status":"closed","ping_status":"open","template":"","meta":[],"product_brand":[],"product_cat":[1181],"product_tag":[],"class_list":{"0":"post-106272","1":"product","2":"type-product","3":"status-publish","4":"has-post-thumbnail","6":"product_cat-reinigung-und-hygiene","8":"first","9":"instock","10":"taxable","11":"shipping-taxable","12":"purchasable","13":"product-type-simple"},"_links":{"self":[{"href":"https:\/\/sex60.de\/shop\/wp-json\/wp\/v2\/product\/106272","targetHints":{"allow":["GET"]}}],"collection":[{"href":"https:\/\/sex60.de\/shop\/wp-json\/wp\/v2\/product"}],"about":[{"href":"https:\/\/sex60.de\/shop\/wp-json\/wp\/v2\/types\/product"}],"replies":[{"embeddable":true,"href":"https:\/\/sex60.de\/shop\/wp-json\/wp\/v2\/comments?post=106272"}],"wp:featuredmedia":[{"embeddable":true,"href":"https:\/\/sex60.de\/shop\/wp-json\/wp\/v2\/media\/106273"}],"wp:attachment":[{"href":"https:\/\/sex60.de\/shop\/wp-json\/wp\/v2\/media?parent=106272"}],"wp:term":[{"taxonomy":"product_brand","embeddable":true,"href":"https:\/\/sex60.de\/shop\/wp-json\/wp\/v2\/product_brand?post=106272"},{"taxonomy":"product_cat","embeddable":true,"href":"https:\/\/sex60.de\/shop\/wp-json\/wp\/v2\/product_cat?post=106272"},{"taxonomy":"product_tag","embeddable":true,"href":"https:\/\/sex60.de\/shop\/wp-json\/wp\/v2\/product_tag?post=106272"}],"curies":[{"name":"wp","href":"https:\/\/api.w.org\/{rel}","templated":true}]}}