{"id":106359,"date":"2025-01-11T23:04:12","date_gmt":"2025-01-11T22:04:12","guid":{"rendered":"https:\/\/sex60.de\/shop\/produkt\/ferowoman-intim-deodorant-75-ml\/"},"modified":"2025-01-11T23:04:13","modified_gmt":"2025-01-11T22:04:13","slug":"ferowoman-intim-deodorant-75-ml","status":"publish","type":"product","link":"https:\/\/sex60.de\/shop\/produkt\/ferowoman-intim-deodorant-75-ml\/","title":{"rendered":"FEROWOMAN INTIM DEODORANT 75 ML"},"content":{"rendered":"<p><span style=\"font-family:\">&nbsp;<\/span> Feminines Intim-Deodorant mit Pheromonen f\u00fcr ein angenehmes, freies und sehr sexy Gef\u00fchl; Sehr n\u00fctzlich f\u00fcr Verf\u00fchrung, Pflege, Schutz, Intimpflege, Hygiene und t\u00e4gliche Sauberkeit des \u00e4u\u00dferen weiblichen Genitalbereichs. Es ist ein Korrektor und Deodorant, Weichmacher und ver\u00e4ndert nicht den vaginalen PH-Wert, es zerst\u00f6rt nicht die S\u00e4ureschicht.<\/p>\n<ul>\n<li> Es hat die Eigenschaft, die Entstehung von K\u00f6rpergeruch zu hemmen und sorgt f\u00fcr eine nat\u00fcrliche Reinigung.<\/li>\n<\/ul>\n<p> Empfohlen vor und nach dem Geschlechtsverkehr und wann immer Sie es f\u00fcr angemessen halten. Enth\u00e4lt ?Ferowoman?, um das m\u00e4nnliche Verlangen und die Anziehungskraft zu f\u00f6rdern und zu steigern und gleichzeitig intime Beziehungen zu f\u00f6rdern.<br \/> Anwendung: Dr\u00fccken Sie das Ventil wiederholt auf den Intimbereich, in ausreichender Menge, es enth\u00e4lt kein Gas, es ist nicht giftig, daher kann es beliebig oft verwendet werden.<br \/> Bestandteile: Aloe barbadensis-Extrakt, Hamamelis virginiana-Extrakt, Propolis-Extrakt, Calendula officinalis-Extrakt, Milchs\u00e4ure. Duft (Ferofrau).<\/p>\n<p> Beh\u00e4lter 75 ml<\/p>\n<\/p>\n<p style=\"line-height:115%\"><o_p><\/o_p><\/p>\n","protected":false},"excerpt":{"rendered":"<p>&nbsp; Feminines Intim-Deodorant mit Pheromonen f\u00fcr ein angenehmes, freies und sehr sexy Gef\u00fchl; Sehr n\u00fctzlich f\u00fcr Verf\u00fchrung, Pflege, Schutz, Intimpflege, Hygiene und t\u00e4gliche Sauberkeit des \u00e4u\u00dferen weiblichen Genitalbereichs. Es ist ein Korrektor und Deodorant, Weichmacher und ver\u00e4ndert nicht den vaginalen <a href=\"https:\/\/sex60.de\/shop\/produkt\/ferowoman-intim-deodorant-75-ml\/\"> Read more&#8230;<\/a><\/p>\n","protected":false},"featured_media":106360,"comment_status":"closed","ping_status":"open","template":"","meta":[],"product_brand":[],"product_cat":[1181],"product_tag":[],"class_list":{"0":"post-106359","1":"product","2":"type-product","3":"status-publish","4":"has-post-thumbnail","6":"product_cat-reinigung-und-hygiene","8":"first","9":"instock","10":"taxable","11":"shipping-taxable","12":"purchasable","13":"product-type-simple"},"_links":{"self":[{"href":"https:\/\/sex60.de\/shop\/wp-json\/wp\/v2\/product\/106359","targetHints":{"allow":["GET"]}}],"collection":[{"href":"https:\/\/sex60.de\/shop\/wp-json\/wp\/v2\/product"}],"about":[{"href":"https:\/\/sex60.de\/shop\/wp-json\/wp\/v2\/types\/product"}],"replies":[{"embeddable":true,"href":"https:\/\/sex60.de\/shop\/wp-json\/wp\/v2\/comments?post=106359"}],"wp:featuredmedia":[{"embeddable":true,"href":"https:\/\/sex60.de\/shop\/wp-json\/wp\/v2\/media\/106360"}],"wp:attachment":[{"href":"https:\/\/sex60.de\/shop\/wp-json\/wp\/v2\/media?parent=106359"}],"wp:term":[{"taxonomy":"product_brand","embeddable":true,"href":"https:\/\/sex60.de\/shop\/wp-json\/wp\/v2\/product_brand?post=106359"},{"taxonomy":"product_cat","embeddable":true,"href":"https:\/\/sex60.de\/shop\/wp-json\/wp\/v2\/product_cat?post=106359"},{"taxonomy":"product_tag","embeddable":true,"href":"https:\/\/sex60.de\/shop\/wp-json\/wp\/v2\/product_tag?post=106359"}],"curies":[{"name":"wp","href":"https:\/\/api.w.org\/{rel}","templated":true}]}}