{"id":108545,"date":"2025-01-12T00:02:02","date_gmt":"2025-01-11T23:02:02","guid":{"rendered":"https:\/\/sex60.de\/shop\/produkt\/beppy-soft-comfort-tampons-wet-30-einheiten\/"},"modified":"2025-01-12T00:02:03","modified_gmt":"2025-01-11T23:02:03","slug":"beppy-soft-comfort-tampons-wet-30-einheiten","status":"publish","type":"product","link":"https:\/\/sex60.de\/shop\/produkt\/beppy-soft-comfort-tampons-wet-30-einheiten\/","title":{"rendered":"BEPPY SOFT COMFORT TAMPONS WET 30 EINHEITEN"},"content":{"rendered":"<p>Hygienische Tampons, die leicht ohne Faden aufgetragen werden k\u00f6nnen, insbesondere f\u00fcr maximalen Schutz, Komfort und Diskretion.<\/p>\n<p> Mit den Tampons Beppy Soft Comfort k\u00f6nnen Sie Ihre Aktivit\u00e4ten auch mit der Regel fortsetzen: Sport treiben, tanzen, schwimmen und sogar Sex haben.<\/p>\n<ul>\n<li> Dank seines Gleitgels und seiner wei\u00dfen Struktur sind Beppy Soft Comfort Tampons sehr einfach einzuf\u00fchren, mit ihrem raffinierten und reduzierten Vorteil sind sie auch sehr leicht wieder zu entfernen. Das Gleitgel ist aseptisch, bietet mehr Schutz und duftet angenehm nach Lavendel.<\/li>\n<\/ul>\n<p> Beppy Soft Comfort Tampons haben ein patentiertes anatomisches Design, das eine perfekte Positionierung und maximalen Schutz garantiert.<\/p>\n<p> Schachtel mit 30 Tampons. <\/p>\n<p style=\"text-align: center;\"><iframe loading=\"lazy\" allow=\"accelerometer; autoplay; encrypted-media; gyroscope; picture-in-picture\" allowfullscreen=\"\" frameborder=\"0\" height=\"350\" scrolling=\"no\" src=\"https:\/\/www.youtube.com\/embed\/QVSBhm2Al6s?controls=0\" width=\"800\"><\/iframe><\/p>\n","protected":false},"excerpt":{"rendered":"<p>Hygienische Tampons, die leicht ohne Faden aufgetragen werden k\u00f6nnen, insbesondere f\u00fcr maximalen Schutz, Komfort und Diskretion. Mit den Tampons Beppy Soft Comfort k\u00f6nnen Sie Ihre Aktivit\u00e4ten auch mit der Regel fortsetzen: Sport treiben, tanzen, schwimmen und sogar Sex haben. Dank <a href=\"https:\/\/sex60.de\/shop\/produkt\/beppy-soft-comfort-tampons-wet-30-einheiten\/\"> Read more&#8230;<\/a><\/p>\n","protected":false},"featured_media":108546,"comment_status":"closed","ping_status":"open","template":"","meta":[],"product_brand":[],"product_cat":[1191,1136],"product_tag":[],"class_list":{"0":"post-108545","1":"product","2":"type-product","3":"status-publish","4":"has-post-thumbnail","6":"product_cat-parapharmazie","7":"product_cat-verschiedene-artikel","9":"first","10":"instock","11":"taxable","12":"shipping-taxable","13":"purchasable","14":"product-type-simple"},"_links":{"self":[{"href":"https:\/\/sex60.de\/shop\/wp-json\/wp\/v2\/product\/108545","targetHints":{"allow":["GET"]}}],"collection":[{"href":"https:\/\/sex60.de\/shop\/wp-json\/wp\/v2\/product"}],"about":[{"href":"https:\/\/sex60.de\/shop\/wp-json\/wp\/v2\/types\/product"}],"replies":[{"embeddable":true,"href":"https:\/\/sex60.de\/shop\/wp-json\/wp\/v2\/comments?post=108545"}],"wp:featuredmedia":[{"embeddable":true,"href":"https:\/\/sex60.de\/shop\/wp-json\/wp\/v2\/media\/108546"}],"wp:attachment":[{"href":"https:\/\/sex60.de\/shop\/wp-json\/wp\/v2\/media?parent=108545"}],"wp:term":[{"taxonomy":"product_brand","embeddable":true,"href":"https:\/\/sex60.de\/shop\/wp-json\/wp\/v2\/product_brand?post=108545"},{"taxonomy":"product_cat","embeddable":true,"href":"https:\/\/sex60.de\/shop\/wp-json\/wp\/v2\/product_cat?post=108545"},{"taxonomy":"product_tag","embeddable":true,"href":"https:\/\/sex60.de\/shop\/wp-json\/wp\/v2\/product_tag?post=108545"}],"curies":[{"name":"wp","href":"https:\/\/api.w.org\/{rel}","templated":true}]}}