{"id":115957,"date":"2025-01-12T03:36:15","date_gmt":"2025-01-12T02:36:15","guid":{"rendered":"https:\/\/sex60.de\/shop\/produkt\/tenga-premium-dual-sensation-cup-stroker\/"},"modified":"2025-01-12T03:36:15","modified_gmt":"2025-01-12T02:36:15","slug":"tenga-premium-dual-sensation-cup-stroker","status":"publish","type":"product","link":"https:\/\/sex60.de\/shop\/produkt\/tenga-premium-dual-sensation-cup-stroker\/","title":{"rendered":"TENGA PREMIUM DUAL SENSATION CUP STROKER"},"content":{"rendered":"<p>Erfreuen Sie sich an kontrastierendem Premium-Genuss.<\/p>\n<p> Wir freuen uns sehr, Ihnen die neueste Erg\u00e4nzung des TENGA-Sortiments vorstellen zu k\u00f6nnen! Kommen Sie und entdecken Sie die n\u00e4chste Stufe des Vergn\u00fcgens f\u00fcr die ikonische CUP-Serie von TENGA&#8230;<\/p>\n<p> 2021 wurde die NEUE CUP-Serie eingef\u00fchrt. Jetzt sind wir stolz, die PREMIUM TENGA CUPs auf den Markt zu bringen!<\/p>\n<p> Alle Produkte verf\u00fcgen \u00fcber kompliziertere interne Details sowie verbesserte Materialien sowohl f\u00fcr die H\u00fclse als auch f\u00fcr das interne Gleitmittel f\u00fcr ein Gef\u00fchl, das einen Rang \u00fcber unserem aktuellen Standardangebot liegt!<\/p>\n<p> Erfreuen Sie sich an kontrastierendem Premium-Genuss. Der Premium Dual Sensation CUP bietet einen stimulierenden Kontrast der Empfindungen von den gegen\u00fcberliegenden Seiten des Artikels, mit einer st\u00e4rkeren Stimulation von der &quot;Tough Side&quot; und einem sanfteren Gef\u00fchl von der &quot;Tender Side&quot;. Diese sorgen in Kombination mit Anpassungen und Upgrades der internen Materialien f\u00fcr ein dynamisches, neues Erlebnis!<\/p>\n<ul>\n<li> Gr\u00f6\u00dfe: T \u00d7 B \u00d7 H mm): 67 \u00d7 67 \u00d7 155<\/li>\n<li> Einsteckl\u00e4nge Ca. (mm): 150<\/li>\n<li> Einsteckbreite Ca. (mm): 45<\/li>\n<li> Gewicht (g): 200<\/li>\n<li> Materialien:\n<ul>\n<li> Einsatzh\u00fclse: ThermoplaEinweg, Elastomer (TPE)<\/li>\n<li> Geh\u00e4use: PE<\/li>\n<\/ul>\n<\/li>\n<\/ul>\n","protected":false},"excerpt":{"rendered":"<p>Erfreuen Sie sich an kontrastierendem Premium-Genuss. Wir freuen uns sehr, Ihnen die neueste Erg\u00e4nzung des TENGA-Sortiments vorstellen zu k\u00f6nnen! Kommen Sie und entdecken Sie die n\u00e4chste Stufe des Vergn\u00fcgens f\u00fcr die ikonische CUP-Serie von TENGA&#8230; 2021 wurde die NEUE CUP-Serie <a href=\"https:\/\/sex60.de\/shop\/produkt\/tenga-premium-dual-sensation-cup-stroker\/\"> Read more&#8230;<\/a><\/p>\n","protected":false},"featured_media":115958,"comment_status":"closed","ping_status":"open","template":"","meta":[],"product_brand":[],"product_cat":[1088,1080],"product_tag":[],"class_list":{"0":"post-115957","1":"product","2":"type-product","3":"status-publish","4":"has-post-thumbnail","6":"product_cat-sexspielzeug-fuer-maenner","7":"product_cat-sexspielzeug-xxx","9":"first","10":"instock","11":"taxable","12":"shipping-taxable","13":"purchasable","14":"product-type-simple"},"_links":{"self":[{"href":"https:\/\/sex60.de\/shop\/wp-json\/wp\/v2\/product\/115957","targetHints":{"allow":["GET"]}}],"collection":[{"href":"https:\/\/sex60.de\/shop\/wp-json\/wp\/v2\/product"}],"about":[{"href":"https:\/\/sex60.de\/shop\/wp-json\/wp\/v2\/types\/product"}],"replies":[{"embeddable":true,"href":"https:\/\/sex60.de\/shop\/wp-json\/wp\/v2\/comments?post=115957"}],"wp:featuredmedia":[{"embeddable":true,"href":"https:\/\/sex60.de\/shop\/wp-json\/wp\/v2\/media\/115958"}],"wp:attachment":[{"href":"https:\/\/sex60.de\/shop\/wp-json\/wp\/v2\/media?parent=115957"}],"wp:term":[{"taxonomy":"product_brand","embeddable":true,"href":"https:\/\/sex60.de\/shop\/wp-json\/wp\/v2\/product_brand?post=115957"},{"taxonomy":"product_cat","embeddable":true,"href":"https:\/\/sex60.de\/shop\/wp-json\/wp\/v2\/product_cat?post=115957"},{"taxonomy":"product_tag","embeddable":true,"href":"https:\/\/sex60.de\/shop\/wp-json\/wp\/v2\/product_tag?post=115957"}],"curies":[{"name":"wp","href":"https:\/\/api.w.org\/{rel}","templated":true}]}}