{"id":116959,"date":"2025-01-12T04:05:41","date_gmt":"2025-01-12T03:05:41","guid":{"rendered":"https:\/\/sex60.de\/shop\/produkt\/tenga-flex-fizzy-gruener-masturbator\/"},"modified":"2025-01-12T04:05:42","modified_gmt":"2025-01-12T03:05:42","slug":"tenga-flex-fizzy-gruener-masturbator","status":"publish","type":"product","link":"https:\/\/sex60.de\/shop\/produkt\/tenga-flex-fizzy-gruener-masturbator\/","title":{"rendered":"TENGA FLEX FIZZY GR\u00dcNER MASTURBATOR"},"content":{"rendered":"<p>Der TENGA FLEX dreht, saugt und umarmt mit seiner einzigartigen Spiralrippenh\u00fclle.<\/p>\n<p> Es gibt zwei Varianten zu genie\u00dfen, jede mit unterschiedlichen inneren Details und Materialst\u00e4rken! Sanft gewundene Rippen umarmen sich mit herrlichem Sog.<\/p>\n<p> Entfernen Sie die Standkappe und schmieren Sie den Einf\u00fchrungspunkt und die Innenseite der Elastomerh\u00fclse.<\/p>\n<p> Decken Sie das Luftloch ab, um ein internes Vakuum zu erzeugen! Die Verwendung des Artikels mit abgedecktem Luftloch sorgt auch f\u00fcr ein brandneues Spiralgef\u00fchl!<\/p>\n<p> Entfernen Sie nach Gebrauch die Elastomerh\u00fclle und waschen Sie sie mit Wasser. Nach dem Waschen trocken tupfen. (Die Elastomermanschette kann zum Waschen umgedreht werden.)<\/p>\n<p> Drehen Sie die Standkappe um, um sie als Trockenst\u00e4nder zu verwenden.<\/p>\n<p> Legen Sie die Elastomerh\u00fclle auf die St\u00e4nderkappe, um sie an der Luft zu trocknen.<\/p>\n<p> Bringen Sie die Standkappe nach dem Trocknen wieder in ihren urspr\u00fcnglichen Zustand zur\u00fcck und setzen Sie sie zur Aufbewahrung in das Geh\u00e4use ein. An einem k\u00fchlen, trockenen und dunklen Ort ohne direkte Sonneneinstrahlung lagern.<\/p>\n<ul>\n<li> Gr\u00f6\u00dfe (T \u00d7 B \u00d7 H mm): 200 \u00d7 105 \u00d7 80<\/li>\n<li> Einf\u00fchrl\u00e4nge ca. (mm): 165<\/li>\n<li> Einschubbreite ca. (mm): 45<\/li>\n<li> Gewicht (g): 365<\/li>\n<li> Andere Spezifikationen: Wiederverwendbar, Probeschmiermittel enthalten<\/li>\n<li> Werkstoffe: Elastomer, PP<\/li>\n<li> Lotion: HOLE LOTION [REAL] (Rot) Inhaltsstoffe: Wasser, Glycerin, Natriumpolyacrylat, Ethanol, Hydroxyethylcellulose, Phenoxyethanol, Methylparaben, EDTA-2Na, Polysorbat 80, Sorbitan Cocoate, Duft<\/li>\n<\/ul>\n","protected":false},"excerpt":{"rendered":"<p>Der TENGA FLEX dreht, saugt und umarmt mit seiner einzigartigen Spiralrippenh\u00fclle. Es gibt zwei Varianten zu genie\u00dfen, jede mit unterschiedlichen inneren Details und Materialst\u00e4rken! Sanft gewundene Rippen umarmen sich mit herrlichem Sog. Entfernen Sie die Standkappe und schmieren Sie den <a href=\"https:\/\/sex60.de\/shop\/produkt\/tenga-flex-fizzy-gruener-masturbator\/\"> Read more&#8230;<\/a><\/p>\n","protected":false},"featured_media":116960,"comment_status":"closed","ping_status":"open","template":"","meta":[],"product_brand":[],"product_cat":[1088,1080],"product_tag":[],"class_list":{"0":"post-116959","1":"product","2":"type-product","3":"status-publish","4":"has-post-thumbnail","6":"product_cat-sexspielzeug-fuer-maenner","7":"product_cat-sexspielzeug-xxx","9":"first","10":"instock","11":"taxable","12":"shipping-taxable","13":"purchasable","14":"product-type-simple"},"_links":{"self":[{"href":"https:\/\/sex60.de\/shop\/wp-json\/wp\/v2\/product\/116959","targetHints":{"allow":["GET"]}}],"collection":[{"href":"https:\/\/sex60.de\/shop\/wp-json\/wp\/v2\/product"}],"about":[{"href":"https:\/\/sex60.de\/shop\/wp-json\/wp\/v2\/types\/product"}],"replies":[{"embeddable":true,"href":"https:\/\/sex60.de\/shop\/wp-json\/wp\/v2\/comments?post=116959"}],"wp:featuredmedia":[{"embeddable":true,"href":"https:\/\/sex60.de\/shop\/wp-json\/wp\/v2\/media\/116960"}],"wp:attachment":[{"href":"https:\/\/sex60.de\/shop\/wp-json\/wp\/v2\/media?parent=116959"}],"wp:term":[{"taxonomy":"product_brand","embeddable":true,"href":"https:\/\/sex60.de\/shop\/wp-json\/wp\/v2\/product_brand?post=116959"},{"taxonomy":"product_cat","embeddable":true,"href":"https:\/\/sex60.de\/shop\/wp-json\/wp\/v2\/product_cat?post=116959"},{"taxonomy":"product_tag","embeddable":true,"href":"https:\/\/sex60.de\/shop\/wp-json\/wp\/v2\/product_tag?post=116959"}],"curies":[{"name":"wp","href":"https:\/\/api.w.org\/{rel}","templated":true}]}}