{"id":134856,"date":"2025-01-12T15:57:31","date_gmt":"2025-01-12T14:57:31","guid":{"rendered":"https:\/\/sex60.de\/shop\/produkt\/fetish-fantasy-serie-tragbare-sexmaschine\/"},"modified":"2025-01-12T15:57:32","modified_gmt":"2025-01-12T14:57:32","slug":"fetish-fantasy-serie-tragbare-sexmaschine","status":"publish","type":"product","link":"https:\/\/sex60.de\/shop\/produkt\/fetish-fantasy-serie-tragbare-sexmaschine\/","title":{"rendered":"FETISH FANTASY SERIE TRAGBARE SEXMASCHINE"},"content":{"rendered":"<p> Wenn Sie nach einer reisefreundlichen Sexmaschine suchen, die mit jedem elektrischen Strom der Welt betrieben werden kann, ist die tragbare Sexmaschine der Fetish Fantasy Series International die perfekte Wahl f\u00fcr sofortige Zufriedenheit! Im Gegensatz zu gr\u00f6\u00dferen und sperrigeren elektrischen Fickmaschinen passt dieser tragbare Sexsimulator problemlos in Ihren Koffer und verf\u00fcgt \u00fcber ein universelles Netzteil, mit dem Sie in nahezu jedem Land Multi-Standard-Spannungen sicher unterst\u00fctzen k\u00f6nnen. Mit einem eingebauten \u00dcberspannungsschutz k\u00f6nnen Sie mit dem globalen Konverter \u00fcberall auf der Welt leistungsstarke und tragbare Plug-In-Leistung genie\u00dfen! <\/p>\n<p> Lassen Sie sich nicht von seiner Gr\u00f6\u00dfe t\u00e4uschen &#8211; dies ist die ultimative tragbare Sexmaschine auf dem neuesten Stand der Technik! Mit einer L\u00e4nge von nur 9,5 Zoll und einem Gewicht von nur 3 Pfund verf\u00fcgt diese kolbengetriebene Sexmaschine \u00fcber 4 superstarke Saugn\u00e4pfe, 2 austauschbare phthalatfreie Dildos, 2 verstellbare Klettfu\u00df- und Handb\u00fcgel, einen praktischen Tragegriff und einen leistungsstarken USB-betriebener Plug-In-Vibrator, der gleichzeitig als Controller der Maschine fungiert. Der superstarke Controller Vibe ist perfekt f\u00fcr die interne oder externe Stimulation geeignet und besteht aus k\u00f6rpersicherem Silikon. Er verf\u00fcgt \u00fcber separate Regler f\u00fcr die Leistung des Vibe und die Intensit\u00e4t der Maschine. <\/p>\n<p> Diese kompakte Schubeinheit verf\u00fcgt \u00fcber ein eingebautes US-Netzkabel und ein universelles Netzteil, mit dem die Maschine in Europa, Gro\u00dfbritannien, China, Japan, Mexiko, S\u00fcdamerika und Australien kompatibel ist, ohne darauf beschr\u00e4nkt zu sein. Die Sexmaschine wird mit 100-240 V betrieben. Durch Auswahl verschiedener Zinkenvarianten des Universaladapters kann sich Ihre tragbare Sexmaschine problemlos an die Spannungsanforderungen eines Landes anpassen. Sie k\u00f6nnen die Maschine diskret \u00fcberall hin mitnehmen, ohne sich um Stromkompatibilit\u00e4t oder Portabilit\u00e4t sorgen zu m\u00fcssen. <\/p>\n<p> Das sanfte, rhythmische Schieben der kolbengetriebenen Hochleistungswelle ist so programmiert, dass sie jedes Mal die richtige Stelle trifft! Bei der langsamsten Geschwindigkeit bietet die Sex Machine 75 St\u00f6\u00dfe pro Minute. Bei der schnellsten Geschwindigkeit sind es 183 St\u00f6\u00dfe pro Minute. Im Gegensatz zu jeder anderen Sexmaschine auf dem Markt verf\u00fcgt die International Portable Sex Machine \u00fcber ein Paar verstellbare Klett-Fu\u00dfb\u00fcgel, mit denen die F\u00fc\u00dfe des Benutzers die Sexmaschine f\u00fcr die intensivste, freih\u00e4ndige Stimulation, die jemals vorgestellt wurde, n\u00e4her an ihren K\u00f6rper bringen k\u00f6nnen. Aber diese unglaubliche Sexmaschine ist nicht nur ein schicker Fu\u00dfficker &#8211; das vielseitige Ger\u00e4t verf\u00fcgt \u00fcber 4 Saugn\u00e4pfe und einen Reisegriff, der den Benutzern endlose Vergn\u00fcgungsm\u00f6glichkeiten bietet! <\/p>\n<p> Das USB-Plug-In-Vibe ist ein Zwei-in-Eins-Zubeh\u00f6r, das externe Stimulation mit pr\u00e4zisen Steuerungen kombiniert. Die clever geschwungene Stimmung vibriert nicht nur &#8211; sie fungiert auch als Multi-Speed-Controller f\u00fcr die einstellbare Schubbewegung der Sexmaschine. W\u00e4hlen Sie eine Geschwindigkeit auf dem Zifferblatt der Stimmung, die zu Ihnen passt, und lassen Sie sich von den kraftvollen St\u00f6\u00dfen der Maschine entf\u00fchren! Die superstarken Saugn\u00e4pfe des Ger\u00e4ts haften auf nahezu jeder ebenen Fl\u00e4che &#8211; B\u00f6den, Tischen, St\u00fchlen, Arbeitsplatten, W\u00e4nden oder Fliesen. Verwenden Sie die Maschine alleine oder mit einem Partner und lassen Sie Ihrer Fantasie freien Lauf, um neue Positionen zu erkunden, die Sie nie f\u00fcr m\u00f6glich gehalten h\u00e4tten! Die International Portable Sex Machine wird in einer praktischen Lederreisetasche mit Schloss und feuchtem Schl\u00fcsselbund geliefert. Das Kit enth\u00e4lt au\u00dferdem kostenlose Muster von Moist Body Lotion und Refresh Toy Cleaner sowie einen kostenlosen Federkitzler und eine Satin Love Mask. <\/p>\n<p> Die International Portable Sex Machine enth\u00e4lt zwei phthalatfreie TPR-Dildos, die sich leicht an der mit Gewinde versehenen Vergn\u00fcgungskolbenwelle der Maschine befestigen lassen. Um die Dildos zu reinigen, schrauben Sie die Dildos einfach vom Stahlschaft ab und waschen Sie sie vorsichtig mit Refresh Toy Cleaner und warmem Wasser. Die TPR-Dildos sind phthalatfrei, latexfrei und k\u00f6rpersicher. <\/p>\n<p> Diese tragbare internationale High-Tech-Sexmaschine ist ohne Montage sofort einsatzbereit. Schlie\u00dfen Sie es einfach an (mit oder ohne den mitgelieferten Adapter), schnallen Sie Ihre F\u00fc\u00dfe an, w\u00e4hlen Sie eine Geschwindigkeit auf dem Zifferblatt der Stimmung und genie\u00dfen Sie die realistischste Sexmaschine, die jemals erstellt wurde! <\/p>\n<p style=\"text-align: center;\"><embed allowfullscreen=\"true\" allowscriptaccess=\"always\" flashvars=\"&amp;controlbar=bottom&amp;netstreambasepath=http%3A%2F%2Fwww.pipedreamproducts.com%2F&amp;file=http%3A%2F%2Fwww.pipedreamproducts.com%2Fvideos%2F376200.mp4&amp;autostart=true\" height=\"362\" src=\"http:\/\/www.pipedreamproducts.com\/jwplayer\/player.swf\" width=\"500\"><\/embed><\/p>\n","protected":false},"excerpt":{"rendered":"<p>Wenn Sie nach einer reisefreundlichen Sexmaschine suchen, die mit jedem elektrischen Strom der Welt betrieben werden kann, ist die tragbare Sexmaschine der Fetish Fantasy Series International die perfekte Wahl f\u00fcr sofortige Zufriedenheit! Im Gegensatz zu gr\u00f6\u00dferen und sperrigeren elektrischen Fickmaschinen <a href=\"https:\/\/sex60.de\/shop\/produkt\/fetish-fantasy-serie-tragbare-sexmaschine\/\"> Read more&#8230;<\/a><\/p>\n","protected":false},"featured_media":134857,"comment_status":"closed","ping_status":"open","template":"","meta":[],"product_brand":[],"product_cat":[1080,1081],"product_tag":[],"class_list":{"0":"post-134856","1":"product","2":"type-product","3":"status-publish","4":"has-post-thumbnail","6":"product_cat-sexspielzeug-xxx","7":"product_cat-spielzeug-fuer-frauen","9":"first","10":"instock","11":"taxable","12":"shipping-taxable","13":"purchasable","14":"product-type-simple"},"_links":{"self":[{"href":"https:\/\/sex60.de\/shop\/wp-json\/wp\/v2\/product\/134856","targetHints":{"allow":["GET"]}}],"collection":[{"href":"https:\/\/sex60.de\/shop\/wp-json\/wp\/v2\/product"}],"about":[{"href":"https:\/\/sex60.de\/shop\/wp-json\/wp\/v2\/types\/product"}],"replies":[{"embeddable":true,"href":"https:\/\/sex60.de\/shop\/wp-json\/wp\/v2\/comments?post=134856"}],"wp:featuredmedia":[{"embeddable":true,"href":"https:\/\/sex60.de\/shop\/wp-json\/wp\/v2\/media\/134857"}],"wp:attachment":[{"href":"https:\/\/sex60.de\/shop\/wp-json\/wp\/v2\/media?parent=134856"}],"wp:term":[{"taxonomy":"product_brand","embeddable":true,"href":"https:\/\/sex60.de\/shop\/wp-json\/wp\/v2\/product_brand?post=134856"},{"taxonomy":"product_cat","embeddable":true,"href":"https:\/\/sex60.de\/shop\/wp-json\/wp\/v2\/product_cat?post=134856"},{"taxonomy":"product_tag","embeddable":true,"href":"https:\/\/sex60.de\/shop\/wp-json\/wp\/v2\/product_tag?post=134856"}],"curies":[{"name":"wp","href":"https:\/\/api.w.org\/{rel}","templated":true}]}}