{"id":138002,"date":"2025-01-12T18:27:37","date_gmt":"2025-01-12T17:27:37","guid":{"rendered":"https:\/\/sex60.de\/shop\/produkt\/bein-avenue-tights-mit-rueckennaht-schwarz\/"},"modified":"2025-01-12T18:27:37","modified_gmt":"2025-01-12T17:27:37","slug":"bein-avenue-tights-mit-rueckennaht-schwarz","status":"publish","type":"product","link":"https:\/\/sex60.de\/shop\/produkt\/bein-avenue-tights-mit-rueckennaht-schwarz\/","title":{"rendered":"BEIN AVENUE TIGHTS MIT R\u00dcCKENNAHT SCHWARZ"},"content":{"rendered":"<p>Fantastische Strumpfhose mit R\u00fcckennaht in Schwarz. Sie sind die Favoriten der meisten Fetischisten! Diese d\u00fcnne Linie, die Ihre Kn\u00f6chel vom s\u00fc\u00dfesten Ding trennt&#8230; Sexy und verf\u00fchrerisch, aber gleichzeitig elegant und raffiniert. Sie werden es kaum erwarten k\u00f6nnen, sie mit Ihrer besten Unterw\u00e4sche oder mit dem sinnlichen Kleid, das Sie in Ihrem Kleiderschrank haben, zur Schau zu stellen &#8230;<\/p>\n<p> Diese wundervollen Strumpfhosen stammen aus der Leg Avenue Hosiery Collection.<\/p>\n<p> <strong>Leg Avenue<\/strong> hat die Produkte, die Sie gesucht haben, und ist bestrebt, Ihren Kunden innovative Produkte, wettbewerbsf\u00e4hige Preise und gro\u00dfe Zufriedenheit anzubieten, frisch aus dem angesagtesten Viertel von Los Angeles.<\/p>\n<ul>\n<li> <span style=font-size: 13px;>Sexy schwarze Str\u00fcmpfe mit R\u00fcckenn\u00e4hten,<\/span><\/li>\n<li> <span style=font-size: 13px; white-space: normal;>Einheitsgr\u00f6\u00dfe verstellbar<\/span><\/li>\n<li> <span style=font-size: 13px; white-space: normal;>Zusammensetzung: 100 % Nylon<\/span><\/li>\n<li> <span style=font-size: 13px; white-space: normal;>Farbe: Schwarz<\/span><\/li>\n<\/ul>\n<p> Niemand macht es sexier!!<\/p>\n","protected":false},"excerpt":{"rendered":"<p>Fantastische Strumpfhose mit R\u00fcckennaht in Schwarz. Sie sind die Favoriten der meisten Fetischisten! Diese d\u00fcnne Linie, die Ihre Kn\u00f6chel vom s\u00fc\u00dfesten Ding trennt&#8230; Sexy und verf\u00fchrerisch, aber gleichzeitig elegant und raffiniert. Sie werden es kaum erwarten k\u00f6nnen, sie mit Ihrer <a href=\"https:\/\/sex60.de\/shop\/produkt\/bein-avenue-tights-mit-rueckennaht-schwarz\/\"> Read more&#8230;<\/a><\/p>\n","protected":false},"featured_media":138003,"comment_status":"closed","ping_status":"open","template":"","meta":[],"product_brand":[],"product_cat":[1104,1242,1103,1237],"product_tag":[],"class_list":{"0":"post-138002","1":"product","2":"type-product","3":"status-publish","4":"has-post-thumbnail","6":"product_cat-dessous-fuer-damen","7":"product_cat-strapsstruempfe","8":"product_cat-unterwaesche","9":"product_cat-wuerzige-dessous","11":"first","12":"instock","13":"taxable","14":"shipping-taxable","15":"purchasable","16":"product-type-simple"},"_links":{"self":[{"href":"https:\/\/sex60.de\/shop\/wp-json\/wp\/v2\/product\/138002","targetHints":{"allow":["GET"]}}],"collection":[{"href":"https:\/\/sex60.de\/shop\/wp-json\/wp\/v2\/product"}],"about":[{"href":"https:\/\/sex60.de\/shop\/wp-json\/wp\/v2\/types\/product"}],"replies":[{"embeddable":true,"href":"https:\/\/sex60.de\/shop\/wp-json\/wp\/v2\/comments?post=138002"}],"wp:featuredmedia":[{"embeddable":true,"href":"https:\/\/sex60.de\/shop\/wp-json\/wp\/v2\/media\/138003"}],"wp:attachment":[{"href":"https:\/\/sex60.de\/shop\/wp-json\/wp\/v2\/media?parent=138002"}],"wp:term":[{"taxonomy":"product_brand","embeddable":true,"href":"https:\/\/sex60.de\/shop\/wp-json\/wp\/v2\/product_brand?post=138002"},{"taxonomy":"product_cat","embeddable":true,"href":"https:\/\/sex60.de\/shop\/wp-json\/wp\/v2\/product_cat?post=138002"},{"taxonomy":"product_tag","embeddable":true,"href":"https:\/\/sex60.de\/shop\/wp-json\/wp\/v2\/product_tag?post=138002"}],"curies":[{"name":"wp","href":"https:\/\/api.w.org\/{rel}","templated":true}]}}