{"id":139223,"date":"2025-01-12T19:26:13","date_gmt":"2025-01-12T18:26:13","guid":{"rendered":"https:\/\/sex60.de\/shop\/produkt\/bein-avenue-rote-strumpfhose\/"},"modified":"2025-01-12T19:26:14","modified_gmt":"2025-01-12T18:26:14","slug":"bein-avenue-rote-strumpfhose","status":"publish","type":"product","link":"https:\/\/sex60.de\/shop\/produkt\/bein-avenue-rote-strumpfhose\/","title":{"rendered":"BEIN AVENUE ROTE STRUMPFHOSE"},"content":{"rendered":"<p>Fantastische rote Strumpfhose. Die Einfachheit und Sinnlichkeit eines so d\u00fcnnen und zarten Kleidungsst\u00fccks. Sie werden es kaum erwarten k\u00f6nnen, sie mit Ihrer besten Unterw\u00e4sche oder mit dem sinnlichen Kleid, das Sie in Ihrem Kleiderschrank haben, zur Schau zu stellen &#8230;<\/p>\n<p> Schlichte und elegante, durchscheinende Strapsstr\u00fcmpfe mit blickdichtem Gummiband f\u00fcr Ihren Komfort. Wird in einer Papierbox geliefert, ideal zum Verschenken. Einheitsgr\u00f6\u00dfe f\u00fcr alle Gr\u00f6\u00dfen<\/p>\n<p> <strong>Leg Avenue<\/strong> hat die Produkte, die Sie gesucht haben, und ist bestrebt, Ihren Kunden innovative Produkte, wettbewerbsf\u00e4hige Preise und gro\u00dfe Zufriedenheit anzubieten, frisch aus dem angesagtesten Viertel von Los Angeles.<\/p>\n<ul>\n<li> <span style=font-size: 13px;>Sexy Strapsstr\u00fcmpfe<\/span><\/li>\n<li> <span style=font-size: 13px; white-space: normal;>Einheitsgr\u00f6\u00dfe verstellbar<\/span><\/li>\n<li> <span style=font-size: 13px; white-space: normal;>Zusammensetzung: 100 % Nylon<\/span><\/li>\n<li> <span style=font-size: 13px; white-space: normal;>rote Farbe<\/span><\/li>\n<\/ul>\n<p> Niemand macht es sexier!!<\/p>\n","protected":false},"excerpt":{"rendered":"<p>Fantastische rote Strumpfhose. Die Einfachheit und Sinnlichkeit eines so d\u00fcnnen und zarten Kleidungsst\u00fccks. Sie werden es kaum erwarten k\u00f6nnen, sie mit Ihrer besten Unterw\u00e4sche oder mit dem sinnlichen Kleid, das Sie in Ihrem Kleiderschrank haben, zur Schau zu stellen &#8230; <a href=\"https:\/\/sex60.de\/shop\/produkt\/bein-avenue-rote-strumpfhose\/\"> Read more&#8230;<\/a><\/p>\n","protected":false},"featured_media":139224,"comment_status":"closed","ping_status":"open","template":"","meta":[],"product_brand":[],"product_cat":[1104,1106,1105,1103],"product_tag":[],"class_list":{"0":"post-139223","1":"product","2":"type-product","3":"status-publish","4":"has-post-thumbnail","6":"product_cat-dessous-fuer-damen","7":"product_cat-laessige-tagesunterwaesche","8":"product_cat-sexy-dessous","9":"product_cat-unterwaesche","11":"first","12":"instock","13":"taxable","14":"shipping-taxable","15":"purchasable","16":"product-type-simple"},"_links":{"self":[{"href":"https:\/\/sex60.de\/shop\/wp-json\/wp\/v2\/product\/139223","targetHints":{"allow":["GET"]}}],"collection":[{"href":"https:\/\/sex60.de\/shop\/wp-json\/wp\/v2\/product"}],"about":[{"href":"https:\/\/sex60.de\/shop\/wp-json\/wp\/v2\/types\/product"}],"replies":[{"embeddable":true,"href":"https:\/\/sex60.de\/shop\/wp-json\/wp\/v2\/comments?post=139223"}],"wp:featuredmedia":[{"embeddable":true,"href":"https:\/\/sex60.de\/shop\/wp-json\/wp\/v2\/media\/139224"}],"wp:attachment":[{"href":"https:\/\/sex60.de\/shop\/wp-json\/wp\/v2\/media?parent=139223"}],"wp:term":[{"taxonomy":"product_brand","embeddable":true,"href":"https:\/\/sex60.de\/shop\/wp-json\/wp\/v2\/product_brand?post=139223"},{"taxonomy":"product_cat","embeddable":true,"href":"https:\/\/sex60.de\/shop\/wp-json\/wp\/v2\/product_cat?post=139223"},{"taxonomy":"product_tag","embeddable":true,"href":"https:\/\/sex60.de\/shop\/wp-json\/wp\/v2\/product_tag?post=139223"}],"curies":[{"name":"wp","href":"https:\/\/api.w.org\/{rel}","templated":true}]}}