{"id":139257,"date":"2025-01-12T19:26:54","date_gmt":"2025-01-12T18:26:54","guid":{"rendered":"https:\/\/sex60.de\/shop\/produkt\/bein-avenue-netzhose-mit-spitzenshorts\/"},"modified":"2025-01-12T19:26:54","modified_gmt":"2025-01-12T18:26:54","slug":"bein-avenue-netzhose-mit-spitzenshorts","status":"publish","type":"product","link":"https:\/\/sex60.de\/shop\/produkt\/bein-avenue-netzhose-mit-spitzenshorts\/","title":{"rendered":"BEIN AVENUE NETZHOSE MIT SPITZENSHORTS"},"content":{"rendered":"<p>Fantastisches schwarzes Netzh\u00f6schen mit Spitzenshorts. Sie sind die Favoriten der meisten Fetischisten! Dieses subtile und feine Netz, das Ihre Haut von seinen H\u00e4nden trennt, wird ihn verr\u00fcckt machen und er wird nur daran denken, sie auszuziehen! Sexy und verf\u00fchrerisch, aber gleichzeitig elegant und raffiniert. Sie werden es kaum erwarten k\u00f6nnen, sie mit Ihrer besten Unterw\u00e4sche oder mit dem sinnlichen Kleid, das Sie in Ihrem Kleiderschrank haben, zur Schau zu stellen &#8230;<\/p>\n<p> Diese wunderbaren Str\u00fcmpfe stammen aus der Strumpfwarenkollektion von Leg Avenue.<\/p>\n<p> <strong>Leg Avenue<\/strong> hat die Produkte, die Sie gesucht haben, und ist bestrebt, Ihren Kunden innovative Produkte, wettbewerbsf\u00e4hige Preise und gro\u00dfe Zufriedenheit anzubieten, frisch aus dem angesagtesten Viertel von Los Angeles.<\/p>\n<ul>\n<li> <span font-size:= style= white-space:=>Einheitsgr\u00f6\u00dfe verstellbar<\/span><\/li>\n<li> <span font-size:= style= white-space:=>Zusammensetzung:<\/span> 92 % Polyamid + 8 % Elasthan<\/li>\n<\/ul>\n<p> Niemand macht es sexier!!<\/p>\n","protected":false},"excerpt":{"rendered":"<p>Fantastisches schwarzes Netzh\u00f6schen mit Spitzenshorts. Sie sind die Favoriten der meisten Fetischisten! Dieses subtile und feine Netz, das Ihre Haut von seinen H\u00e4nden trennt, wird ihn verr\u00fcckt machen und er wird nur daran denken, sie auszuziehen! Sexy und verf\u00fchrerisch, aber <a href=\"https:\/\/sex60.de\/shop\/produkt\/bein-avenue-netzhose-mit-spitzenshorts\/\"> Read more&#8230;<\/a><\/p>\n","protected":false},"featured_media":139258,"comment_status":"closed","ping_status":"open","template":"","meta":[],"product_brand":[],"product_cat":[1104,1106,1105,1103],"product_tag":[],"class_list":{"0":"post-139257","1":"product","2":"type-product","3":"status-publish","4":"has-post-thumbnail","6":"product_cat-dessous-fuer-damen","7":"product_cat-laessige-tagesunterwaesche","8":"product_cat-sexy-dessous","9":"product_cat-unterwaesche","11":"first","12":"instock","13":"taxable","14":"shipping-taxable","15":"purchasable","16":"product-type-simple"},"_links":{"self":[{"href":"https:\/\/sex60.de\/shop\/wp-json\/wp\/v2\/product\/139257","targetHints":{"allow":["GET"]}}],"collection":[{"href":"https:\/\/sex60.de\/shop\/wp-json\/wp\/v2\/product"}],"about":[{"href":"https:\/\/sex60.de\/shop\/wp-json\/wp\/v2\/types\/product"}],"replies":[{"embeddable":true,"href":"https:\/\/sex60.de\/shop\/wp-json\/wp\/v2\/comments?post=139257"}],"wp:featuredmedia":[{"embeddable":true,"href":"https:\/\/sex60.de\/shop\/wp-json\/wp\/v2\/media\/139258"}],"wp:attachment":[{"href":"https:\/\/sex60.de\/shop\/wp-json\/wp\/v2\/media?parent=139257"}],"wp:term":[{"taxonomy":"product_brand","embeddable":true,"href":"https:\/\/sex60.de\/shop\/wp-json\/wp\/v2\/product_brand?post=139257"},{"taxonomy":"product_cat","embeddable":true,"href":"https:\/\/sex60.de\/shop\/wp-json\/wp\/v2\/product_cat?post=139257"},{"taxonomy":"product_tag","embeddable":true,"href":"https:\/\/sex60.de\/shop\/wp-json\/wp\/v2\/product_tag?post=139257"}],"curies":[{"name":"wp","href":"https:\/\/api.w.org\/{rel}","templated":true}]}}