{"id":139783,"date":"2025-01-12T19:47:22","date_gmt":"2025-01-12T18:47:22","guid":{"rendered":"https:\/\/sex60.de\/shop\/produkt\/bye-bra-gala-bra-cup-d-nude-bra\/"},"modified":"2025-01-12T19:47:23","modified_gmt":"2025-01-12T18:47:23","slug":"bye-bra-gala-bra-cup-d-nude-bra","status":"publish","type":"product","link":"https:\/\/sex60.de\/shop\/produkt\/bye-bra-gala-bra-cup-d-nude-bra\/","title":{"rendered":"BYE BRA GALA BRA CUP D NUDE BRA"},"content":{"rendered":"<p>Der Gala-BH ist der perfekte Weg, um die Br\u00fcste f\u00fcr eine perfekte Silhouette zu st\u00fctzen. Verteilen Sie das Gewicht auf nat\u00fcrliche Weise.<\/p>\n<p> Die B\u00fcgelschalen des Gala-BHs richten die Brust aus, w\u00e4hrend sich die Polster verbessern.<\/p>\n<p> Sie k\u00f6nnen es mit einem offenen Schwertkleid tragen, da es v\u00f6llig unsichtbar und bequem ist.<\/p>\n<p> Der Gala-BH kann bis zu 25 Mal bei richtiger Pflege und Einhaltung der Anweisungen getragen werden.<\/p>\n<p> Der B\u00fcgel-BH ist drahtlos und tr\u00e4gerlos und haftet dank der hochwertigen Polyolefin-Gel-Technologie fest auf der Haut. Damit ist er die ideale L\u00f6sung f\u00fcr jedes tr\u00e4gerlose oder r\u00fcckenfreie Outfit. Die weichen, nat\u00fcrlich geformten Schaumstoffbecher bieten zusammen mit dem selbstklebenden Silikongel in den Push-up-Bechern der Becher Halt, Bewegungsfreiheit und \u00fcberlegenen Komfort.<\/p>\n<p> 1 Artikel in einer Packung<\/p>\n<ul>\n<li> Zusammensetzung: 82% Gewebe, 18% Polyamid, Elasthan; Klebstoff: Polyolefingel<\/li>\n<li> Handw\u00e4sche und wiederverwendbar.<\/li>\n<\/ul>\n<p> Anleitung<\/p>\n<ul>\n<li> Reinigen Sie Ihre Haut von \u00d6len oder Cremes.<\/li>\n<li> Entfernen Sie den Schutzfilm vom Gala-BH.<\/li>\n<li> Stellen Sie beide Tassen des Gala-BHs vorsichtig auf Ihre Br\u00fcste und befestigen Sie die Push-up-Klebepads an der richtigen Stelle.<\/li>\n<li> Tragen Sie die Klebefl\u00fcgel vorsichtig und gleichm\u00e4\u00dfig auf beide Seiten Ihres Rumpfes auf.<\/li>\n<li> Dr\u00fccken Sie die Tassen und Fl\u00fcgel vorsichtig auf die Haut, um den Klebstoff zu gl\u00e4tten und eine optimale Unterst\u00fctzung zu gew\u00e4hrleisten.<\/li>\n<\/ul>\n","protected":false},"excerpt":{"rendered":"<p>Der Gala-BH ist der perfekte Weg, um die Br\u00fcste f\u00fcr eine perfekte Silhouette zu st\u00fctzen. Verteilen Sie das Gewicht auf nat\u00fcrliche Weise. Die B\u00fcgelschalen des Gala-BHs richten die Brust aus, w\u00e4hrend sich die Polster verbessern. Sie k\u00f6nnen es mit einem <a href=\"https:\/\/sex60.de\/shop\/produkt\/bye-bra-gala-bra-cup-d-nude-bra\/\"> Read more&#8230;<\/a><\/p>\n","protected":false},"featured_media":139784,"comment_status":"closed","ping_status":"open","template":"","meta":[],"product_brand":[],"product_cat":[1104,1106,1105,1103],"product_tag":[],"class_list":{"0":"post-139783","1":"product","2":"type-product","3":"status-publish","4":"has-post-thumbnail","6":"product_cat-dessous-fuer-damen","7":"product_cat-laessige-tagesunterwaesche","8":"product_cat-sexy-dessous","9":"product_cat-unterwaesche","11":"first","12":"instock","13":"taxable","14":"shipping-taxable","15":"purchasable","16":"product-type-simple"},"_links":{"self":[{"href":"https:\/\/sex60.de\/shop\/wp-json\/wp\/v2\/product\/139783","targetHints":{"allow":["GET"]}}],"collection":[{"href":"https:\/\/sex60.de\/shop\/wp-json\/wp\/v2\/product"}],"about":[{"href":"https:\/\/sex60.de\/shop\/wp-json\/wp\/v2\/types\/product"}],"replies":[{"embeddable":true,"href":"https:\/\/sex60.de\/shop\/wp-json\/wp\/v2\/comments?post=139783"}],"wp:featuredmedia":[{"embeddable":true,"href":"https:\/\/sex60.de\/shop\/wp-json\/wp\/v2\/media\/139784"}],"wp:attachment":[{"href":"https:\/\/sex60.de\/shop\/wp-json\/wp\/v2\/media?parent=139783"}],"wp:term":[{"taxonomy":"product_brand","embeddable":true,"href":"https:\/\/sex60.de\/shop\/wp-json\/wp\/v2\/product_brand?post=139783"},{"taxonomy":"product_cat","embeddable":true,"href":"https:\/\/sex60.de\/shop\/wp-json\/wp\/v2\/product_cat?post=139783"},{"taxonomy":"product_tag","embeddable":true,"href":"https:\/\/sex60.de\/shop\/wp-json\/wp\/v2\/product_tag?post=139783"}],"curies":[{"name":"wp","href":"https:\/\/api.w.org\/{rel}","templated":true}]}}