{"id":141521,"date":"2025-01-12T21:02:39","date_gmt":"2025-01-12T20:02:39","guid":{"rendered":"https:\/\/sex60.de\/shop\/produkt\/bye-bra-nahtlos-bra-mittelkontrolle-schwarz-s\/"},"modified":"2025-01-12T21:02:40","modified_gmt":"2025-01-12T20:02:40","slug":"bye-bra-nahtlos-bra-mittelkontrolle-schwarz-s","status":"publish","type":"product","link":"https:\/\/sex60.de\/shop\/produkt\/bye-bra-nahtlos-bra-mittelkontrolle-schwarz-s\/","title":{"rendered":"BYE BRA NAHTLOS BRA MITTELKONTROLLE &#8211; SCHWARZ S."},"content":{"rendered":"<p>Der nahtlose BH bietet Halt und Form, ohne auf Komfort zu verzichten. Die glatte und nahtlose Konstruktion macht dieses Modell zu einer allt\u00e4glichen Schichtung, die die Form Ihres K\u00f6rpers verbessert<\/p>\n<ul>\n<li> Shapewear<\/li>\n<li> Mittlere Kontrolle<\/li>\n<li> Glatt<\/li>\n<li> Perfekter Komfort<\/li>\n<li> Lieferung in durchsichtiger Plastikt\u00fcte und Kleiderb\u00fcgel<\/li>\n<li> Zusammensetzung: 90% Polyamid 10% Elasthan<\/li>\n<\/ul>\n","protected":false},"excerpt":{"rendered":"<p>Der nahtlose BH bietet Halt und Form, ohne auf Komfort zu verzichten. Die glatte und nahtlose Konstruktion macht dieses Modell zu einer allt\u00e4glichen Schichtung, die die Form Ihres K\u00f6rpers verbessert Shapewear Mittlere Kontrolle Glatt Perfekter Komfort Lieferung in durchsichtiger Plastikt\u00fcte <a href=\"https:\/\/sex60.de\/shop\/produkt\/bye-bra-nahtlos-bra-mittelkontrolle-schwarz-s\/\"> Read more&#8230;<\/a><\/p>\n","protected":false},"featured_media":141522,"comment_status":"closed","ping_status":"open","template":"","meta":[],"product_brand":[],"product_cat":[1104,1106,1105,1103],"product_tag":[],"class_list":{"0":"post-141521","1":"product","2":"type-product","3":"status-publish","4":"has-post-thumbnail","6":"product_cat-dessous-fuer-damen","7":"product_cat-laessige-tagesunterwaesche","8":"product_cat-sexy-dessous","9":"product_cat-unterwaesche","11":"first","12":"instock","13":"taxable","14":"shipping-taxable","15":"purchasable","16":"product-type-simple"},"_links":{"self":[{"href":"https:\/\/sex60.de\/shop\/wp-json\/wp\/v2\/product\/141521","targetHints":{"allow":["GET"]}}],"collection":[{"href":"https:\/\/sex60.de\/shop\/wp-json\/wp\/v2\/product"}],"about":[{"href":"https:\/\/sex60.de\/shop\/wp-json\/wp\/v2\/types\/product"}],"replies":[{"embeddable":true,"href":"https:\/\/sex60.de\/shop\/wp-json\/wp\/v2\/comments?post=141521"}],"wp:featuredmedia":[{"embeddable":true,"href":"https:\/\/sex60.de\/shop\/wp-json\/wp\/v2\/media\/141522"}],"wp:attachment":[{"href":"https:\/\/sex60.de\/shop\/wp-json\/wp\/v2\/media?parent=141521"}],"wp:term":[{"taxonomy":"product_brand","embeddable":true,"href":"https:\/\/sex60.de\/shop\/wp-json\/wp\/v2\/product_brand?post=141521"},{"taxonomy":"product_cat","embeddable":true,"href":"https:\/\/sex60.de\/shop\/wp-json\/wp\/v2\/product_cat?post=141521"},{"taxonomy":"product_tag","embeddable":true,"href":"https:\/\/sex60.de\/shop\/wp-json\/wp\/v2\/product_tag?post=141521"}],"curies":[{"name":"wp","href":"https:\/\/api.w.org\/{rel}","templated":true}]}}