{"id":141576,"date":"2025-01-12T21:06:03","date_gmt":"2025-01-12T20:06:03","guid":{"rendered":"https:\/\/sex60.de\/shop\/produkt\/bye-bra-mineraloel-push-up-pads-a-b\/"},"modified":"2025-01-12T21:06:03","modified_gmt":"2025-01-12T20:06:03","slug":"bye-bra-mineraloel-push-up-pads-a-b","status":"publish","type":"product","link":"https:\/\/sex60.de\/shop\/produkt\/bye-bra-mineraloel-push-up-pads-a-b\/","title":{"rendered":"BYE BRA MINERAL\u00d6L PUSH UP PADS A \/ B."},"content":{"rendered":"<p>Die Bye Bra Mineral\u00f6l-Pads bieten einen nat\u00fcrlich aussehenden Push-up-Effekt und passen in die meisten BHs. Aufgrund der K\u00f6rperw\u00e4rme formen sich die \u00d6lpads in Richtung Ihrer eigenen nat\u00fcrlichen Form und sorgen f\u00fcr den perfekten Sprung<\/p>\n<p> Anleitung<\/p>\n<p> Tragen Sie die Tsch\u00fcss-BH-Mineral\u00f6l-Push-up-Anzeigen unter Ihre Br\u00fcste auf oder stecken Sie sie in die Taschen Ihres BHs. Passen Sie die Mineral\u00f6l-Push-up-Pads an, bis sie gleichm\u00e4\u00dfig platziert sind, und erzielen Sie den gew\u00fcnschten Effekt<\/p>\n<ul>\n<li> Wiederverwendbar<\/li>\n<li> Nat\u00fcrlicher Sprung<\/li>\n<li> Weiche Kanten<\/li>\n<li> Komfortabel<\/li>\n<\/ul>\n","protected":false},"excerpt":{"rendered":"<p>Die Bye Bra Mineral\u00f6l-Pads bieten einen nat\u00fcrlich aussehenden Push-up-Effekt und passen in die meisten BHs. Aufgrund der K\u00f6rperw\u00e4rme formen sich die \u00d6lpads in Richtung Ihrer eigenen nat\u00fcrlichen Form und sorgen f\u00fcr den perfekten Sprung Anleitung Tragen Sie die Tsch\u00fcss-BH-Mineral\u00f6l-Push-up-Anzeigen unter <a href=\"https:\/\/sex60.de\/shop\/produkt\/bye-bra-mineraloel-push-up-pads-a-b\/\"> Read more&#8230;<\/a><\/p>\n","protected":false},"featured_media":141577,"comment_status":"closed","ping_status":"open","template":"","meta":[],"product_brand":[],"product_cat":[1104,1106,1105,1103],"product_tag":[],"class_list":{"0":"post-141576","1":"product","2":"type-product","3":"status-publish","4":"has-post-thumbnail","6":"product_cat-dessous-fuer-damen","7":"product_cat-laessige-tagesunterwaesche","8":"product_cat-sexy-dessous","9":"product_cat-unterwaesche","11":"first","12":"instock","13":"taxable","14":"shipping-taxable","15":"purchasable","16":"product-type-simple"},"_links":{"self":[{"href":"https:\/\/sex60.de\/shop\/wp-json\/wp\/v2\/product\/141576","targetHints":{"allow":["GET"]}}],"collection":[{"href":"https:\/\/sex60.de\/shop\/wp-json\/wp\/v2\/product"}],"about":[{"href":"https:\/\/sex60.de\/shop\/wp-json\/wp\/v2\/types\/product"}],"replies":[{"embeddable":true,"href":"https:\/\/sex60.de\/shop\/wp-json\/wp\/v2\/comments?post=141576"}],"wp:featuredmedia":[{"embeddable":true,"href":"https:\/\/sex60.de\/shop\/wp-json\/wp\/v2\/media\/141577"}],"wp:attachment":[{"href":"https:\/\/sex60.de\/shop\/wp-json\/wp\/v2\/media?parent=141576"}],"wp:term":[{"taxonomy":"product_brand","embeddable":true,"href":"https:\/\/sex60.de\/shop\/wp-json\/wp\/v2\/product_brand?post=141576"},{"taxonomy":"product_cat","embeddable":true,"href":"https:\/\/sex60.de\/shop\/wp-json\/wp\/v2\/product_cat?post=141576"},{"taxonomy":"product_tag","embeddable":true,"href":"https:\/\/sex60.de\/shop\/wp-json\/wp\/v2\/product_tag?post=141576"}],"curies":[{"name":"wp","href":"https:\/\/api.w.org\/{rel}","templated":true}]}}