{"id":146332,"date":"2025-01-13T00:22:18","date_gmt":"2025-01-12T23:22:18","guid":{"rendered":"https:\/\/sex60.de\/shop\/produkt\/obsessive-brasica-korsett-m-l\/"},"modified":"2025-01-13T00:22:18","modified_gmt":"2025-01-12T23:22:18","slug":"obsessive-brasica-korsett-m-l","status":"publish","type":"product","link":"https:\/\/sex60.de\/shop\/produkt\/obsessive-brasica-korsett-m-l\/","title":{"rendered":"OBSESSIVE &#8211; BRASICA KORSETT M\/L"},"content":{"rendered":"<p>Dieses wundersame Korsett wird (nicht nur) Ihr Herz stehlen!<\/p>\n<p> Perfekt betonte Oberweite, sch\u00f6ner Schnitt, passendes H\u00f6schen. Ros\u00e9goldene Details, ein Schmuckverschluss im Nacken und ein abnehmbarer Riemen zwischen den Br\u00fcsten ? all diese Elemente vereinen sich zu einem absolut makellosen Verf\u00fchrungsaccessoire, ganz so, wie Sie es m\u00f6gen ?<\/p>\n<\/p>\n<p> N\u00e4heres erfahren:<\/p>\n<p> &#8211; Das Set enth\u00e4lt ein Korsett und einen Slip<\/p>\n<p> &#8211; B\u00fcgel-Cups<\/p>\n<p> &#8211; verstellbare Tr\u00e4ger und Strapse ? angenehm zu tragen<\/p>\n<p> &#8211; Choker wird hinten mit einer Schmuckkette befestigt<\/p>\n<p> &#8211; Der Chokerriemen zwischen den Br\u00fcsten und der Metallring sind abnehmbar ? Sie entscheiden, wie Sie ihn tragen<\/p>\n<p> &#8211; weicher Stoff ? angenehm zu tragen (90 % Polyamid, 10 % Elasthan)<\/p>\n<\/p>\n<p> Obsessiv bedeutet Inspiration f\u00fcr Frauen. Eleganz, Sinnlichkeit, Stickereiliebe &#8230; Beste Stoffe und beste Stickereien, um einzigartige Dessous zu kreieren. Jahrelange Arbeit, um das beste Verh\u00e4ltnis zwischen Qualit\u00e4t und Preis zu erreichen.<\/p>\n<p> Weltmarktf\u00fchrer in Dessous! Keiner macht es besser! <\/p>\n<p><img decoding=\"async\" src=\"https:\/\/interno.dreamlove.es\/UserFiles\/images\/SIZE%20CHART%20OBSESSIVE.jpg\" style=\"width: 900px; height: 900px; float: center;\" \/><\/p>\n","protected":false},"excerpt":{"rendered":"<p>Dieses wundersame Korsett wird (nicht nur) Ihr Herz stehlen! Perfekt betonte Oberweite, sch\u00f6ner Schnitt, passendes H\u00f6schen. Ros\u00e9goldene Details, ein Schmuckverschluss im Nacken und ein abnehmbarer Riemen zwischen den Br\u00fcsten ? all diese Elemente vereinen sich zu einem absolut makellosen Verf\u00fchrungsaccessoire, <a href=\"https:\/\/sex60.de\/shop\/produkt\/obsessive-brasica-korsett-m-l\/\"> Read more&#8230;<\/a><\/p>\n","protected":false},"featured_media":146333,"comment_status":"closed","ping_status":"open","template":"","meta":[],"product_brand":[],"product_cat":[1104,1109,1105,1103],"product_tag":[],"class_list":{"0":"post-146332","1":"product","2":"type-product","3":"status-publish","4":"has-post-thumbnail","6":"product_cat-dessous-fuer-damen","7":"product_cat-nacht-kleidung","8":"product_cat-sexy-dessous","9":"product_cat-unterwaesche","11":"first","12":"instock","13":"taxable","14":"shipping-taxable","15":"purchasable","16":"product-type-simple"},"_links":{"self":[{"href":"https:\/\/sex60.de\/shop\/wp-json\/wp\/v2\/product\/146332","targetHints":{"allow":["GET"]}}],"collection":[{"href":"https:\/\/sex60.de\/shop\/wp-json\/wp\/v2\/product"}],"about":[{"href":"https:\/\/sex60.de\/shop\/wp-json\/wp\/v2\/types\/product"}],"replies":[{"embeddable":true,"href":"https:\/\/sex60.de\/shop\/wp-json\/wp\/v2\/comments?post=146332"}],"wp:featuredmedia":[{"embeddable":true,"href":"https:\/\/sex60.de\/shop\/wp-json\/wp\/v2\/media\/146333"}],"wp:attachment":[{"href":"https:\/\/sex60.de\/shop\/wp-json\/wp\/v2\/media?parent=146332"}],"wp:term":[{"taxonomy":"product_brand","embeddable":true,"href":"https:\/\/sex60.de\/shop\/wp-json\/wp\/v2\/product_brand?post=146332"},{"taxonomy":"product_cat","embeddable":true,"href":"https:\/\/sex60.de\/shop\/wp-json\/wp\/v2\/product_cat?post=146332"},{"taxonomy":"product_tag","embeddable":true,"href":"https:\/\/sex60.de\/shop\/wp-json\/wp\/v2\/product_tag?post=146332"}],"curies":[{"name":"wp","href":"https:\/\/api.w.org\/{rel}","templated":true}]}}