{"id":151050,"date":"2025-01-13T03:35:31","date_gmt":"2025-01-13T02:35:31","guid":{"rendered":"https:\/\/sex60.de\/shop\/produkt\/cut4men-brasilianischer-slip-neon-pink-m\/"},"modified":"2025-01-13T03:35:31","modified_gmt":"2025-01-13T02:35:31","slug":"cut4men-brasilianischer-slip-neon-pink-m","status":"publish","type":"product","link":"https:\/\/sex60.de\/shop\/produkt\/cut4men-brasilianischer-slip-neon-pink-m\/","title":{"rendered":"CUT4MEN &#8211; BRASILIANISCHER SLIP NEON PINK M"},"content":{"rendered":"<p>El corte de esta prenda ist unverkennbar.<\/p>\n<p> Der Brief von Cut4men ist ein Hibrido zwischen einem Tanga und einem Slip, der beneidenswert aussieht. Esta ropa interior para hombre de dise\u00f1o \u00fanico y original te ofrece lo mejor de dos mundos. La parte trasera ofrece un corte que deja poco a la imaginaci\u00f3n, mientras que la bolsa delantera te ofrece un soporte inmejorable gracias a su dise\u00f1o ergon\u00f3mico.<\/p>\n<p> Existe en una amplia gama de colores, lisos e impresos, as\u00ed que puedes estar seguro de encontrar el estilo ideal para ti. Der Cut4men-Schnitt ist aus einem extrem elastischen, weichen und elastischen Material gefertigt, das aus 93 % Polyester und 7 % Elastan besteht.<\/p>\n<p> Sin lugar a duda, una de las prendas mas sexys del mercado.<\/p>\n<ul>\n<li> Uso : Ocasiones especiales.Noches rom\u00e1nticas. Verwende Tagebuch.<\/li>\n<li> Zusammensetzung: 93 % Polyester und 7 % Elastano.<\/li>\n<li> Presentaci\u00f3n en caja<\/li>\n<li> AJUSTE PERFECTO Da igual tu figura, se adapta a tu cuerpo como una segunda piel<\/li>\n<li> SUAVES COSTURAS Te sientes c\u00f3modo siempre y en cada detalle<\/li>\n<li> DISE\u00d1O \u00daNICO Y ORIGINAL H\u00edbrido zwischen Tanga und Bikini, der unwiderstehlich ist und sexy und beneidenswert aussieht<\/li>\n<li> COLORES Y PATRONES LLAMATIVOS Expresa tu personalidad y atr\u00e9vete a mostrarte<\/li>\n<\/ul>\n<p> Con c\u00f3modos tejidos y una est\u00e9tica elegante, cada pieza est\u00e1 construida con comodidad y estilo. En CUT4MEN, nuestra apuesta es conocer a nuestros clientes, ofreci\u00e9ndoles las prendas clave para resaltar su personalidad y mejorar su actitud, invit\u00e1ndoles a crear un estilo \u00fanico, original y actualizado que se mezcle con las ultimas tendencias en el mundo de la moda.<\/p>\n<p> Cut4Men ist die neue Gr\u00fcndung der Sch\u00f6pfer von Joe Snyder, eine engagierte Empresa f\u00fcr die Produktion und die Gestaltung von Innen- und Freizeitkleidung f\u00fcr M\u00e4nner, mit mehr als 40 Jahren Erfahrung in nationalen und internationalen M\u00e4rkten. <\/p>\n<p style=\"text-align: center;\"><img decoding=\"async\" alt=\"\" src=\"https:\/\/interno.dreamlove.es\/UserFiles\/images\/sze%20chart%20cut4men.jpg\" style=\"width: 802px; height: 399px;\" \/><\/p>\n","protected":false},"excerpt":{"rendered":"<p>El corte de esta prenda ist unverkennbar. Der Brief von Cut4men ist ein Hibrido zwischen einem Tanga und einem Slip, der beneidenswert aussieht. Esta ropa interior para hombre de dise\u00f1o \u00fanico y original te ofrece lo mejor de dos mundos. <a href=\"https:\/\/sex60.de\/shop\/produkt\/cut4men-brasilianischer-slip-neon-pink-m\/\"> Read more&#8230;<\/a><\/p>\n","protected":false},"featured_media":151051,"comment_status":"closed","ping_status":"open","template":"","meta":[],"product_brand":[],"product_cat":[1274,1171,1103],"product_tag":[],"class_list":{"0":"post-151050","1":"product","2":"type-product","3":"status-publish","4":"has-post-thumbnail","6":"product_cat-lenceria-masculina-sexy","7":"product_cat-maenner-dessous","8":"product_cat-unterwaesche","10":"first","11":"instock","12":"taxable","13":"shipping-taxable","14":"purchasable","15":"product-type-simple"},"_links":{"self":[{"href":"https:\/\/sex60.de\/shop\/wp-json\/wp\/v2\/product\/151050","targetHints":{"allow":["GET"]}}],"collection":[{"href":"https:\/\/sex60.de\/shop\/wp-json\/wp\/v2\/product"}],"about":[{"href":"https:\/\/sex60.de\/shop\/wp-json\/wp\/v2\/types\/product"}],"replies":[{"embeddable":true,"href":"https:\/\/sex60.de\/shop\/wp-json\/wp\/v2\/comments?post=151050"}],"wp:featuredmedia":[{"embeddable":true,"href":"https:\/\/sex60.de\/shop\/wp-json\/wp\/v2\/media\/151051"}],"wp:attachment":[{"href":"https:\/\/sex60.de\/shop\/wp-json\/wp\/v2\/media?parent=151050"}],"wp:term":[{"taxonomy":"product_brand","embeddable":true,"href":"https:\/\/sex60.de\/shop\/wp-json\/wp\/v2\/product_brand?post=151050"},{"taxonomy":"product_cat","embeddable":true,"href":"https:\/\/sex60.de\/shop\/wp-json\/wp\/v2\/product_cat?post=151050"},{"taxonomy":"product_tag","embeddable":true,"href":"https:\/\/sex60.de\/shop\/wp-json\/wp\/v2\/product_tag?post=151050"}],"curies":[{"name":"wp","href":"https:\/\/api.w.org\/{rel}","templated":true}]}}