{"id":153029,"date":"2025-01-13T04:59:42","date_gmt":"2025-01-13T03:59:42","guid":{"rendered":"https:\/\/sex60.de\/shop\/produkt\/anais-herren-balance-jock-strap-m\/"},"modified":"2025-01-13T04:59:43","modified_gmt":"2025-01-13T03:59:43","slug":"anais-herren-balance-jock-strap-m","status":"publish","type":"product","link":"https:\/\/sex60.de\/shop\/produkt\/anais-herren-balance-jock-strap-m\/","title":{"rendered":"ANAIS HERREN &#8211; BALANCE JOCK STRAP M"},"content":{"rendered":"<p><strong>GLEICHGEWICHT<\/strong><br \/> Weiche Mikrofaser mit sch\u00f6nem Druck in schwarz, grau und wei\u00df kariert<\/p>\n<p> <strong>Merkmale<\/strong><\/p>\n<ul>\n<li> scharf geschnittener Tanga<\/li>\n<li> aus hochwertigem Material<\/li>\n<li> perfekte Anpassung an den K\u00f6rper<\/li>\n<li> spielerisch freiz\u00fcgiges m\u00e4nnliches Ges\u00e4\u00df mit kr\u00e4ftigem Schnitt<\/li>\n<\/ul>\n<p> <strong>Komposition<\/strong><\/p>\n<div>\n<ul>\n<li> 95 % Polyamid<\/li>\n<li> 5 % Elasthan<\/li>\n<\/ul>\n<p> Anais Apparel die sexy Dessous der Welt seit 2003. <\/p>\n<\/div>\n<div>\n<table border=\"0\" cellpadding=\"0\" cellspacing=\"0\" style=\"border-collapse:\" width=\"832\" width:=\"\">\n<tbody>\n<tr height=\"23\" style=\"height:\">\n<td class=\"xl72\" colspan=\"8\" height=\"23\" style=\"height:\" width=\"832\" width:=\"\"> <strong>GR\u00d6SSENTABELLE<\/strong><\/td>\n<\/tr>\n<tr height=\"23\" style=\"height:\">\n<td class=\"xl73\" colspan=\"2\" height=\"23\" style=\"height:\"> Gr\u00f6\u00dfe<\/td>\n<td border-left:=\"class=xl71\" style=\"border-top:\" width=\"104\" width:=\"\"> S<\/td>\n<td border-left:=\"class=xl71\" style=\"border-top:\" width=\"104\" width:=\"\"> M<\/td>\n<td border-left:=\"class=xl71\" style=\"border-top:\" width=\"104\" width:=\"\"> L<\/td>\n<td border-left:=\"class=xl71\" style=\"border-top:\" width=\"104\" width:=\"\"> XL<\/td>\n<td border-left:=\"class=xl71\" style=\"border-top:\" width=\"104\" width:=\"\"> 2XL<\/td>\n<td border-left:=\"class=xl71\" style=\"border-top:\" width=\"104\" width:=\"\"> 3XL <\/td>\n<\/tr>\n<tr height=\"23\" style=\"height:\">\n<td class=\"xl74\" colspan=\"2\" height=\"23\" style=\"height:\" width=\"208\" width:=\"\"> Taille in cm<\/td>\n<td border-left:=\"class=xl72\" style=\"border-top:\" width=\"104\" width:=\"\"> 75-80<\/td>\n<td border-left:=\"class=xl72\" style=\"border-top:\" width=\"104\" width:=\"\"> 81-88<\/td>\n<td border-left:=\"class=xl71\" style=\"border-top:\" width=\"104\" width:=\"\"> 89-97<\/td>\n<td border-left:=\"class=xl71\" style=\"border-top:\" width=\"104\" width:=\"\"> 98-106<\/td>\n<td border-left:=\"class=xl71\" style=\"border-top:\" width=\"104\" width:=\"\"> 107-116<\/td>\n<td border-left:=\"class=xl71\" style=\"border-top:\" width=\"104\" width:=\"\"> 117-125<\/td>\n<\/tr>\n<\/tbody>\n<\/table>\n<\/div>\n<p> <strong>ANAIS, EINE DESSOUS F\u00dcR JEDEN SEXUELLEN GESCHMACK.<\/strong><\/p>\n<p> Nach der Einf\u00fchrung von ANAIS Dessous f\u00fcr Damen im Jahr 2016 wurde einige Jahre sp\u00e4ter, im Jahr 2021, die Marke ANAIS FOR MEN erfunden, um eine andere Marktnische zu bedienen. Die Eigent\u00fcmer des Familienunternehmens beschlossen, ANAIS zu lancieren und es zu einer Marke zu machen, die offener f\u00fcr Zielgruppen unterschiedlichen Alters und sexueller Vorlieben ist.<\/p>\n<p> Mit dem Start dieser Marke startete ANAIS richtig durch und verdoppelte seine Popularit\u00e4t jedes Jahr.<\/p>\n<p> Die St\u00e4rke liegt auch hier darin, dass die Marke in Europa kreiert und hergestellt wird, unter Verwendung der besten europ\u00e4ischen Textilien, aber anders hergestellt.<\/p>\n<p> Diese Marke wurde ausgefallener, sexier, wilder und wurde so nicht nur zu einer Marke f\u00fcr eine allgemein j\u00fcngere Altersgruppe, sondern auch zu einer Marke f\u00fcr gro\u00dfe Partys, die M\u00e4nner und Frauen einkleidet! Frauen aus ganz Europa.<\/p>\n<p> Aber alles wird immer noch in Polen hergestellt und hergestellt, von hoher Qualit\u00e4t, die die Qualit\u00e4t jedes Produkts vor dem Versand durch eine Qualit\u00e4tsabteilung \u00fcberpr\u00fcft.<\/p>\n<p> Als Folge des Erfolgs von ANAIS w\u00e4chst die Marke weiter, kreiert neue Kollektionen f\u00fcr M\u00e4nner und entwickelt eine gro\u00dfe Vielfalt. Mit einem w\u00fcrzigen und sexy Stil wurde ANAIS FOR MEN von der Community mit offenen Armen empfangen und ist heute eine Referenzmarke in der Mode, haupts\u00e4chlich f\u00fcr heterosexuelle M\u00e4nner, die auf ihr Image achten, und schwule M\u00e4nner aus der ganzen Welt.<\/p>\n","protected":false},"excerpt":{"rendered":"<p>GLEICHGEWICHT Weiche Mikrofaser mit sch\u00f6nem Druck in schwarz, grau und wei\u00df kariert Merkmale scharf geschnittener Tanga aus hochwertigem Material perfekte Anpassung an den K\u00f6rper spielerisch freiz\u00fcgiges m\u00e4nnliches Ges\u00e4\u00df mit kr\u00e4ftigem Schnitt Komposition 95 % Polyamid 5 % Elasthan Anais Apparel <a href=\"https:\/\/sex60.de\/shop\/produkt\/anais-herren-balance-jock-strap-m\/\"> Read more&#8230;<\/a><\/p>\n","protected":false},"featured_media":153030,"comment_status":"closed","ping_status":"open","template":"","meta":[],"product_brand":[],"product_cat":[1276,1274,1171,1103],"product_tag":[],"class_list":{"0":"post-153029","1":"product","2":"type-product","3":"status-publish","4":"has-post-thumbnail","6":"product_cat-jockstraps","7":"product_cat-lenceria-masculina-sexy","8":"product_cat-maenner-dessous","9":"product_cat-unterwaesche","11":"first","12":"instock","13":"taxable","14":"shipping-taxable","15":"purchasable","16":"product-type-simple"},"_links":{"self":[{"href":"https:\/\/sex60.de\/shop\/wp-json\/wp\/v2\/product\/153029","targetHints":{"allow":["GET"]}}],"collection":[{"href":"https:\/\/sex60.de\/shop\/wp-json\/wp\/v2\/product"}],"about":[{"href":"https:\/\/sex60.de\/shop\/wp-json\/wp\/v2\/types\/product"}],"replies":[{"embeddable":true,"href":"https:\/\/sex60.de\/shop\/wp-json\/wp\/v2\/comments?post=153029"}],"wp:featuredmedia":[{"embeddable":true,"href":"https:\/\/sex60.de\/shop\/wp-json\/wp\/v2\/media\/153030"}],"wp:attachment":[{"href":"https:\/\/sex60.de\/shop\/wp-json\/wp\/v2\/media?parent=153029"}],"wp:term":[{"taxonomy":"product_brand","embeddable":true,"href":"https:\/\/sex60.de\/shop\/wp-json\/wp\/v2\/product_brand?post=153029"},{"taxonomy":"product_cat","embeddable":true,"href":"https:\/\/sex60.de\/shop\/wp-json\/wp\/v2\/product_cat?post=153029"},{"taxonomy":"product_tag","embeddable":true,"href":"https:\/\/sex60.de\/shop\/wp-json\/wp\/v2\/product_tag?post=153029"}],"curies":[{"name":"wp","href":"https:\/\/api.w.org\/{rel}","templated":true}]}}